{"id":19597,"date":"2025-06-24T16:13:47","date_gmt":"2025-06-24T14:13:47","guid":{"rendered":"https:\/\/www.haysondeco.com\/panneaux-japonais\/"},"modified":"2025-09-24T12:40:10","modified_gmt":"2025-09-24T11:40:10","slug":"japanese-panels","status":"publish","type":"page","link":"https:\/\/www.haysondeco.com\/en\/japanese-panels\/","title":{"rendered":"Japanese panels"},"content":{"rendered":"\t\t<div data-elementor-type=\"wp-page\" data-elementor-id=\"19597\" class=\"elementor elementor-19597\">\n\t\t\t\t<div class=\"elementor-element elementor-element-c1bb39c e-flex e-con-boxed e-con e-parent\" data-id=\"c1bb39c\" data-element_type=\"container\">\n\t\t\t\t\t<div class=\"e-con-inner\">\n\t\t<div class=\"elementor-element elementor-element-10cfa5e e-con-full e-flex e-con e-child\" data-id=\"10cfa5e\" data-element_type=\"container\">\n\t\t\t\t<div class=\"elementor-element elementor-element-eae6e47 elementor-widget elementor-widget-heading\" data-id=\"eae6e47\" data-element_type=\"widget\" data-widget_type=\"heading.default\">\n\t\t\t\t<div class=\"elementor-widget-container\">\n\t\t\t\t\t<h2 class=\"elementor-heading-title elementor-size-default\">clean style and practical solutions<\/h2>\t\t\t\t<\/div>\n\t\t\t\t<\/div>\n\t\t\t\t<div class=\"elementor-element elementor-element-fb66b80 elementor-widget__width-initial elementor-widget elementor-widget-text-editor\" data-id=\"fb66b80\" data-element_type=\"widget\" data-widget_type=\"text-editor.default\">\n\t\t\t\t<div class=\"elementor-widget-container\">\n\t\t\t\t\t\t\t\t\t<p>Japanese panels are an excellent option for enhancing large bay windows or elegantly structuring a space. At Hayson D\u00e9co, we offer custom-made Japanese panels, crafted with quality fabrics and available in a wide range of colors to suit any interior style.<\/p><p>Thanks to their smooth sliding system, these panels are easy to handle and allow you to adjust the light according to your desires. Whether creating an elegant separation between two rooms or dressing large openings with a simple, contemporary style, Japanese panels offer a look that is both practical and refined.<\/p><p>Modular, customizable, and perfectly suited to modern interiors, Hayson Japanese panels combine functionality and aesthetics, always with the quality of custom work in Tunisia.<\/p>\t\t\t\t\t\t\t\t<\/div>\n\t\t\t\t<\/div>\n\t\t\t\t<\/div>\n\t\t\t\t\t<\/div>\n\t\t\t\t<\/div>\n\t\t<div class=\"elementor-element elementor-element-0160c24 e-flex e-con-boxed e-con e-parent\" data-id=\"0160c24\" data-element_type=\"container\">\n\t\t\t\t\t<div class=\"e-con-inner\">\n\t\t\t\t<div class=\"elementor-element elementor-element-fdc4d13 elementor-arrows-position-inside elementor-pagination-position-outside elementor-widget elementor-widget-image-carousel\" data-id=\"fdc4d13\" data-element_type=\"widget\" data-settings=\"{&quot;slides_to_show&quot;:&quot;4&quot;,&quot;slides_to_scroll&quot;:&quot;4&quot;,&quot;autoplay_speed&quot;:6000,&quot;speed&quot;:1500,&quot;navigation&quot;:&quot;both&quot;,&quot;autoplay&quot;:&quot;yes&quot;,&quot;pause_on_hover&quot;:&quot;yes&quot;,&quot;pause_on_interaction&quot;:&quot;yes&quot;,&quot;infinite&quot;:&quot;yes&quot;}\" data-widget_type=\"image-carousel.default\">\n\t\t\t\t<div class=\"elementor-widget-container\">\n\t\t\t\t\t\t\t<div class=\"elementor-image-carousel-wrapper swiper\" role=\"region\" aria-roledescription=\"carousel\" aria-label=\"Carrousel d\u2019images\" dir=\"ltr\">\n\t\t\t<div class=\"elementor-image-carousel swiper-wrapper\" aria-live=\"off\">\n\t\t\t\t\t\t\t\t<div class=\"swiper-slide\" role=\"group\" aria-roledescription=\"slide\" aria-label=\"1 of 3\"><figure class=\"swiper-slide-inner\"><img decoding=\"async\" class=\"swiper-slide-image\" src=\"https:\/\/www.haysondeco.com\/wp-content\/uploads\/2025\/07\/pa1.jpg\" alt=\"Panneaux japonais Tunisie\" \/><\/figure><\/div><div class=\"swiper-slide\" role=\"group\" aria-roledescription=\"slide\" aria-label=\"2 of 3\"><figure class=\"swiper-slide-inner\"><img decoding=\"async\" class=\"swiper-slide-image\" src=\"https:\/\/www.haysondeco.com\/wp-content\/uploads\/2025\/07\/pa2.jpg\" alt=\"Panneaux japonais\" \/><\/figure><\/div><div class=\"swiper-slide\" role=\"group\" aria-roledescription=\"slide\" aria-label=\"3 of 3\"><figure class=\"swiper-slide-inner\"><img decoding=\"async\" class=\"swiper-slide-image\" src=\"https:\/\/www.haysondeco.com\/wp-content\/uploads\/2025\/07\/pa3.jpg\" alt=\"Japanese panels Tunisia\" \/><\/figure><\/div>\t\t\t<\/div>\n\t\t\t\t\t\t\t\t\t\t\t\t<div class=\"elementor-swiper-button elementor-swiper-button-prev\" role=\"button\" tabindex=\"0\">\n\t\t\t\t\t\t<svg aria-hidden=\"true\" class=\"e-font-icon-svg e-eicon-chevron-left\" viewBox=\"0 0 1000 1000\" xmlns=\"http:\/\/www.w3.org\/2000\/svg\"><path d=\"M646 125C629 125 613 133 604 142L308 442C296 454 292 471 292 487 292 504 296 521 308 533L604 854C617 867 629 875 646 875 663 875 679 871 692 858 704 846 713 829 713 812 713 796 708 779 692 767L438 487 692 225C700 217 708 204 708 187 708 171 704 154 692 142 675 129 663 125 646 125Z\"><\/path><\/svg>\t\t\t\t\t<\/div>\n\t\t\t\t\t<div class=\"elementor-swiper-button elementor-swiper-button-next\" role=\"button\" tabindex=\"0\">\n\t\t\t\t\t\t<svg aria-hidden=\"true\" class=\"e-font-icon-svg e-eicon-chevron-right\" viewBox=\"0 0 1000 1000\" xmlns=\"http:\/\/www.w3.org\/2000\/svg\"><path d=\"M696 533C708 521 713 504 713 487 713 471 708 454 696 446L400 146C388 133 375 125 354 125 338 125 325 129 313 142 300 154 292 171 292 187 292 204 296 221 308 233L563 492 304 771C292 783 288 800 288 817 288 833 296 850 308 863 321 871 338 875 354 875 371 875 388 867 400 854L696 533Z\"><\/path><\/svg>\t\t\t\t\t<\/div>\n\t\t\t\t\n\t\t\t\t\t\t\t\t\t<div class=\"swiper-pagination\"><\/div>\n\t\t\t\t\t\t\t\t\t<\/div>\n\t\t\t\t\t\t<\/div>\n\t\t\t\t<\/div>\n\t\t\t\t\t<\/div>\n\t\t\t\t<\/div>\n\t\t\t\t<\/div>\n\t\t","protected":false},"excerpt":{"rendered":"<p>clean style and practical solutions Japanese panels are an excellent option for enhancing large bay windows or elegantly structuring a space. At Hayson D\u00e9co, we offer custom-made Japanese panels, crafted with quality fabrics and available in a wide range of colors to suit any interior style. Thanks to their smooth sliding system, these panels are &hellip; <br \/><a href=\"https:\/\/www.haysondeco.com\/en\/japanese-panels\/\" class=\"more-link\">Continue reading <span class=\"screen-reader-text\">Japanese panels<\/span><\/a><\/p>\n","protected":false},"author":1,"featured_media":0,"parent":0,"menu_order":0,"comment_status":"closed","ping_status":"closed","template":"","meta":{"_acf_changed":false,"inline_featured_image":false,"_joinchat":[],"footnotes":""},"class_list":["post-19597","page","type-page","status-publish","hentry"],"acf":[],"yoast_head":"<!-- This site is optimized with the Yoast SEO plugin v26.0 - https:\/\/yoast.com\/wordpress\/plugins\/seo\/ -->\n<title>Japanese panels Tunisia | Hayson Deco custom-made blinds<\/title>\n<meta name=\"description\" content=\"Elegant and practical Japanese panels in Tunisia. Custom-made blinds, modern style, and quality fabrics for your interiors.\" \/>\n<meta name=\"robots\" content=\"index, follow, max-snippet:-1, max-image-preview:large, max-video-preview:-1\" \/>\n<link rel=\"canonical\" href=\"https:\/\/www.haysondeco.com\/en\/panneaux-japonais\/\" \/>\n<meta property=\"og:locale\" content=\"en_US\" \/>\n<meta property=\"og:type\" content=\"article\" \/>\n<meta property=\"og:title\" content=\"Japanese panels Tunisia | Hayson Deco custom-made blinds\" \/>\n<meta property=\"og:description\" content=\"Elegant and practical Japanese panels in Tunisia. Custom-made blinds, modern style, and quality fabrics for your interiors.\" \/>\n<meta property=\"og:url\" content=\"https:\/\/www.haysondeco.com\/panneaux-japonais\/\" \/>\n<meta property=\"og:site_name\" content=\"Hayson Deco Tunisie\" \/>\n<meta property=\"article:publisher\" content=\"https:\/\/www.facebook.com\/HaysonDeco\" \/>\n<meta property=\"article:modified_time\" content=\"2025-09-24T11:40:10+00:00\" \/>\n<meta property=\"og:image\" content=\"https:\/\/www.haysondeco.com\/wp-content\/uploads\/2025\/07\/pa1.jpg\" \/>\n<meta name=\"twitter:card\" content=\"summary_large_image\" \/>\n<meta name=\"twitter:label1\" content=\"Est. reading time\" \/>\n\t<meta name=\"twitter:data1\" content=\"2 minutes\" \/>\n<script type=\"application\/ld+json\" class=\"yoast-schema-graph\">{\"@context\":\"https:\/\/schema.org\",\"@graph\":[{\"@type\":\"WebPage\",\"@id\":\"https:\/\/www.haysondeco.com\/panneaux-japonais\/\",\"url\":\"https:\/\/www.haysondeco.com\/panneaux-japonais\/\",\"name\":\"Japanese panels Tunisia | Hayson Deco custom-made blinds\",\"isPartOf\":{\"@id\":\"https:\/\/www.haysondeco.com\/#website\"},\"primaryImageOfPage\":{\"@id\":\"https:\/\/www.haysondeco.com\/panneaux-japonais\/#primaryimage\"},\"image\":{\"@id\":\"https:\/\/www.haysondeco.com\/panneaux-japonais\/#primaryimage\"},\"thumbnailUrl\":\"https:\/\/www.haysondeco.com\/wp-content\/uploads\/2025\/07\/pa1.jpg\",\"datePublished\":\"2025-06-24T14:13:47+00:00\",\"dateModified\":\"2025-09-24T11:40:10+00:00\",\"description\":\"Elegant and practical Japanese panels in Tunisia. Custom-made blinds, modern style, and quality fabrics for your interiors.\",\"breadcrumb\":{\"@id\":\"https:\/\/www.haysondeco.com\/panneaux-japonais\/#breadcrumb\"},\"inLanguage\":\"en-US\",\"potentialAction\":[{\"@type\":\"ReadAction\",\"target\":[\"https:\/\/www.haysondeco.com\/panneaux-japonais\/\"]}]},{\"@type\":\"ImageObject\",\"inLanguage\":\"en-US\",\"@id\":\"https:\/\/www.haysondeco.com\/panneaux-japonais\/#primaryimage\",\"url\":\"https:\/\/www.haysondeco.com\/wp-content\/uploads\/2025\/07\/pa1.jpg\",\"contentUrl\":\"https:\/\/www.haysondeco.com\/wp-content\/uploads\/2025\/07\/pa1.jpg\"},{\"@type\":\"BreadcrumbList\",\"@id\":\"https:\/\/www.haysondeco.com\/panneaux-japonais\/#breadcrumb\",\"itemListElement\":[{\"@type\":\"ListItem\",\"position\":1,\"name\":\"Accueil\",\"item\":\"https:\/\/www.haysondeco.com\/en\/\"},{\"@type\":\"ListItem\",\"position\":2,\"name\":\"Japanese panels\"}]},{\"@type\":\"WebSite\",\"@id\":\"https:\/\/www.haysondeco.com\/#website\",\"url\":\"https:\/\/www.haysondeco.com\/\",\"name\":\"Hayson Deco Tunisie\",\"description\":\"Confection sur mesure, conseil d\u00e9co et mat\u00e9riaux de qualit\u00e9\",\"publisher\":{\"@id\":\"https:\/\/www.haysondeco.com\/#organization\"},\"potentialAction\":[{\"@type\":\"SearchAction\",\"target\":{\"@type\":\"EntryPoint\",\"urlTemplate\":\"https:\/\/www.haysondeco.com\/?s={search_term_string}\"},\"query-input\":{\"@type\":\"PropertyValueSpecification\",\"valueRequired\":true,\"valueName\":\"search_term_string\"}}],\"inLanguage\":\"en-US\"},{\"@type\":\"Organization\",\"@id\":\"https:\/\/www.haysondeco.com\/#organization\",\"name\":\"Hayson Deco Tunisie\",\"url\":\"https:\/\/www.haysondeco.com\/\",\"logo\":{\"@type\":\"ImageObject\",\"inLanguage\":\"en-US\",\"@id\":\"https:\/\/www.haysondeco.com\/#\/schema\/logo\/image\/\",\"url\":\"https:\/\/www.haysondeco.com\/wp-content\/uploads\/2023\/11\/logo-hayson.png\",\"contentUrl\":\"https:\/\/www.haysondeco.com\/wp-content\/uploads\/2023\/11\/logo-hayson.png\",\"width\":151,\"height\":34,\"caption\":\"Hayson Deco Tunisie\"},\"image\":{\"@id\":\"https:\/\/www.haysondeco.com\/#\/schema\/logo\/image\/\"},\"sameAs\":[\"https:\/\/www.facebook.com\/HaysonDeco\",\"https:\/\/www.instagram.com\/hayson_deco\/?hl=fr\"]}]}<\/script>\n<!-- \/ Yoast SEO plugin. -->","yoast_head_json":{"title":"Japanese panels Tunisia | Hayson Deco custom-made blinds","description":"Elegant and practical Japanese panels in Tunisia. Custom-made blinds, modern style, and quality fabrics for your interiors.","robots":{"index":"index","follow":"follow","max-snippet":"max-snippet:-1","max-image-preview":"max-image-preview:large","max-video-preview":"max-video-preview:-1"},"canonical":"https:\/\/www.haysondeco.com\/en\/panneaux-japonais\/","og_locale":"en_US","og_type":"article","og_title":"Japanese panels Tunisia | Hayson Deco custom-made blinds","og_description":"Elegant and practical Japanese panels in Tunisia. Custom-made blinds, modern style, and quality fabrics for your interiors.","og_url":"https:\/\/www.haysondeco.com\/panneaux-japonais\/","og_site_name":"Hayson Deco Tunisie","article_publisher":"https:\/\/www.facebook.com\/HaysonDeco","article_modified_time":"2025-09-24T11:40:10+00:00","og_image":[{"url":"https:\/\/www.haysondeco.com\/wp-content\/uploads\/2025\/07\/pa1.jpg","type":"","width":"","height":""}],"twitter_card":"summary_large_image","twitter_misc":{"Est. reading time":"2 minutes"},"schema":{"@context":"https:\/\/schema.org","@graph":[{"@type":"WebPage","@id":"https:\/\/www.haysondeco.com\/panneaux-japonais\/","url":"https:\/\/www.haysondeco.com\/panneaux-japonais\/","name":"Japanese panels Tunisia | Hayson Deco custom-made blinds","isPartOf":{"@id":"https:\/\/www.haysondeco.com\/#website"},"primaryImageOfPage":{"@id":"https:\/\/www.haysondeco.com\/panneaux-japonais\/#primaryimage"},"image":{"@id":"https:\/\/www.haysondeco.com\/panneaux-japonais\/#primaryimage"},"thumbnailUrl":"https:\/\/www.haysondeco.com\/wp-content\/uploads\/2025\/07\/pa1.jpg","datePublished":"2025-06-24T14:13:47+00:00","dateModified":"2025-09-24T11:40:10+00:00","description":"Elegant and practical Japanese panels in Tunisia. Custom-made blinds, modern style, and quality fabrics for your interiors.","breadcrumb":{"@id":"https:\/\/www.haysondeco.com\/panneaux-japonais\/#breadcrumb"},"inLanguage":"en-US","potentialAction":[{"@type":"ReadAction","target":["https:\/\/www.haysondeco.com\/panneaux-japonais\/"]}]},{"@type":"ImageObject","inLanguage":"en-US","@id":"https:\/\/www.haysondeco.com\/panneaux-japonais\/#primaryimage","url":"https:\/\/www.haysondeco.com\/wp-content\/uploads\/2025\/07\/pa1.jpg","contentUrl":"https:\/\/www.haysondeco.com\/wp-content\/uploads\/2025\/07\/pa1.jpg"},{"@type":"BreadcrumbList","@id":"https:\/\/www.haysondeco.com\/panneaux-japonais\/#breadcrumb","itemListElement":[{"@type":"ListItem","position":1,"name":"Accueil","item":"https:\/\/www.haysondeco.com\/en\/"},{"@type":"ListItem","position":2,"name":"Japanese panels"}]},{"@type":"WebSite","@id":"https:\/\/www.haysondeco.com\/#website","url":"https:\/\/www.haysondeco.com\/","name":"Hayson Deco Tunisie","description":"Confection sur mesure, conseil d\u00e9co et mat\u00e9riaux de qualit\u00e9","publisher":{"@id":"https:\/\/www.haysondeco.com\/#organization"},"potentialAction":[{"@type":"SearchAction","target":{"@type":"EntryPoint","urlTemplate":"https:\/\/www.haysondeco.com\/?s={search_term_string}"},"query-input":{"@type":"PropertyValueSpecification","valueRequired":true,"valueName":"search_term_string"}}],"inLanguage":"en-US"},{"@type":"Organization","@id":"https:\/\/www.haysondeco.com\/#organization","name":"Hayson Deco Tunisie","url":"https:\/\/www.haysondeco.com\/","logo":{"@type":"ImageObject","inLanguage":"en-US","@id":"https:\/\/www.haysondeco.com\/#\/schema\/logo\/image\/","url":"https:\/\/www.haysondeco.com\/wp-content\/uploads\/2023\/11\/logo-hayson.png","contentUrl":"https:\/\/www.haysondeco.com\/wp-content\/uploads\/2023\/11\/logo-hayson.png","width":151,"height":34,"caption":"Hayson Deco Tunisie"},"image":{"@id":"https:\/\/www.haysondeco.com\/#\/schema\/logo\/image\/"},"sameAs":["https:\/\/www.facebook.com\/HaysonDeco","https:\/\/www.instagram.com\/hayson_deco\/?hl=fr"]}]}},"_links":{"self":[{"href":"https:\/\/www.haysondeco.com\/en\/wp-json\/wp\/v2\/pages\/19597","targetHints":{"allow":["GET"]}}],"collection":[{"href":"https:\/\/www.haysondeco.com\/en\/wp-json\/wp\/v2\/pages"}],"about":[{"href":"https:\/\/www.haysondeco.com\/en\/wp-json\/wp\/v2\/types\/page"}],"author":[{"embeddable":true,"href":"https:\/\/www.haysondeco.com\/en\/wp-json\/wp\/v2\/users\/1"}],"replies":[{"embeddable":true,"href":"https:\/\/www.haysondeco.com\/en\/wp-json\/wp\/v2\/comments?post=19597"}],"version-history":[{"count":5,"href":"https:\/\/www.haysondeco.com\/en\/wp-json\/wp\/v2\/pages\/19597\/revisions"}],"predecessor-version":[{"id":20320,"href":"https:\/\/www.haysondeco.com\/en\/wp-json\/wp\/v2\/pages\/19597\/revisions\/20320"}],"wp:attachment":[{"href":"https:\/\/www.haysondeco.com\/en\/wp-json\/wp\/v2\/media?parent=19597"}],"curies":[{"name":"wp","href":"https:\/\/api.w.org\/{rel}","templated":true}]}}