{"id":19619,"date":"2025-07-01T16:16:27","date_gmt":"2025-07-01T14:16:27","guid":{"rendered":"https:\/\/www.haysondeco.com\/rendez-vous-en-showroom\/"},"modified":"2025-09-17T22:03:29","modified_gmt":"2025-09-17T21:03:29","slug":"visit-the-showroom","status":"publish","type":"page","link":"https:\/\/www.haysondeco.com\/en\/visit-the-showroom\/","title":{"rendered":"Visit the showroom"},"content":{"rendered":"\t\t<div data-elementor-type=\"wp-page\" data-elementor-id=\"19619\" class=\"elementor elementor-19619\">\n\t\t\t\t<div class=\"elementor-element elementor-element-7df610c e-con-full e-flex e-con e-parent\" data-id=\"7df610c\" data-element_type=\"container\">\n\t\t<div class=\"elementor-element elementor-element-846e633 e-con-full e-flex e-con e-child\" data-id=\"846e633\" data-element_type=\"container\">\n\t\t\t\t<div class=\"elementor-element elementor-element-2847dba elementor-widget elementor-widget-google_maps\" data-id=\"2847dba\" data-element_type=\"widget\" data-widget_type=\"google_maps.default\">\n\t\t\t\t<div class=\"elementor-widget-container\">\n\t\t\t\t\t\t\t<div class=\"elementor-custom-embed\">\n\t\t\t<iframe loading=\"lazy\"\n\t\t\t\t\tsrc=\"https:\/\/maps.google.com\/maps?q=Lotissement%20Jin%C3%A8ne%20Eddounya%2C%20Sidi%20Daoued-2046%20La%20Marsa%20tunisie&#038;t=m&#038;z=15&#038;output=embed&#038;iwloc=near\"\n\t\t\t\t\ttitle=\"Lotissement Jin\u00e8ne Eddounya, Sidi Daoued-2046 La Marsa tunisie\"\n\t\t\t\t\taria-label=\"Lotissement Jin\u00e8ne Eddounya, Sidi Daoued-2046 La Marsa tunisie\"\n\t\t\t><\/iframe>\n\t\t<\/div>\n\t\t\t\t\t\t<\/div>\n\t\t\t\t<\/div>\n\t\t\t\t<\/div>\n\t\t\t\t<\/div>\n\t\t<div class=\"elementor-element elementor-element-dcc9976 e-flex e-con-boxed e-con e-parent\" data-id=\"dcc9976\" data-element_type=\"container\">\n\t\t\t\t\t<div class=\"e-con-inner\">\n\t\t<div class=\"elementor-element elementor-element-6d29cce e-con-full e-flex e-con e-child\" data-id=\"6d29cce\" data-element_type=\"container\">\n\t\t\t\t<div class=\"elementor-element elementor-element-608cf53 elementor-widget elementor-widget-heading\" data-id=\"608cf53\" data-element_type=\"widget\" data-widget_type=\"heading.default\">\n\t\t\t\t<div class=\"elementor-widget-container\">\n\t\t\t\t\t<h2 class=\"elementor-heading-title elementor-size-default\">Visit the showroom<\/h2>\t\t\t\t<\/div>\n\t\t\t\t<\/div>\n\t\t\t\t<div class=\"elementor-element elementor-element-c9a9818 elementor-widget elementor-widget-text-editor\" data-id=\"c9a9818\" data-element_type=\"widget\" data-widget_type=\"text-editor.default\">\n\t\t\t\t<div class=\"elementor-widget-container\">\n\t\t\t\t\t\t\t\t\t    <!-- Popup -->\n    <div id=\"rdv-popup-overlay\"><\/div>\n    <div id=\"rdv-popup\">\n        <span id=\"rdv-popup-message\"><\/span>\n        <br><br>\n        <button id=\"rdv-popup-close\">Close<\/button>\n    <\/div>\n\n    <form id=\"form-rdv-showroom\" method=\"post\" class=\"wpcf7-form\">\n        <input type=\"hidden\" name=\"form_type\" value=\"showroom\">\n\n        <input type=\"text\" name=\"nom_prenom\" class=\"wpcf7-form-control form-control\" required placeholder=\"Name and Surname\"><br>\n        <input type=\"email\" name=\"email\" class=\"wpcf7-form-control form-control\" required placeholder=\"Email\"><br>\n        <input type=\"tel\" name=\"tel\" class=\"wpcf7-form-control form-control\" required placeholder=\"Phone\"><br>\n\n        <input type=\"text\" id=\"date-rdv-showroom\" name=\"date_rdv\" class=\"wpcf7-form-control form-control date\" placeholder=\"Choose a date\" required><br>\n\n        <select id=\"heure-rdv-showroom\" name=\"heure_rdv\" class=\"wpcf7-form-control time\" required>\n            <option value=\"\">Choose Schedule<\/option>\n        <\/select><br>\n\n        <textarea name=\"message\" class=\"wpcf7-form-control form-control\" rows=\"4\" placeholder=\"Your message\"><\/textarea><br>\n\n        <p><button type=\"submit\" class=\"wpcf7-form-control wpcf7-submit btn btn-theme radius-5x\">To book<\/button><\/p>\n    <\/form>\n    \t\t\t\t\t\t\t\t<\/div>\n\t\t\t\t<\/div>\n\t\t\t\t<\/div>\n\t\t\t\t\t<\/div>\n\t\t\t\t<\/div>\n\t\t\t\t<\/div>\n\t\t","protected":false},"excerpt":{"rendered":"<p>Visit the showroom<\/p>\n","protected":false},"author":1,"featured_media":0,"parent":0,"menu_order":0,"comment_status":"closed","ping_status":"closed","template":"","meta":{"_acf_changed":false,"inline_featured_image":false,"_joinchat":[],"footnotes":""},"class_list":["post-19619","page","type-page","status-publish","hentry"],"acf":[],"yoast_head":"<!-- This site is optimized with the Yoast SEO plugin v26.0 - https:\/\/yoast.com\/wordpress\/plugins\/seo\/ -->\n<title>Visit the showroom | Hayson Deco Tunisie<\/title>\n<meta name=\"description\" content=\"Visit the showroom\" \/>\n<meta name=\"robots\" content=\"index, follow, max-snippet:-1, max-image-preview:large, max-video-preview:-1\" \/>\n<link rel=\"canonical\" href=\"https:\/\/www.haysondeco.com\/en\/rendez-vous-en-showroom\/\" \/>\n<meta property=\"og:locale\" content=\"en_US\" \/>\n<meta property=\"og:type\" content=\"article\" \/>\n<meta property=\"og:title\" content=\"Visit the showroom | Hayson Deco Tunisie\" \/>\n<meta property=\"og:description\" content=\"Visit the showroom\" \/>\n<meta property=\"og:url\" content=\"https:\/\/www.haysondeco.com\/rendez-vous-en-showroom\/\" \/>\n<meta property=\"og:site_name\" content=\"Hayson Deco Tunisie\" \/>\n<meta property=\"article:publisher\" content=\"https:\/\/www.facebook.com\/HaysonDeco\" \/>\n<meta property=\"article:modified_time\" content=\"2025-09-17T21:03:29+00:00\" \/>\n<meta property=\"og:image\" content=\"https:\/\/www.haysondeco.com\/wp-content\/uploads\/2025\/06\/voillage-sur-mesure.png\" \/>\n\t<meta property=\"og:image:width\" content=\"1520\" \/>\n\t<meta property=\"og:image:height\" content=\"406\" \/>\n\t<meta property=\"og:image:type\" content=\"image\/png\" \/>\n<meta name=\"twitter:card\" content=\"summary_large_image\" \/>\n<script type=\"application\/ld+json\" class=\"yoast-schema-graph\">{\"@context\":\"https:\/\/schema.org\",\"@graph\":[{\"@type\":\"WebPage\",\"@id\":\"https:\/\/www.haysondeco.com\/rendez-vous-en-showroom\/\",\"url\":\"https:\/\/www.haysondeco.com\/rendez-vous-en-showroom\/\",\"name\":\"Visit the showroom | Hayson Deco Tunisie\",\"isPartOf\":{\"@id\":\"https:\/\/www.haysondeco.com\/#website\"},\"datePublished\":\"2025-07-01T14:16:27+00:00\",\"dateModified\":\"2025-09-17T21:03:29+00:00\",\"description\":\"Visit the showroom\",\"breadcrumb\":{\"@id\":\"https:\/\/www.haysondeco.com\/rendez-vous-en-showroom\/#breadcrumb\"},\"inLanguage\":\"en-US\",\"potentialAction\":[{\"@type\":\"ReadAction\",\"target\":[\"https:\/\/www.haysondeco.com\/rendez-vous-en-showroom\/\"]}]},{\"@type\":\"BreadcrumbList\",\"@id\":\"https:\/\/www.haysondeco.com\/rendez-vous-en-showroom\/#breadcrumb\",\"itemListElement\":[{\"@type\":\"ListItem\",\"position\":1,\"name\":\"Accueil\",\"item\":\"https:\/\/www.haysondeco.com\/en\/\"},{\"@type\":\"ListItem\",\"position\":2,\"name\":\"Visit the showroom\"}]},{\"@type\":\"WebSite\",\"@id\":\"https:\/\/www.haysondeco.com\/#website\",\"url\":\"https:\/\/www.haysondeco.com\/\",\"name\":\"Hayson Deco Tunisie\",\"description\":\"Confection sur mesure, conseil d\u00e9co et mat\u00e9riaux de qualit\u00e9\",\"publisher\":{\"@id\":\"https:\/\/www.haysondeco.com\/#organization\"},\"potentialAction\":[{\"@type\":\"SearchAction\",\"target\":{\"@type\":\"EntryPoint\",\"urlTemplate\":\"https:\/\/www.haysondeco.com\/?s={search_term_string}\"},\"query-input\":{\"@type\":\"PropertyValueSpecification\",\"valueRequired\":true,\"valueName\":\"search_term_string\"}}],\"inLanguage\":\"en-US\"},{\"@type\":\"Organization\",\"@id\":\"https:\/\/www.haysondeco.com\/#organization\",\"name\":\"Hayson Deco Tunisie\",\"url\":\"https:\/\/www.haysondeco.com\/\",\"logo\":{\"@type\":\"ImageObject\",\"inLanguage\":\"en-US\",\"@id\":\"https:\/\/www.haysondeco.com\/#\/schema\/logo\/image\/\",\"url\":\"https:\/\/www.haysondeco.com\/wp-content\/uploads\/2023\/11\/logo-hayson.png\",\"contentUrl\":\"https:\/\/www.haysondeco.com\/wp-content\/uploads\/2023\/11\/logo-hayson.png\",\"width\":151,\"height\":34,\"caption\":\"Hayson Deco Tunisie\"},\"image\":{\"@id\":\"https:\/\/www.haysondeco.com\/#\/schema\/logo\/image\/\"},\"sameAs\":[\"https:\/\/www.facebook.com\/HaysonDeco\",\"https:\/\/www.instagram.com\/hayson_deco\/?hl=fr\"]}]}<\/script>\n<!-- \/ Yoast SEO plugin. -->","yoast_head_json":{"title":"Visit the showroom | Hayson Deco Tunisie","description":"Visit the showroom","robots":{"index":"index","follow":"follow","max-snippet":"max-snippet:-1","max-image-preview":"max-image-preview:large","max-video-preview":"max-video-preview:-1"},"canonical":"https:\/\/www.haysondeco.com\/en\/rendez-vous-en-showroom\/","og_locale":"en_US","og_type":"article","og_title":"Visit the showroom | Hayson Deco Tunisie","og_description":"Visit the showroom","og_url":"https:\/\/www.haysondeco.com\/rendez-vous-en-showroom\/","og_site_name":"Hayson Deco Tunisie","article_publisher":"https:\/\/www.facebook.com\/HaysonDeco","article_modified_time":"2025-09-17T21:03:29+00:00","og_image":[{"width":1520,"height":406,"url":"https:\/\/www.haysondeco.com\/wp-content\/uploads\/2025\/06\/voillage-sur-mesure.png","type":"image\/png"}],"twitter_card":"summary_large_image","schema":{"@context":"https:\/\/schema.org","@graph":[{"@type":"WebPage","@id":"https:\/\/www.haysondeco.com\/rendez-vous-en-showroom\/","url":"https:\/\/www.haysondeco.com\/rendez-vous-en-showroom\/","name":"Visit the showroom | Hayson Deco Tunisie","isPartOf":{"@id":"https:\/\/www.haysondeco.com\/#website"},"datePublished":"2025-07-01T14:16:27+00:00","dateModified":"2025-09-17T21:03:29+00:00","description":"Visit the showroom","breadcrumb":{"@id":"https:\/\/www.haysondeco.com\/rendez-vous-en-showroom\/#breadcrumb"},"inLanguage":"en-US","potentialAction":[{"@type":"ReadAction","target":["https:\/\/www.haysondeco.com\/rendez-vous-en-showroom\/"]}]},{"@type":"BreadcrumbList","@id":"https:\/\/www.haysondeco.com\/rendez-vous-en-showroom\/#breadcrumb","itemListElement":[{"@type":"ListItem","position":1,"name":"Accueil","item":"https:\/\/www.haysondeco.com\/en\/"},{"@type":"ListItem","position":2,"name":"Visit the showroom"}]},{"@type":"WebSite","@id":"https:\/\/www.haysondeco.com\/#website","url":"https:\/\/www.haysondeco.com\/","name":"Hayson Deco Tunisie","description":"Confection sur mesure, conseil d\u00e9co et mat\u00e9riaux de qualit\u00e9","publisher":{"@id":"https:\/\/www.haysondeco.com\/#organization"},"potentialAction":[{"@type":"SearchAction","target":{"@type":"EntryPoint","urlTemplate":"https:\/\/www.haysondeco.com\/?s={search_term_string}"},"query-input":{"@type":"PropertyValueSpecification","valueRequired":true,"valueName":"search_term_string"}}],"inLanguage":"en-US"},{"@type":"Organization","@id":"https:\/\/www.haysondeco.com\/#organization","name":"Hayson Deco Tunisie","url":"https:\/\/www.haysondeco.com\/","logo":{"@type":"ImageObject","inLanguage":"en-US","@id":"https:\/\/www.haysondeco.com\/#\/schema\/logo\/image\/","url":"https:\/\/www.haysondeco.com\/wp-content\/uploads\/2023\/11\/logo-hayson.png","contentUrl":"https:\/\/www.haysondeco.com\/wp-content\/uploads\/2023\/11\/logo-hayson.png","width":151,"height":34,"caption":"Hayson Deco Tunisie"},"image":{"@id":"https:\/\/www.haysondeco.com\/#\/schema\/logo\/image\/"},"sameAs":["https:\/\/www.facebook.com\/HaysonDeco","https:\/\/www.instagram.com\/hayson_deco\/?hl=fr"]}]}},"_links":{"self":[{"href":"https:\/\/www.haysondeco.com\/en\/wp-json\/wp\/v2\/pages\/19619","targetHints":{"allow":["GET"]}}],"collection":[{"href":"https:\/\/www.haysondeco.com\/en\/wp-json\/wp\/v2\/pages"}],"about":[{"href":"https:\/\/www.haysondeco.com\/en\/wp-json\/wp\/v2\/types\/page"}],"author":[{"embeddable":true,"href":"https:\/\/www.haysondeco.com\/en\/wp-json\/wp\/v2\/users\/1"}],"replies":[{"embeddable":true,"href":"https:\/\/www.haysondeco.com\/en\/wp-json\/wp\/v2\/comments?post=19619"}],"version-history":[{"count":11,"href":"https:\/\/www.haysondeco.com\/en\/wp-json\/wp\/v2\/pages\/19619\/revisions"}],"predecessor-version":[{"id":20246,"href":"https:\/\/www.haysondeco.com\/en\/wp-json\/wp\/v2\/pages\/19619\/revisions\/20246"}],"wp:attachment":[{"href":"https:\/\/www.haysondeco.com\/en\/wp-json\/wp\/v2\/media?parent=19619"}],"curies":[{"name":"wp","href":"https:\/\/api.w.org\/{rel}","templated":true}]}}