{"id":19621,"date":"2025-06-24T16:29:51","date_gmt":"2025-06-24T14:29:51","guid":{"rendered":"https:\/\/www.haysondeco.com\/rideau-blackout\/"},"modified":"2025-10-18T21:56:20","modified_gmt":"2025-10-18T20:56:20","slug":"blackout-curtain","status":"publish","type":"page","link":"https:\/\/www.haysondeco.com\/en\/blackout-curtain\/","title":{"rendered":"Blackout curtain"},"content":{"rendered":"\t\t<div data-elementor-type=\"wp-page\" data-elementor-id=\"19621\" class=\"elementor elementor-19621\">\n\t\t\t\t<div class=\"elementor-element elementor-element-c1bb39c e-flex e-con-boxed e-con e-parent\" data-id=\"c1bb39c\" data-element_type=\"container\">\n\t\t\t\t\t<div class=\"e-con-inner\">\n\t\t<div class=\"elementor-element elementor-element-10cfa5e e-con-full e-flex e-con e-child\" data-id=\"10cfa5e\" data-element_type=\"container\">\n\t\t\t\t<div class=\"elementor-element elementor-element-eae6e47 elementor-widget elementor-widget-heading\" data-id=\"eae6e47\" data-element_type=\"widget\" data-widget_type=\"heading.default\">\n\t\t\t\t<div class=\"elementor-widget-container\">\n\t\t\t\t\t<h2 class=\"elementor-heading-title elementor-size-default\">total darkness and comfort guaranteed<\/h2>\t\t\t\t<\/div>\n\t\t\t\t<\/div>\n\t\t\t\t<div class=\"elementor-element elementor-element-fb66b80 elementor-widget__width-initial elementor-widget elementor-widget-text-editor\" data-id=\"fb66b80\" data-element_type=\"widget\" data-widget_type=\"text-editor.default\">\n\t\t\t\t<div class=\"elementor-widget-container\">\n\t\t\t\t\t\t\t\t\t<p>Blackout curtains, also known as occulting curtains, are the ideal solution for those looking for complete room darkening. At Hayson D\u00e9co, we offer custom-made blackout curtains, designed to completely block out light and provide perfect darkness, particularly in bedrooms, screening rooms, or any room requiring optimal visual comfort.<\/p><p>Beyond their ability to plunge a room into darkness, our blackout curtains also provide excellent thermal and sound insulation. They help you maintain a comfortable temperature and reduce outside noise.<\/p><p>Made from high-quality technical fabrics, our designs blend harmoniously into your decor while offering comfort and functionality. For a calm, insulated, and stylish interior, opt for Hayson&#8217;s custom-made blackout curtains, carefully crafted in Tunisia.<\/p>\t\t\t\t\t\t\t\t<\/div>\n\t\t\t\t<\/div>\n\t\t\t\t<\/div>\n\t\t\t\t\t<\/div>\n\t\t\t\t<\/div>\n\t\t<div class=\"elementor-element elementor-element-0bbd898 e-flex e-con-boxed e-con e-parent\" data-id=\"0bbd898\" data-element_type=\"container\">\n\t\t\t\t\t<div class=\"e-con-inner\">\n\t\t\t\t<div class=\"elementor-element elementor-element-14474a4 elementor-pagination-position-outside elementor-widget elementor-widget-image-carousel\" data-id=\"14474a4\" data-element_type=\"widget\" data-settings=\"{&quot;slides_to_show&quot;:&quot;4&quot;,&quot;slides_to_scroll&quot;:&quot;4&quot;,&quot;autoplay_speed&quot;:6000,&quot;speed&quot;:1500,&quot;navigation&quot;:&quot;dots&quot;,&quot;autoplay&quot;:&quot;yes&quot;,&quot;pause_on_hover&quot;:&quot;yes&quot;,&quot;pause_on_interaction&quot;:&quot;yes&quot;,&quot;infinite&quot;:&quot;yes&quot;}\" data-widget_type=\"image-carousel.default\">\n\t\t\t\t<div class=\"elementor-widget-container\">\n\t\t\t\t\t\t\t<div class=\"elementor-image-carousel-wrapper swiper\" role=\"region\" aria-roledescription=\"carousel\" aria-label=\"Carrousel d\u2019images\" dir=\"ltr\">\n\t\t\t<div class=\"elementor-image-carousel swiper-wrapper\" aria-live=\"off\">\n\t\t\t\t\t\t\t\t<div class=\"swiper-slide\" role=\"group\" aria-roledescription=\"slide\" aria-label=\"1 of 5\"><a data-elementor-open-lightbox=\"yes\" data-elementor-lightbox-slideshow=\"14474a4\" data-elementor-lightbox-title=\"DAR-KHOUADJA\" data-e-action-hash=\"#elementor-action%3Aaction%3Dlightbox%26settings%3DeyJpZCI6MTg4NTYsInVybCI6Imh0dHBzOlwvXC93d3cuaGF5c29uZGVjby5jb21cL3dwLWNvbnRlbnRcL3VwbG9hZHNcLzIwMjVcLzA3XC9EQVItS0hPVUFESkEtMS5qcGciLCJzbGlkZXNob3ciOiIxNDQ3NGE0In0%3D\" href=\"https:\/\/www.haysondeco.com\/wp-content\/uploads\/2025\/07\/DAR-KHOUADJA-1.jpg\"><figure class=\"swiper-slide-inner\"><img decoding=\"async\" class=\"swiper-slide-image\" src=\"https:\/\/www.haysondeco.com\/wp-content\/uploads\/2025\/07\/DAR-KHOUADJA-1.jpg\" alt=\"Rideaux Blackout\" \/><\/figure><\/a><\/div><div class=\"swiper-slide\" role=\"group\" aria-roledescription=\"slide\" aria-label=\"2 of 5\"><a data-elementor-open-lightbox=\"yes\" data-elementor-lightbox-slideshow=\"14474a4\" data-elementor-lightbox-title=\"DAR-KHOUADJA-(2)\" data-e-action-hash=\"#elementor-action%3Aaction%3Dlightbox%26settings%3DeyJpZCI6MTg4NTgsInVybCI6Imh0dHBzOlwvXC93d3cuaGF5c29uZGVjby5jb21cL3dwLWNvbnRlbnRcL3VwbG9hZHNcLzIwMjVcLzA3XC9EQVItS0hPVUFESkEtMi5qcGciLCJzbGlkZXNob3ciOiIxNDQ3NGE0In0%3D\" href=\"https:\/\/www.haysondeco.com\/wp-content\/uploads\/2025\/07\/DAR-KHOUADJA-2.jpg\"><figure class=\"swiper-slide-inner\"><img decoding=\"async\" class=\"swiper-slide-image\" src=\"https:\/\/www.haysondeco.com\/wp-content\/uploads\/2025\/07\/DAR-KHOUADJA-2.jpg\" alt=\"Rideaux Blackout Tunisie\" \/><\/figure><\/a><\/div><div class=\"swiper-slide\" role=\"group\" aria-roledescription=\"slide\" aria-label=\"3 of 5\"><a data-elementor-open-lightbox=\"yes\" data-elementor-lightbox-slideshow=\"14474a4\" data-elementor-lightbox-title=\"DAR-OOMI\" data-e-action-hash=\"#elementor-action%3Aaction%3Dlightbox%26settings%3DeyJpZCI6MTg4NjAsInVybCI6Imh0dHBzOlwvXC93d3cuaGF5c29uZGVjby5jb21cL3dwLWNvbnRlbnRcL3VwbG9hZHNcLzIwMjVcLzA3XC9EQVItT09NSS5qcGciLCJzbGlkZXNob3ciOiIxNDQ3NGE0In0%3D\" href=\"https:\/\/www.haysondeco.com\/wp-content\/uploads\/2025\/07\/DAR-OOMI.jpg\"><figure class=\"swiper-slide-inner\"><img decoding=\"async\" class=\"swiper-slide-image\" src=\"https:\/\/www.haysondeco.com\/wp-content\/uploads\/2025\/07\/DAR-OOMI.jpg\" alt=\"Rideaux Blackout sur mesure Tunisie\" \/><\/figure><\/a><\/div><div class=\"swiper-slide\" role=\"group\" aria-roledescription=\"slide\" aria-label=\"4 of 5\"><a data-elementor-open-lightbox=\"yes\" data-elementor-lightbox-slideshow=\"14474a4\" data-elementor-lightbox-title=\"juno\" data-e-action-hash=\"#elementor-action%3Aaction%3Dlightbox%26settings%3DeyJpZCI6MTg4NjIsInVybCI6Imh0dHBzOlwvXC93d3cuaGF5c29uZGVjby5jb21cL3dwLWNvbnRlbnRcL3VwbG9hZHNcLzIwMjVcLzA3XC9qdW5vLmpwZyIsInNsaWRlc2hvdyI6IjE0NDc0YTQifQ%3D%3D\" href=\"https:\/\/www.haysondeco.com\/wp-content\/uploads\/2025\/07\/juno.jpg\"><figure class=\"swiper-slide-inner\"><img decoding=\"async\" class=\"swiper-slide-image\" src=\"https:\/\/www.haysondeco.com\/wp-content\/uploads\/2025\/07\/juno.jpg\" alt=\"Custom-made Blackout curtains\" \/><\/figure><\/a><\/div><div class=\"swiper-slide\" role=\"group\" aria-roledescription=\"slide\" aria-label=\"5 of 5\"><a data-elementor-open-lightbox=\"yes\" data-elementor-lightbox-slideshow=\"14474a4\" data-elementor-lightbox-title=\"Blackout curtains Tunisia\" data-e-action-hash=\"#elementor-action%3Aaction%3Dlightbox%26settings%3DeyJpZCI6MTg4NjQsInVybCI6Imh0dHBzOlwvXC93d3cuaGF5c29uZGVjby5jb21cL3dwLWNvbnRlbnRcL3VwbG9hZHNcLzIwMjVcLzA3XC9UU0hfMDU4X29yaWdpbmFsLmpwZyIsInNsaWRlc2hvdyI6IjE0NDc0YTQifQ%3D%3D\" href=\"https:\/\/www.haysondeco.com\/wp-content\/uploads\/2025\/07\/TSH_058_original.jpg\"><figure class=\"swiper-slide-inner\"><img decoding=\"async\" class=\"swiper-slide-image\" src=\"https:\/\/www.haysondeco.com\/wp-content\/uploads\/2025\/07\/TSH_058_original.jpg\" alt=\"Blackout curtains Tunisia\" \/><\/figure><\/a><\/div>\t\t\t<\/div>\n\t\t\t\t\t\t\t\n\t\t\t\t\t\t\t\t\t<div class=\"swiper-pagination\"><\/div>\n\t\t\t\t\t\t\t\t\t<\/div>\n\t\t\t\t\t\t<\/div>\n\t\t\t\t<\/div>\n\t\t\t\t\t<\/div>\n\t\t\t\t<\/div>\n\t\t\t\t<\/div>\n\t\t","protected":false},"excerpt":{"rendered":"<p>total darkness and comfort guaranteed Blackout curtains, also known as occulting curtains, are the ideal solution for those looking for complete room darkening. At Hayson D\u00e9co, we offer custom-made blackout curtains, designed to completely block out light and provide perfect darkness, particularly in bedrooms, screening rooms, or any room requiring optimal visual comfort. Beyond their &hellip; <br \/><a href=\"https:\/\/www.haysondeco.com\/en\/blackout-curtain\/\" class=\"more-link\">Continue reading <span class=\"screen-reader-text\">Blackout curtain<\/span><\/a><\/p>\n","protected":false},"author":1,"featured_media":0,"parent":0,"menu_order":0,"comment_status":"closed","ping_status":"closed","template":"","meta":{"_acf_changed":false,"inline_featured_image":false,"_joinchat":[],"footnotes":""},"class_list":["post-19621","page","type-page","status-publish","hentry"],"acf":[],"yoast_head":"<!-- This site is optimized with the Yoast SEO plugin v26.0 - https:\/\/yoast.com\/wordpress\/plugins\/seo\/ -->\n<title>Blackout curtain | Hayson Deco Tunisie<\/title>\n<meta name=\"description\" content=\"total darkness and comfort guaranteed Blackout curtains, also known as occulting curtains, are the ideal solution for those looking for complete room\" \/>\n<meta name=\"robots\" content=\"index, follow, max-snippet:-1, max-image-preview:large, max-video-preview:-1\" \/>\n<link rel=\"canonical\" href=\"https:\/\/www.haysondeco.com\/en\/rideau-blackout\/\" \/>\n<meta property=\"og:locale\" content=\"en_US\" \/>\n<meta property=\"og:type\" content=\"article\" \/>\n<meta property=\"og:title\" content=\"Blackout curtain | Hayson Deco Tunisie\" \/>\n<meta property=\"og:description\" content=\"total darkness and comfort guaranteed Blackout curtains, also known as occulting curtains, are the ideal solution for those looking for complete room\" \/>\n<meta property=\"og:url\" content=\"https:\/\/www.haysondeco.com\/rideau-blackout\/\" \/>\n<meta property=\"og:site_name\" content=\"Hayson Deco Tunisie\" \/>\n<meta property=\"article:publisher\" content=\"https:\/\/www.facebook.com\/HaysonDeco\" \/>\n<meta property=\"article:modified_time\" content=\"2025-10-18T20:56:20+00:00\" \/>\n<meta property=\"og:image\" content=\"https:\/\/www.haysondeco.com\/wp-content\/uploads\/2025\/07\/DAR-KHOUADJA-1.jpg\" \/>\n<meta name=\"twitter:card\" content=\"summary_large_image\" \/>\n<meta name=\"twitter:label1\" content=\"Est. reading time\" \/>\n\t<meta name=\"twitter:data1\" content=\"4 minutes\" \/>\n<script type=\"application\/ld+json\" class=\"yoast-schema-graph\">{\"@context\":\"https:\/\/schema.org\",\"@graph\":[{\"@type\":\"WebPage\",\"@id\":\"https:\/\/www.haysondeco.com\/rideau-blackout\/\",\"url\":\"https:\/\/www.haysondeco.com\/rideau-blackout\/\",\"name\":\"Blackout curtain | Hayson Deco Tunisie\",\"isPartOf\":{\"@id\":\"https:\/\/www.haysondeco.com\/#website\"},\"primaryImageOfPage\":{\"@id\":\"https:\/\/www.haysondeco.com\/rideau-blackout\/#primaryimage\"},\"image\":{\"@id\":\"https:\/\/www.haysondeco.com\/rideau-blackout\/#primaryimage\"},\"thumbnailUrl\":\"https:\/\/www.haysondeco.com\/wp-content\/uploads\/2025\/07\/DAR-KHOUADJA-1.jpg\",\"datePublished\":\"2025-06-24T14:29:51+00:00\",\"dateModified\":\"2025-10-18T20:56:20+00:00\",\"description\":\"total darkness and comfort guaranteed Blackout curtains, also known as occulting curtains, are the ideal solution for those looking for complete room\",\"breadcrumb\":{\"@id\":\"https:\/\/www.haysondeco.com\/rideau-blackout\/#breadcrumb\"},\"inLanguage\":\"en-US\",\"potentialAction\":[{\"@type\":\"ReadAction\",\"target\":[\"https:\/\/www.haysondeco.com\/rideau-blackout\/\"]}]},{\"@type\":\"ImageObject\",\"inLanguage\":\"en-US\",\"@id\":\"https:\/\/www.haysondeco.com\/rideau-blackout\/#primaryimage\",\"url\":\"https:\/\/www.haysondeco.com\/wp-content\/uploads\/2025\/07\/DAR-KHOUADJA-1.jpg\",\"contentUrl\":\"https:\/\/www.haysondeco.com\/wp-content\/uploads\/2025\/07\/DAR-KHOUADJA-1.jpg\"},{\"@type\":\"BreadcrumbList\",\"@id\":\"https:\/\/www.haysondeco.com\/rideau-blackout\/#breadcrumb\",\"itemListElement\":[{\"@type\":\"ListItem\",\"position\":1,\"name\":\"Accueil\",\"item\":\"https:\/\/www.haysondeco.com\/en\/\"},{\"@type\":\"ListItem\",\"position\":2,\"name\":\"Blackout curtain\"}]},{\"@type\":\"WebSite\",\"@id\":\"https:\/\/www.haysondeco.com\/#website\",\"url\":\"https:\/\/www.haysondeco.com\/\",\"name\":\"Hayson Deco Tunisie\",\"description\":\"Confection sur mesure, conseil d\u00e9co et mat\u00e9riaux de qualit\u00e9\",\"publisher\":{\"@id\":\"https:\/\/www.haysondeco.com\/#organization\"},\"potentialAction\":[{\"@type\":\"SearchAction\",\"target\":{\"@type\":\"EntryPoint\",\"urlTemplate\":\"https:\/\/www.haysondeco.com\/?s={search_term_string}\"},\"query-input\":{\"@type\":\"PropertyValueSpecification\",\"valueRequired\":true,\"valueName\":\"search_term_string\"}}],\"inLanguage\":\"en-US\"},{\"@type\":\"Organization\",\"@id\":\"https:\/\/www.haysondeco.com\/#organization\",\"name\":\"Hayson Deco Tunisie\",\"url\":\"https:\/\/www.haysondeco.com\/\",\"logo\":{\"@type\":\"ImageObject\",\"inLanguage\":\"en-US\",\"@id\":\"https:\/\/www.haysondeco.com\/#\/schema\/logo\/image\/\",\"url\":\"https:\/\/www.haysondeco.com\/wp-content\/uploads\/2023\/11\/logo-hayson.png\",\"contentUrl\":\"https:\/\/www.haysondeco.com\/wp-content\/uploads\/2023\/11\/logo-hayson.png\",\"width\":151,\"height\":34,\"caption\":\"Hayson Deco Tunisie\"},\"image\":{\"@id\":\"https:\/\/www.haysondeco.com\/#\/schema\/logo\/image\/\"},\"sameAs\":[\"https:\/\/www.facebook.com\/HaysonDeco\",\"https:\/\/www.instagram.com\/hayson_deco\/?hl=fr\"]}]}<\/script>\n<!-- \/ Yoast SEO plugin. -->","yoast_head_json":{"title":"Blackout curtain | Hayson Deco Tunisie","description":"total darkness and comfort guaranteed Blackout curtains, also known as occulting curtains, are the ideal solution for those looking for complete room","robots":{"index":"index","follow":"follow","max-snippet":"max-snippet:-1","max-image-preview":"max-image-preview:large","max-video-preview":"max-video-preview:-1"},"canonical":"https:\/\/www.haysondeco.com\/en\/rideau-blackout\/","og_locale":"en_US","og_type":"article","og_title":"Blackout curtain | Hayson Deco Tunisie","og_description":"total darkness and comfort guaranteed Blackout curtains, also known as occulting curtains, are the ideal solution for those looking for complete room","og_url":"https:\/\/www.haysondeco.com\/rideau-blackout\/","og_site_name":"Hayson Deco Tunisie","article_publisher":"https:\/\/www.facebook.com\/HaysonDeco","article_modified_time":"2025-10-18T20:56:20+00:00","og_image":[{"url":"https:\/\/www.haysondeco.com\/wp-content\/uploads\/2025\/07\/DAR-KHOUADJA-1.jpg","type":"","width":"","height":""}],"twitter_card":"summary_large_image","twitter_misc":{"Est. reading time":"4 minutes"},"schema":{"@context":"https:\/\/schema.org","@graph":[{"@type":"WebPage","@id":"https:\/\/www.haysondeco.com\/rideau-blackout\/","url":"https:\/\/www.haysondeco.com\/rideau-blackout\/","name":"Blackout curtain | Hayson Deco Tunisie","isPartOf":{"@id":"https:\/\/www.haysondeco.com\/#website"},"primaryImageOfPage":{"@id":"https:\/\/www.haysondeco.com\/rideau-blackout\/#primaryimage"},"image":{"@id":"https:\/\/www.haysondeco.com\/rideau-blackout\/#primaryimage"},"thumbnailUrl":"https:\/\/www.haysondeco.com\/wp-content\/uploads\/2025\/07\/DAR-KHOUADJA-1.jpg","datePublished":"2025-06-24T14:29:51+00:00","dateModified":"2025-10-18T20:56:20+00:00","description":"total darkness and comfort guaranteed Blackout curtains, also known as occulting curtains, are the ideal solution for those looking for complete room","breadcrumb":{"@id":"https:\/\/www.haysondeco.com\/rideau-blackout\/#breadcrumb"},"inLanguage":"en-US","potentialAction":[{"@type":"ReadAction","target":["https:\/\/www.haysondeco.com\/rideau-blackout\/"]}]},{"@type":"ImageObject","inLanguage":"en-US","@id":"https:\/\/www.haysondeco.com\/rideau-blackout\/#primaryimage","url":"https:\/\/www.haysondeco.com\/wp-content\/uploads\/2025\/07\/DAR-KHOUADJA-1.jpg","contentUrl":"https:\/\/www.haysondeco.com\/wp-content\/uploads\/2025\/07\/DAR-KHOUADJA-1.jpg"},{"@type":"BreadcrumbList","@id":"https:\/\/www.haysondeco.com\/rideau-blackout\/#breadcrumb","itemListElement":[{"@type":"ListItem","position":1,"name":"Accueil","item":"https:\/\/www.haysondeco.com\/en\/"},{"@type":"ListItem","position":2,"name":"Blackout curtain"}]},{"@type":"WebSite","@id":"https:\/\/www.haysondeco.com\/#website","url":"https:\/\/www.haysondeco.com\/","name":"Hayson Deco Tunisie","description":"Confection sur mesure, conseil d\u00e9co et mat\u00e9riaux de qualit\u00e9","publisher":{"@id":"https:\/\/www.haysondeco.com\/#organization"},"potentialAction":[{"@type":"SearchAction","target":{"@type":"EntryPoint","urlTemplate":"https:\/\/www.haysondeco.com\/?s={search_term_string}"},"query-input":{"@type":"PropertyValueSpecification","valueRequired":true,"valueName":"search_term_string"}}],"inLanguage":"en-US"},{"@type":"Organization","@id":"https:\/\/www.haysondeco.com\/#organization","name":"Hayson Deco Tunisie","url":"https:\/\/www.haysondeco.com\/","logo":{"@type":"ImageObject","inLanguage":"en-US","@id":"https:\/\/www.haysondeco.com\/#\/schema\/logo\/image\/","url":"https:\/\/www.haysondeco.com\/wp-content\/uploads\/2023\/11\/logo-hayson.png","contentUrl":"https:\/\/www.haysondeco.com\/wp-content\/uploads\/2023\/11\/logo-hayson.png","width":151,"height":34,"caption":"Hayson Deco Tunisie"},"image":{"@id":"https:\/\/www.haysondeco.com\/#\/schema\/logo\/image\/"},"sameAs":["https:\/\/www.facebook.com\/HaysonDeco","https:\/\/www.instagram.com\/hayson_deco\/?hl=fr"]}]}},"_links":{"self":[{"href":"https:\/\/www.haysondeco.com\/en\/wp-json\/wp\/v2\/pages\/19621","targetHints":{"allow":["GET"]}}],"collection":[{"href":"https:\/\/www.haysondeco.com\/en\/wp-json\/wp\/v2\/pages"}],"about":[{"href":"https:\/\/www.haysondeco.com\/en\/wp-json\/wp\/v2\/types\/page"}],"author":[{"embeddable":true,"href":"https:\/\/www.haysondeco.com\/en\/wp-json\/wp\/v2\/users\/1"}],"replies":[{"embeddable":true,"href":"https:\/\/www.haysondeco.com\/en\/wp-json\/wp\/v2\/comments?post=19621"}],"version-history":[{"count":8,"href":"https:\/\/www.haysondeco.com\/en\/wp-json\/wp\/v2\/pages\/19621\/revisions"}],"predecessor-version":[{"id":20391,"href":"https:\/\/www.haysondeco.com\/en\/wp-json\/wp\/v2\/pages\/19621\/revisions\/20391"}],"wp:attachment":[{"href":"https:\/\/www.haysondeco.com\/en\/wp-json\/wp\/v2\/media?parent=19621"}],"curies":[{"name":"wp","href":"https:\/\/api.w.org\/{rel}","templated":true}]}}