{"id":19625,"date":"2025-06-24T16:10:16","date_gmt":"2025-06-24T14:10:16","guid":{"rendered":"https:\/\/www.haysondeco.com\/stores-bateaux\/"},"modified":"2025-09-24T12:22:42","modified_gmt":"2025-09-24T11:22:42","slug":"roman-blinds","status":"publish","type":"page","link":"https:\/\/www.haysondeco.com\/en\/roman-blinds\/","title":{"rendered":"Roman blinds"},"content":{"rendered":"\t\t<div data-elementor-type=\"wp-page\" data-elementor-id=\"19625\" class=\"elementor elementor-19625\">\n\t\t\t\t<div class=\"elementor-element elementor-element-c1bb39c e-flex e-con-boxed e-con e-parent\" data-id=\"c1bb39c\" data-element_type=\"container\">\n\t\t\t\t\t<div class=\"e-con-inner\">\n\t\t<div class=\"elementor-element elementor-element-10cfa5e e-con-full e-flex e-con e-child\" data-id=\"10cfa5e\" data-element_type=\"container\">\n\t\t\t\t<div class=\"elementor-element elementor-element-eae6e47 elementor-widget elementor-widget-heading\" data-id=\"eae6e47\" data-element_type=\"widget\" data-widget_type=\"heading.default\">\n\t\t\t\t<div class=\"elementor-widget-container\">\n\t\t\t\t\t<h2 class=\"elementor-heading-title elementor-size-default\">elegance and functionality combined<\/h2>\t\t\t\t<\/div>\n\t\t\t\t<\/div>\n\t\t\t\t<div class=\"elementor-element elementor-element-fb66b80 elementor-widget__width-initial elementor-widget elementor-widget-text-editor\" data-id=\"fb66b80\" data-element_type=\"widget\" data-widget_type=\"text-editor.default\">\n\t\t\t\t<div class=\"elementor-widget-container\">\n\t\t\t\t\t\t\t\t\t<p>Roman blinds are one of the most popular choices for those seeking a modern and refined ambiance. At Hayso, we make custom-made Roman blinds in lightweight sheer, opaque, or blackout fabrics, depending on your needs and decorating style.<\/p><p>Thanks to our wide selection of mechanisms adapted to each fabric, we guarantee the product&#8217;s strength, maneuverability, and durability. Roman blinds are perfect for letting in light while filtering out prying eyes, or, conversely, for completely dimming a room.<\/p><p>This type of blind is particularly popular in spaces with large windows or beautiful views, as it allows for exterior visibility while bringing a chic and warm touch to the interior. For a neat finish and quality craftsmanship in Tunisia, consider Hayson Roman blinds.<\/p>\t\t\t\t\t\t\t\t<\/div>\n\t\t\t\t<\/div>\n\t\t\t\t<\/div>\n\t\t\t\t\t<\/div>\n\t\t\t\t<\/div>\n\t\t<div class=\"elementor-element elementor-element-a04b00e e-con-full e-flex e-con e-child\" data-id=\"a04b00e\" data-element_type=\"container\">\n\t\t\t\t<div class=\"elementor-element elementor-element-7fbd835 elementor-arrows-position-inside elementor-pagination-position-outside elementor-widget elementor-widget-image-carousel\" data-id=\"7fbd835\" data-element_type=\"widget\" data-settings=\"{&quot;slides_to_show&quot;:&quot;4&quot;,&quot;speed&quot;:1000,&quot;slides_to_scroll&quot;:&quot;4&quot;,&quot;navigation&quot;:&quot;both&quot;,&quot;autoplay&quot;:&quot;yes&quot;,&quot;pause_on_hover&quot;:&quot;yes&quot;,&quot;pause_on_interaction&quot;:&quot;yes&quot;,&quot;autoplay_speed&quot;:5000}\" data-widget_type=\"image-carousel.default\">\n\t\t\t\t<div class=\"elementor-widget-container\">\n\t\t\t\t\t\t\t<div class=\"elementor-image-carousel-wrapper swiper\" role=\"region\" aria-roledescription=\"carousel\" aria-label=\"Carrousel d\u2019images\" dir=\"ltr\">\n\t\t\t<div class=\"elementor-image-carousel swiper-wrapper\" aria-live=\"off\">\n\t\t\t\t\t\t\t\t<div class=\"swiper-slide\" role=\"group\" aria-roledescription=\"slide\" aria-label=\"1 of 10\"><a data-elementor-open-lightbox=\"yes\" data-elementor-lightbox-slideshow=\"7fbd835\" data-elementor-lightbox-title=\"stores bateau sur mesure en Tunisie\" data-e-action-hash=\"#elementor-action%3Aaction%3Dlightbox%26settings%3DeyJpZCI6MTg2NjAsInVybCI6Imh0dHBzOlwvXC93d3cuaGF5c29uZGVjby5jb21cL3dwLWNvbnRlbnRcL3VwbG9hZHNcLzIwMjVcLzA3XC8yLTEuanBnIiwic2xpZGVzaG93IjoiN2ZiZDgzNSJ9\" href=\"https:\/\/www.haysondeco.com\/wp-content\/uploads\/2025\/07\/2-1.jpg\"><figure class=\"swiper-slide-inner\"><img decoding=\"async\" class=\"swiper-slide-image\" src=\"https:\/\/www.haysondeco.com\/wp-content\/uploads\/2025\/07\/2-1.jpg\" alt=\"stores bateau sur mesure en Tunisie\" \/><\/figure><\/a><\/div><div class=\"swiper-slide\" role=\"group\" aria-roledescription=\"slide\" aria-label=\"2 of 10\"><a data-elementor-open-lightbox=\"yes\" data-elementor-lightbox-slideshow=\"7fbd835\" data-elementor-lightbox-title=\"stores bateau sur mesure Tunisie\" data-e-action-hash=\"#elementor-action%3Aaction%3Dlightbox%26settings%3DeyJpZCI6MTg2NjIsInVybCI6Imh0dHBzOlwvXC93d3cuaGF5c29uZGVjby5jb21cL3dwLWNvbnRlbnRcL3VwbG9hZHNcLzIwMjVcLzA3XC8yLTIuanBnIiwic2xpZGVzaG93IjoiN2ZiZDgzNSJ9\" href=\"https:\/\/www.haysondeco.com\/wp-content\/uploads\/2025\/07\/2-2.jpg\"><figure class=\"swiper-slide-inner\"><img decoding=\"async\" class=\"swiper-slide-image\" src=\"https:\/\/www.haysondeco.com\/wp-content\/uploads\/2025\/07\/2-2.jpg\" alt=\"stores bateau sur mesure Tunisie\" \/><\/figure><\/a><\/div><div class=\"swiper-slide\" role=\"group\" aria-roledescription=\"slide\" aria-label=\"3 of 10\"><a data-elementor-open-lightbox=\"yes\" data-elementor-lightbox-slideshow=\"7fbd835\" data-elementor-lightbox-title=\"stores bateau Tunisie\" data-e-action-hash=\"#elementor-action%3Aaction%3Dlightbox%26settings%3DeyJpZCI6MTg2NjQsInVybCI6Imh0dHBzOlwvXC93d3cuaGF5c29uZGVjby5jb21cL3dwLWNvbnRlbnRcL3VwbG9hZHNcLzIwMjVcLzA3XC8yLTMuanBnIiwic2xpZGVzaG93IjoiN2ZiZDgzNSJ9\" href=\"https:\/\/www.haysondeco.com\/wp-content\/uploads\/2025\/07\/2-3.jpg\"><figure class=\"swiper-slide-inner\"><img decoding=\"async\" class=\"swiper-slide-image\" src=\"https:\/\/www.haysondeco.com\/wp-content\/uploads\/2025\/07\/2-3.jpg\" alt=\"stores bateau Tunisie\" \/><\/figure><\/a><\/div><div class=\"swiper-slide\" role=\"group\" aria-roledescription=\"slide\" aria-label=\"4 of 10\"><a data-elementor-open-lightbox=\"yes\" data-elementor-lightbox-slideshow=\"7fbd835\" data-elementor-lightbox-title=\"stores bateau sur mesure \u00e0 Tunis\" data-e-action-hash=\"#elementor-action%3Aaction%3Dlightbox%26settings%3DeyJpZCI6MTg2NjYsInVybCI6Imh0dHBzOlwvXC93d3cuaGF5c29uZGVjby5jb21cL3dwLWNvbnRlbnRcL3VwbG9hZHNcLzIwMjVcLzA3XC8yLTQuanBnIiwic2xpZGVzaG93IjoiN2ZiZDgzNSJ9\" href=\"https:\/\/www.haysondeco.com\/wp-content\/uploads\/2025\/07\/2-4.jpg\"><figure class=\"swiper-slide-inner\"><img decoding=\"async\" class=\"swiper-slide-image\" src=\"https:\/\/www.haysondeco.com\/wp-content\/uploads\/2025\/07\/2-4.jpg\" alt=\"stores bateau sur mesure \u00e0 Tunis\" \/><\/figure><\/a><\/div><div class=\"swiper-slide\" role=\"group\" aria-roledescription=\"slide\" aria-label=\"5 of 10\"><a data-elementor-open-lightbox=\"yes\" data-elementor-lightbox-slideshow=\"7fbd835\" data-elementor-lightbox-title=\"stores bateau sur mesure\" data-e-action-hash=\"#elementor-action%3Aaction%3Dlightbox%26settings%3DeyJpZCI6MTg2NjgsInVybCI6Imh0dHBzOlwvXC93d3cuaGF5c29uZGVjby5jb21cL3dwLWNvbnRlbnRcL3VwbG9hZHNcLzIwMjVcLzA3XC8yLTUuanBnIiwic2xpZGVzaG93IjoiN2ZiZDgzNSJ9\" href=\"https:\/\/www.haysondeco.com\/wp-content\/uploads\/2025\/07\/2-5.jpg\"><figure class=\"swiper-slide-inner\"><img decoding=\"async\" class=\"swiper-slide-image\" src=\"https:\/\/www.haysondeco.com\/wp-content\/uploads\/2025\/07\/2-5.jpg\" alt=\"stores bateau sur mesure\" \/><\/figure><\/a><\/div><div class=\"swiper-slide\" role=\"group\" aria-roledescription=\"slide\" aria-label=\"6 of 10\"><a data-elementor-open-lightbox=\"yes\" data-elementor-lightbox-slideshow=\"7fbd835\" data-elementor-lightbox-title=\"custom-made Roman blinds in Tunisia\" data-e-action-hash=\"#elementor-action%3Aaction%3Dlightbox%26settings%3DeyJpZCI6MTg2NzAsInVybCI6Imh0dHBzOlwvXC93d3cuaGF5c29uZGVjby5jb21cL3dwLWNvbnRlbnRcL3VwbG9hZHNcLzIwMjVcLzA3XC8yLTYuanBnIiwic2xpZGVzaG93IjoiN2ZiZDgzNSJ9\" href=\"https:\/\/www.haysondeco.com\/wp-content\/uploads\/2025\/07\/2-6.jpg\"><figure class=\"swiper-slide-inner\"><img decoding=\"async\" class=\"swiper-slide-image\" src=\"https:\/\/www.haysondeco.com\/wp-content\/uploads\/2025\/07\/2-6.jpg\" alt=\"custom-made Roman blinds in Tunisia\" \/><\/figure><\/a><\/div><div class=\"swiper-slide\" role=\"group\" aria-roledescription=\"slide\" aria-label=\"7 of 10\"><a data-elementor-open-lightbox=\"yes\" data-elementor-lightbox-slideshow=\"7fbd835\" data-elementor-lightbox-title=\"custom-made Roman blinds Tunisia\" data-e-action-hash=\"#elementor-action%3Aaction%3Dlightbox%26settings%3DeyJpZCI6MTg2NzIsInVybCI6Imh0dHBzOlwvXC93d3cuaGF5c29uZGVjby5jb21cL3dwLWNvbnRlbnRcL3VwbG9hZHNcLzIwMjVcLzA3XC8yLTcuanBnIiwic2xpZGVzaG93IjoiN2ZiZDgzNSJ9\" href=\"https:\/\/www.haysondeco.com\/wp-content\/uploads\/2025\/07\/2-7.jpg\"><figure class=\"swiper-slide-inner\"><img decoding=\"async\" class=\"swiper-slide-image\" src=\"https:\/\/www.haysondeco.com\/wp-content\/uploads\/2025\/07\/2-7.jpg\" alt=\"custom-made Roman blinds Tunisia\" \/><\/figure><\/a><\/div><div class=\"swiper-slide\" role=\"group\" aria-roledescription=\"slide\" aria-label=\"8 of 10\"><a data-elementor-open-lightbox=\"yes\" data-elementor-lightbox-slideshow=\"7fbd835\" data-elementor-lightbox-title=\"Roman blinds Tunisia\" data-e-action-hash=\"#elementor-action%3Aaction%3Dlightbox%26settings%3DeyJpZCI6MTg2NzQsInVybCI6Imh0dHBzOlwvXC93d3cuaGF5c29uZGVjby5jb21cL3dwLWNvbnRlbnRcL3VwbG9hZHNcLzIwMjVcLzA3XC8yLTguanBnIiwic2xpZGVzaG93IjoiN2ZiZDgzNSJ9\" href=\"https:\/\/www.haysondeco.com\/wp-content\/uploads\/2025\/07\/2-8.jpg\"><figure class=\"swiper-slide-inner\"><img decoding=\"async\" class=\"swiper-slide-image\" src=\"https:\/\/www.haysondeco.com\/wp-content\/uploads\/2025\/07\/2-8.jpg\" alt=\"Roman blinds Tunisia\" \/><\/figure><\/a><\/div><div class=\"swiper-slide\" role=\"group\" aria-roledescription=\"slide\" aria-label=\"9 of 10\"><a data-elementor-open-lightbox=\"yes\" data-elementor-lightbox-slideshow=\"7fbd835\" data-elementor-lightbox-title=\"custom-made Roman blinds in Tunis\" data-e-action-hash=\"#elementor-action%3Aaction%3Dlightbox%26settings%3DeyJpZCI6MTg2NzYsInVybCI6Imh0dHBzOlwvXC93d3cuaGF5c29uZGVjby5jb21cL3dwLWNvbnRlbnRcL3VwbG9hZHNcLzIwMjVcLzA3XC8yLTkuanBnIiwic2xpZGVzaG93IjoiN2ZiZDgzNSJ9\" href=\"https:\/\/www.haysondeco.com\/wp-content\/uploads\/2025\/07\/2-9.jpg\"><figure class=\"swiper-slide-inner\"><img decoding=\"async\" class=\"swiper-slide-image\" src=\"https:\/\/www.haysondeco.com\/wp-content\/uploads\/2025\/07\/2-9.jpg\" alt=\"custom-made Roman blinds in Tunis\" \/><\/figure><\/a><\/div><div class=\"swiper-slide\" role=\"group\" aria-roledescription=\"slide\" aria-label=\"10 of 10\"><a data-elementor-open-lightbox=\"yes\" data-elementor-lightbox-slideshow=\"7fbd835\" data-elementor-lightbox-title=\"custom-made Roman blinds\" data-e-action-hash=\"#elementor-action%3Aaction%3Dlightbox%26settings%3DeyJpZCI6MTg2NzgsInVybCI6Imh0dHBzOlwvXC93d3cuaGF5c29uZGVjby5jb21cL3dwLWNvbnRlbnRcL3VwbG9hZHNcLzIwMjVcLzA3XC8yLTEwLmpwZyIsInNsaWRlc2hvdyI6IjdmYmQ4MzUifQ%3D%3D\" href=\"https:\/\/www.haysondeco.com\/wp-content\/uploads\/2025\/07\/2-10.jpg\"><figure class=\"swiper-slide-inner\"><img decoding=\"async\" class=\"swiper-slide-image\" src=\"https:\/\/www.haysondeco.com\/wp-content\/uploads\/2025\/07\/2-10.jpg\" alt=\"custom-made Roman blinds\" \/><\/figure><\/a><\/div>\t\t\t<\/div>\n\t\t\t\t\t\t\t\t\t\t\t\t<div class=\"elementor-swiper-button elementor-swiper-button-prev\" role=\"button\" tabindex=\"0\">\n\t\t\t\t\t\t<svg aria-hidden=\"true\" class=\"e-font-icon-svg e-eicon-chevron-left\" viewBox=\"0 0 1000 1000\" xmlns=\"http:\/\/www.w3.org\/2000\/svg\"><path d=\"M646 125C629 125 613 133 604 142L308 442C296 454 292 471 292 487 292 504 296 521 308 533L604 854C617 867 629 875 646 875 663 875 679 871 692 858 704 846 713 829 713 812 713 796 708 779 692 767L438 487 692 225C700 217 708 204 708 187 708 171 704 154 692 142 675 129 663 125 646 125Z\"><\/path><\/svg>\t\t\t\t\t<\/div>\n\t\t\t\t\t<div class=\"elementor-swiper-button elementor-swiper-button-next\" role=\"button\" tabindex=\"0\">\n\t\t\t\t\t\t<svg aria-hidden=\"true\" class=\"e-font-icon-svg e-eicon-chevron-right\" viewBox=\"0 0 1000 1000\" xmlns=\"http:\/\/www.w3.org\/2000\/svg\"><path d=\"M696 533C708 521 713 504 713 487 713 471 708 454 696 446L400 146C388 133 375 125 354 125 338 125 325 129 313 142 300 154 292 171 292 187 292 204 296 221 308 233L563 492 304 771C292 783 288 800 288 817 288 833 296 850 308 863 321 871 338 875 354 875 371 875 388 867 400 854L696 533Z\"><\/path><\/svg>\t\t\t\t\t<\/div>\n\t\t\t\t\n\t\t\t\t\t\t\t\t\t<div class=\"swiper-pagination\"><\/div>\n\t\t\t\t\t\t\t\t\t<\/div>\n\t\t\t\t\t\t<\/div>\n\t\t\t\t<\/div>\n\t\t\t\t<\/div>\n\t\t\t\t<\/div>\n\t\t","protected":false},"excerpt":{"rendered":"<p>elegance and functionality combined Roman blinds are one of the most popular choices for those seeking a modern and refined ambiance. At Hayso, we make custom-made Roman blinds in lightweight sheer, opaque, or blackout fabrics, depending on your needs and decorating style. Thanks to our wide selection of mechanisms adapted to each fabric, we guarantee &hellip; <br \/><a href=\"https:\/\/www.haysondeco.com\/en\/roman-blinds\/\" class=\"more-link\">Continue reading <span class=\"screen-reader-text\">Roman blinds<\/span><\/a><\/p>\n","protected":false},"author":1,"featured_media":0,"parent":0,"menu_order":0,"comment_status":"closed","ping_status":"closed","template":"","meta":{"_acf_changed":false,"inline_featured_image":false,"_joinchat":[],"footnotes":""},"class_list":["post-19625","page","type-page","status-publish","hentry"],"acf":[],"yoast_head":"<!-- This site is optimized with the Yoast SEO plugin v26.0 - https:\/\/yoast.com\/wordpress\/plugins\/seo\/ -->\n<title>Excellence in custom-made Roman blinds in Tunisia | Hayson<\/title>\n<meta name=\"description\" content=\"Elegant and functional roman blinds in Tunisia. Custom-made with light voile, blackout or opaque fabrics by Hayson Deco.\" \/>\n<meta name=\"robots\" content=\"index, follow, max-snippet:-1, max-image-preview:large, max-video-preview:-1\" \/>\n<link rel=\"canonical\" href=\"https:\/\/www.haysondeco.com\/en\/stores-bateaux\/\" \/>\n<meta property=\"og:locale\" content=\"en_US\" \/>\n<meta property=\"og:type\" content=\"article\" \/>\n<meta property=\"og:title\" content=\"Excellence in custom-made Roman blinds in Tunisia | Hayson\" \/>\n<meta property=\"og:description\" content=\"Elegant and functional roman blinds in Tunisia. Custom-made with light voile, blackout or opaque fabrics by Hayson Deco.\" \/>\n<meta property=\"og:url\" content=\"https:\/\/www.haysondeco.com\/stores-bateaux\/\" \/>\n<meta property=\"og:site_name\" content=\"Hayson Deco Tunisie\" \/>\n<meta property=\"article:publisher\" content=\"https:\/\/www.facebook.com\/HaysonDeco\" \/>\n<meta property=\"article:modified_time\" content=\"2025-09-24T11:22:42+00:00\" \/>\n<meta property=\"og:image\" content=\"https:\/\/www.haysondeco.com\/wp-content\/uploads\/2025\/07\/2-1.jpg\" \/>\n<meta name=\"twitter:card\" content=\"summary_large_image\" \/>\n<meta name=\"twitter:label1\" content=\"Est. reading time\" \/>\n\t<meta name=\"twitter:data1\" content=\"3 minutes\" \/>\n<script type=\"application\/ld+json\" class=\"yoast-schema-graph\">{\"@context\":\"https:\/\/schema.org\",\"@graph\":[{\"@type\":\"WebPage\",\"@id\":\"https:\/\/www.haysondeco.com\/stores-bateaux\/\",\"url\":\"https:\/\/www.haysondeco.com\/stores-bateaux\/\",\"name\":\"Excellence in custom-made Roman blinds in Tunisia | Hayson\",\"isPartOf\":{\"@id\":\"https:\/\/www.haysondeco.com\/#website\"},\"primaryImageOfPage\":{\"@id\":\"https:\/\/www.haysondeco.com\/stores-bateaux\/#primaryimage\"},\"image\":{\"@id\":\"https:\/\/www.haysondeco.com\/stores-bateaux\/#primaryimage\"},\"thumbnailUrl\":\"https:\/\/www.haysondeco.com\/wp-content\/uploads\/2025\/07\/2-1.jpg\",\"datePublished\":\"2025-06-24T14:10:16+00:00\",\"dateModified\":\"2025-09-24T11:22:42+00:00\",\"description\":\"Elegant and functional roman blinds in Tunisia. Custom-made with light voile, blackout or opaque fabrics by Hayson Deco.\",\"breadcrumb\":{\"@id\":\"https:\/\/www.haysondeco.com\/stores-bateaux\/#breadcrumb\"},\"inLanguage\":\"en-US\",\"potentialAction\":[{\"@type\":\"ReadAction\",\"target\":[\"https:\/\/www.haysondeco.com\/stores-bateaux\/\"]}]},{\"@type\":\"ImageObject\",\"inLanguage\":\"en-US\",\"@id\":\"https:\/\/www.haysondeco.com\/stores-bateaux\/#primaryimage\",\"url\":\"https:\/\/www.haysondeco.com\/wp-content\/uploads\/2025\/07\/2-1.jpg\",\"contentUrl\":\"https:\/\/www.haysondeco.com\/wp-content\/uploads\/2025\/07\/2-1.jpg\"},{\"@type\":\"BreadcrumbList\",\"@id\":\"https:\/\/www.haysondeco.com\/stores-bateaux\/#breadcrumb\",\"itemListElement\":[{\"@type\":\"ListItem\",\"position\":1,\"name\":\"Accueil\",\"item\":\"https:\/\/www.haysondeco.com\/en\/\"},{\"@type\":\"ListItem\",\"position\":2,\"name\":\"Roman blinds\"}]},{\"@type\":\"WebSite\",\"@id\":\"https:\/\/www.haysondeco.com\/#website\",\"url\":\"https:\/\/www.haysondeco.com\/\",\"name\":\"Hayson Deco Tunisie\",\"description\":\"Confection sur mesure, conseil d\u00e9co et mat\u00e9riaux de qualit\u00e9\",\"publisher\":{\"@id\":\"https:\/\/www.haysondeco.com\/#organization\"},\"potentialAction\":[{\"@type\":\"SearchAction\",\"target\":{\"@type\":\"EntryPoint\",\"urlTemplate\":\"https:\/\/www.haysondeco.com\/?s={search_term_string}\"},\"query-input\":{\"@type\":\"PropertyValueSpecification\",\"valueRequired\":true,\"valueName\":\"search_term_string\"}}],\"inLanguage\":\"en-US\"},{\"@type\":\"Organization\",\"@id\":\"https:\/\/www.haysondeco.com\/#organization\",\"name\":\"Hayson Deco Tunisie\",\"url\":\"https:\/\/www.haysondeco.com\/\",\"logo\":{\"@type\":\"ImageObject\",\"inLanguage\":\"en-US\",\"@id\":\"https:\/\/www.haysondeco.com\/#\/schema\/logo\/image\/\",\"url\":\"https:\/\/www.haysondeco.com\/wp-content\/uploads\/2023\/11\/logo-hayson.png\",\"contentUrl\":\"https:\/\/www.haysondeco.com\/wp-content\/uploads\/2023\/11\/logo-hayson.png\",\"width\":151,\"height\":34,\"caption\":\"Hayson Deco Tunisie\"},\"image\":{\"@id\":\"https:\/\/www.haysondeco.com\/#\/schema\/logo\/image\/\"},\"sameAs\":[\"https:\/\/www.facebook.com\/HaysonDeco\",\"https:\/\/www.instagram.com\/hayson_deco\/?hl=fr\"]}]}<\/script>\n<!-- \/ Yoast SEO plugin. -->","yoast_head_json":{"title":"Excellence in custom-made Roman blinds in Tunisia | Hayson","description":"Elegant and functional roman blinds in Tunisia. Custom-made with light voile, blackout or opaque fabrics by Hayson Deco.","robots":{"index":"index","follow":"follow","max-snippet":"max-snippet:-1","max-image-preview":"max-image-preview:large","max-video-preview":"max-video-preview:-1"},"canonical":"https:\/\/www.haysondeco.com\/en\/stores-bateaux\/","og_locale":"en_US","og_type":"article","og_title":"Excellence in custom-made Roman blinds in Tunisia | Hayson","og_description":"Elegant and functional roman blinds in Tunisia. Custom-made with light voile, blackout or opaque fabrics by Hayson Deco.","og_url":"https:\/\/www.haysondeco.com\/stores-bateaux\/","og_site_name":"Hayson Deco Tunisie","article_publisher":"https:\/\/www.facebook.com\/HaysonDeco","article_modified_time":"2025-09-24T11:22:42+00:00","og_image":[{"url":"https:\/\/www.haysondeco.com\/wp-content\/uploads\/2025\/07\/2-1.jpg","type":"","width":"","height":""}],"twitter_card":"summary_large_image","twitter_misc":{"Est. reading time":"3 minutes"},"schema":{"@context":"https:\/\/schema.org","@graph":[{"@type":"WebPage","@id":"https:\/\/www.haysondeco.com\/stores-bateaux\/","url":"https:\/\/www.haysondeco.com\/stores-bateaux\/","name":"Excellence in custom-made Roman blinds in Tunisia | Hayson","isPartOf":{"@id":"https:\/\/www.haysondeco.com\/#website"},"primaryImageOfPage":{"@id":"https:\/\/www.haysondeco.com\/stores-bateaux\/#primaryimage"},"image":{"@id":"https:\/\/www.haysondeco.com\/stores-bateaux\/#primaryimage"},"thumbnailUrl":"https:\/\/www.haysondeco.com\/wp-content\/uploads\/2025\/07\/2-1.jpg","datePublished":"2025-06-24T14:10:16+00:00","dateModified":"2025-09-24T11:22:42+00:00","description":"Elegant and functional roman blinds in Tunisia. Custom-made with light voile, blackout or opaque fabrics by Hayson Deco.","breadcrumb":{"@id":"https:\/\/www.haysondeco.com\/stores-bateaux\/#breadcrumb"},"inLanguage":"en-US","potentialAction":[{"@type":"ReadAction","target":["https:\/\/www.haysondeco.com\/stores-bateaux\/"]}]},{"@type":"ImageObject","inLanguage":"en-US","@id":"https:\/\/www.haysondeco.com\/stores-bateaux\/#primaryimage","url":"https:\/\/www.haysondeco.com\/wp-content\/uploads\/2025\/07\/2-1.jpg","contentUrl":"https:\/\/www.haysondeco.com\/wp-content\/uploads\/2025\/07\/2-1.jpg"},{"@type":"BreadcrumbList","@id":"https:\/\/www.haysondeco.com\/stores-bateaux\/#breadcrumb","itemListElement":[{"@type":"ListItem","position":1,"name":"Accueil","item":"https:\/\/www.haysondeco.com\/en\/"},{"@type":"ListItem","position":2,"name":"Roman blinds"}]},{"@type":"WebSite","@id":"https:\/\/www.haysondeco.com\/#website","url":"https:\/\/www.haysondeco.com\/","name":"Hayson Deco Tunisie","description":"Confection sur mesure, conseil d\u00e9co et mat\u00e9riaux de qualit\u00e9","publisher":{"@id":"https:\/\/www.haysondeco.com\/#organization"},"potentialAction":[{"@type":"SearchAction","target":{"@type":"EntryPoint","urlTemplate":"https:\/\/www.haysondeco.com\/?s={search_term_string}"},"query-input":{"@type":"PropertyValueSpecification","valueRequired":true,"valueName":"search_term_string"}}],"inLanguage":"en-US"},{"@type":"Organization","@id":"https:\/\/www.haysondeco.com\/#organization","name":"Hayson Deco Tunisie","url":"https:\/\/www.haysondeco.com\/","logo":{"@type":"ImageObject","inLanguage":"en-US","@id":"https:\/\/www.haysondeco.com\/#\/schema\/logo\/image\/","url":"https:\/\/www.haysondeco.com\/wp-content\/uploads\/2023\/11\/logo-hayson.png","contentUrl":"https:\/\/www.haysondeco.com\/wp-content\/uploads\/2023\/11\/logo-hayson.png","width":151,"height":34,"caption":"Hayson Deco Tunisie"},"image":{"@id":"https:\/\/www.haysondeco.com\/#\/schema\/logo\/image\/"},"sameAs":["https:\/\/www.facebook.com\/HaysonDeco","https:\/\/www.instagram.com\/hayson_deco\/?hl=fr"]}]}},"_links":{"self":[{"href":"https:\/\/www.haysondeco.com\/en\/wp-json\/wp\/v2\/pages\/19625","targetHints":{"allow":["GET"]}}],"collection":[{"href":"https:\/\/www.haysondeco.com\/en\/wp-json\/wp\/v2\/pages"}],"about":[{"href":"https:\/\/www.haysondeco.com\/en\/wp-json\/wp\/v2\/types\/page"}],"author":[{"embeddable":true,"href":"https:\/\/www.haysondeco.com\/en\/wp-json\/wp\/v2\/users\/1"}],"replies":[{"embeddable":true,"href":"https:\/\/www.haysondeco.com\/en\/wp-json\/wp\/v2\/comments?post=19625"}],"version-history":[{"count":5,"href":"https:\/\/www.haysondeco.com\/en\/wp-json\/wp\/v2\/pages\/19625\/revisions"}],"predecessor-version":[{"id":20319,"href":"https:\/\/www.haysondeco.com\/en\/wp-json\/wp\/v2\/pages\/19625\/revisions\/20319"}],"wp:attachment":[{"href":"https:\/\/www.haysondeco.com\/en\/wp-json\/wp\/v2\/media?parent=19625"}],"curies":[{"name":"wp","href":"https:\/\/api.w.org\/{rel}","templated":true}]}}