{"id":19627,"date":"2025-06-24T15:29:45","date_gmt":"2025-06-24T13:29:45","guid":{"rendered":"https:\/\/www.haysondeco.com\/stores-enrouleurs\/"},"modified":"2025-09-24T12:04:57","modified_gmt":"2025-09-24T11:04:57","slug":"roller-blinds","status":"publish","type":"page","link":"https:\/\/www.haysondeco.com\/en\/roller-blinds\/","title":{"rendered":"Roller blinds"},"content":{"rendered":"\t\t<div data-elementor-type=\"wp-page\" data-elementor-id=\"19627\" class=\"elementor elementor-19627\">\n\t\t\t\t<div class=\"elementor-element elementor-element-c1bb39c e-flex e-con-boxed e-con e-parent\" data-id=\"c1bb39c\" data-element_type=\"container\">\n\t\t\t\t\t<div class=\"e-con-inner\">\n\t\t<div class=\"elementor-element elementor-element-10cfa5e e-con-full e-flex e-con e-child\" data-id=\"10cfa5e\" data-element_type=\"container\">\n\t\t\t\t<div class=\"elementor-element elementor-element-eae6e47 elementor-widget elementor-widget-heading\" data-id=\"eae6e47\" data-element_type=\"widget\" data-widget_type=\"heading.default\">\n\t\t\t\t<div class=\"elementor-widget-container\">\n\t\t\t\t\t<h2 class=\"elementor-heading-title elementor-size-default\">practical, aesthetic and functional<\/h2>\t\t\t\t<\/div>\n\t\t\t\t<\/div>\n\t\t\t\t<div class=\"elementor-element elementor-element-fb66b80 elementor-widget__width-initial elementor-widget elementor-widget-text-editor\" data-id=\"fb66b80\" data-element_type=\"widget\" data-widget_type=\"text-editor.default\">\n\t\t\t\t<div class=\"elementor-widget-container\">\n\t\t\t\t\t\t\t\t\t<p>Custom-made roller blinds are an ideal solution for controlling light while adding a modern touch to your home. At Hayso, we offer custom roller blinds, available in several diameters and made from high-quality technical fabrics.<\/p><p>Partially opaque or completely blackout, these roller blinds are ideal for very bright spaces such as offices, administration rooms, or waiting rooms. They help limit glare while preserving the aesthetics of the space.<\/p><p>But that&#8217;s not all: thanks to their easy maintenance, roller blinds are also ideal for use in the home, particularly in rooms exposed to humidity or dirt, such as the kitchen or bathroom.<\/p>\t\t\t\t\t\t\t\t<\/div>\n\t\t\t\t<\/div>\n\t\t\t\t<\/div>\n\t\t\t\t\t<\/div>\n\t\t\t\t<\/div>\n\t\t<div class=\"elementor-element elementor-element-eb054d0 e-flex e-con-boxed e-con e-parent\" data-id=\"eb054d0\" data-element_type=\"container\">\n\t\t\t\t\t<div class=\"e-con-inner\">\n\t\t\t\t<div class=\"elementor-element elementor-element-6622d22 elementor-pagination-position-outside elementor-widget elementor-widget-image-carousel\" data-id=\"6622d22\" data-element_type=\"widget\" data-settings=\"{&quot;slides_to_show&quot;:&quot;4&quot;,&quot;navigation&quot;:&quot;dots&quot;,&quot;speed&quot;:1000,&quot;slides_to_scroll&quot;:&quot;4&quot;,&quot;autoplay&quot;:&quot;yes&quot;,&quot;pause_on_hover&quot;:&quot;yes&quot;,&quot;pause_on_interaction&quot;:&quot;yes&quot;,&quot;autoplay_speed&quot;:5000,&quot;infinite&quot;:&quot;yes&quot;}\" data-widget_type=\"image-carousel.default\">\n\t\t\t\t<div class=\"elementor-widget-container\">\n\t\t\t\t\t\t\t<div class=\"elementor-image-carousel-wrapper swiper\" role=\"region\" aria-roledescription=\"carousel\" aria-label=\"Carrousel d\u2019images\" dir=\"ltr\">\n\t\t\t<div class=\"elementor-image-carousel swiper-wrapper\" aria-live=\"off\">\n\t\t\t\t\t\t\t\t<div class=\"swiper-slide\" role=\"group\" aria-roledescription=\"slide\" aria-label=\"1 of 14\"><a data-elementor-open-lightbox=\"yes\" data-elementor-lightbox-slideshow=\"6622d22\" data-elementor-lightbox-title=\"Store enrouleur\" data-e-action-hash=\"#elementor-action%3Aaction%3Dlightbox%26settings%3DeyJpZCI6MTg2MjksInVybCI6Imh0dHBzOlwvXC93d3cuaGF5c29uZGVjby5jb21cL3dwLWNvbnRlbnRcL3VwbG9hZHNcLzIwMjVcLzA3XC8xLTEuanBnIiwic2xpZGVzaG93IjoiNjYyMmQyMiJ9\" href=\"https:\/\/www.haysondeco.com\/wp-content\/uploads\/2025\/07\/1-1.jpg\"><figure class=\"swiper-slide-inner\"><img decoding=\"async\" class=\"swiper-slide-image\" src=\"https:\/\/www.haysondeco.com\/wp-content\/uploads\/2025\/07\/1-1.jpg\" alt=\"Store enrouleur Tunisie\" \/><\/figure><\/a><\/div><div class=\"swiper-slide\" role=\"group\" aria-roledescription=\"slide\" aria-label=\"2 of 14\"><a data-elementor-open-lightbox=\"yes\" data-elementor-lightbox-slideshow=\"6622d22\" data-elementor-lightbox-title=\"Store enrouleur en Tunisie\" data-e-action-hash=\"#elementor-action%3Aaction%3Dlightbox%26settings%3DeyJpZCI6MTg2MzEsInVybCI6Imh0dHBzOlwvXC93d3cuaGF5c29uZGVjby5jb21cL3dwLWNvbnRlbnRcL3VwbG9hZHNcLzIwMjVcLzA3XC8xLTIuanBnIiwic2xpZGVzaG93IjoiNjYyMmQyMiJ9\" href=\"https:\/\/www.haysondeco.com\/wp-content\/uploads\/2025\/07\/1-2.jpg\"><figure class=\"swiper-slide-inner\"><img decoding=\"async\" class=\"swiper-slide-image\" src=\"https:\/\/www.haysondeco.com\/wp-content\/uploads\/2025\/07\/1-2.jpg\" alt=\"Store enrouleur en Tunisie\" \/><\/figure><\/a><\/div><div class=\"swiper-slide\" role=\"group\" aria-roledescription=\"slide\" aria-label=\"3 of 14\"><a data-elementor-open-lightbox=\"yes\" data-elementor-lightbox-slideshow=\"6622d22\" data-elementor-lightbox-title=\"Store enrouleur en Tunisie\" data-e-action-hash=\"#elementor-action%3Aaction%3Dlightbox%26settings%3DeyJpZCI6MTg2MzMsInVybCI6Imh0dHBzOlwvXC93d3cuaGF5c29uZGVjby5jb21cL3dwLWNvbnRlbnRcL3VwbG9hZHNcLzIwMjVcLzA3XC8xLTMuanBnIiwic2xpZGVzaG93IjoiNjYyMmQyMiJ9\" href=\"https:\/\/www.haysondeco.com\/wp-content\/uploads\/2025\/07\/1-3.jpg\"><figure class=\"swiper-slide-inner\"><img decoding=\"async\" class=\"swiper-slide-image\" src=\"https:\/\/www.haysondeco.com\/wp-content\/uploads\/2025\/07\/1-3.jpg\" alt=\"Store enrouleur\" \/><\/figure><\/a><\/div><div class=\"swiper-slide\" role=\"group\" aria-roledescription=\"slide\" aria-label=\"4 of 14\"><a data-elementor-open-lightbox=\"yes\" data-elementor-lightbox-slideshow=\"6622d22\" data-elementor-lightbox-title=\"Store enrouleur en Tunisie\" data-e-action-hash=\"#elementor-action%3Aaction%3Dlightbox%26settings%3DeyJpZCI6MTg2MzUsInVybCI6Imh0dHBzOlwvXC93d3cuaGF5c29uZGVjby5jb21cL3dwLWNvbnRlbnRcL3VwbG9hZHNcLzIwMjVcLzA3XC8xLTQuanBnIiwic2xpZGVzaG93IjoiNjYyMmQyMiJ9\" href=\"https:\/\/www.haysondeco.com\/wp-content\/uploads\/2025\/07\/1-4.jpg\"><figure class=\"swiper-slide-inner\"><img decoding=\"async\" class=\"swiper-slide-image\" src=\"https:\/\/www.haysondeco.com\/wp-content\/uploads\/2025\/07\/1-4.jpg\" alt=\"Stores enrouleurs en Tunisie\" \/><\/figure><\/a><\/div><div class=\"swiper-slide\" role=\"group\" aria-roledescription=\"slide\" aria-label=\"5 of 14\"><a data-elementor-open-lightbox=\"yes\" data-elementor-lightbox-slideshow=\"6622d22\" data-elementor-lightbox-title=\"Store enrouleurs \u00e0 Tunis\" data-e-action-hash=\"#elementor-action%3Aaction%3Dlightbox%26settings%3DeyJpZCI6MTg2MzcsInVybCI6Imh0dHBzOlwvXC93d3cuaGF5c29uZGVjby5jb21cL3dwLWNvbnRlbnRcL3VwbG9hZHNcLzIwMjVcLzA3XC8xLTUuanBnIiwic2xpZGVzaG93IjoiNjYyMmQyMiJ9\" href=\"https:\/\/www.haysondeco.com\/wp-content\/uploads\/2025\/07\/1-5.jpg\"><figure class=\"swiper-slide-inner\"><img decoding=\"async\" class=\"swiper-slide-image\" src=\"https:\/\/www.haysondeco.com\/wp-content\/uploads\/2025\/07\/1-5.jpg\" alt=\"Store enrouleurs \u00e0 Tunis\" \/><\/figure><\/a><\/div><div class=\"swiper-slide\" role=\"group\" aria-roledescription=\"slide\" aria-label=\"6 of 14\"><a data-elementor-open-lightbox=\"yes\" data-elementor-lightbox-slideshow=\"6622d22\" data-elementor-lightbox-title=\"1-6\" data-e-action-hash=\"#elementor-action%3Aaction%3Dlightbox%26settings%3DeyJpZCI6MTg2MzksInVybCI6Imh0dHBzOlwvXC93d3cuaGF5c29uZGVjby5jb21cL3dwLWNvbnRlbnRcL3VwbG9hZHNcLzIwMjVcLzA3XC8xLTYuanBnIiwic2xpZGVzaG93IjoiNjYyMmQyMiJ9\" href=\"https:\/\/www.haysondeco.com\/wp-content\/uploads\/2025\/07\/1-6.jpg\"><figure class=\"swiper-slide-inner\"><img decoding=\"async\" class=\"swiper-slide-image\" src=\"https:\/\/www.haysondeco.com\/wp-content\/uploads\/2025\/07\/1-6.jpg\" alt=\"stores enrouleurs\" \/><\/figure><\/a><\/div><div class=\"swiper-slide\" role=\"group\" aria-roledescription=\"slide\" aria-label=\"7 of 14\"><a data-elementor-open-lightbox=\"yes\" data-elementor-lightbox-slideshow=\"6622d22\" data-elementor-lightbox-title=\"Custom Roller Blinds in Tunisia\" data-e-action-hash=\"#elementor-action%3Aaction%3Dlightbox%26settings%3DeyJpZCI6MTg2NDEsInVybCI6Imh0dHBzOlwvXC93d3cuaGF5c29uZGVjby5jb21cL3dwLWNvbnRlbnRcL3VwbG9hZHNcLzIwMjVcLzA3XC8xLTcuanBnIiwic2xpZGVzaG93IjoiNjYyMmQyMiJ9\" href=\"https:\/\/www.haysondeco.com\/wp-content\/uploads\/2025\/07\/1-7.jpg\"><figure class=\"swiper-slide-inner\"><img decoding=\"async\" class=\"swiper-slide-image\" src=\"https:\/\/www.haysondeco.com\/wp-content\/uploads\/2025\/07\/1-7.jpg\" alt=\"Custom Roller Blinds in Tunisia\" \/><\/figure><\/a><\/div><div class=\"swiper-slide\" role=\"group\" aria-roledescription=\"slide\" aria-label=\"8 of 14\"><a data-elementor-open-lightbox=\"yes\" data-elementor-lightbox-slideshow=\"6622d22\" data-elementor-lightbox-title=\"Custom Roller Blinds in Tunisia\" data-e-action-hash=\"#elementor-action%3Aaction%3Dlightbox%26settings%3DeyJpZCI6MTg2NDMsInVybCI6Imh0dHBzOlwvXC93d3cuaGF5c29uZGVjby5jb21cL3dwLWNvbnRlbnRcL3VwbG9hZHNcLzIwMjVcLzA3XC8xLTguanBnIiwic2xpZGVzaG93IjoiNjYyMmQyMiJ9\" href=\"https:\/\/www.haysondeco.com\/wp-content\/uploads\/2025\/07\/1-8.jpg\"><figure class=\"swiper-slide-inner\"><img decoding=\"async\" class=\"swiper-slide-image\" src=\"https:\/\/www.haysondeco.com\/wp-content\/uploads\/2025\/07\/1-8.jpg\" alt=\"Custom Roller Blinds Tunisia\" \/><\/figure><\/a><\/div><div class=\"swiper-slide\" role=\"group\" aria-roledescription=\"slide\" aria-label=\"9 of 14\"><a data-elementor-open-lightbox=\"yes\" data-elementor-lightbox-slideshow=\"6622d22\" data-elementor-lightbox-title=\"Custom Roller Blinds\" data-e-action-hash=\"#elementor-action%3Aaction%3Dlightbox%26settings%3DeyJpZCI6MTg2NDUsInVybCI6Imh0dHBzOlwvXC93d3cuaGF5c29uZGVjby5jb21cL3dwLWNvbnRlbnRcL3VwbG9hZHNcLzIwMjVcLzA3XC8xLTkuanBnIiwic2xpZGVzaG93IjoiNjYyMmQyMiJ9\" href=\"https:\/\/www.haysondeco.com\/wp-content\/uploads\/2025\/07\/1-9.jpg\"><figure class=\"swiper-slide-inner\"><img decoding=\"async\" class=\"swiper-slide-image\" src=\"https:\/\/www.haysondeco.com\/wp-content\/uploads\/2025\/07\/1-9.jpg\" alt=\"Custom Roller Blinds\" \/><\/figure><\/a><\/div><div class=\"swiper-slide\" role=\"group\" aria-roledescription=\"slide\" aria-label=\"10 of 14\"><a data-elementor-open-lightbox=\"yes\" data-elementor-lightbox-slideshow=\"6622d22\" data-elementor-lightbox-title=\"Roller Blinds in Tunisia\" data-e-action-hash=\"#elementor-action%3Aaction%3Dlightbox%26settings%3DeyJpZCI6MTg2NDcsInVybCI6Imh0dHBzOlwvXC93d3cuaGF5c29uZGVjby5jb21cL3dwLWNvbnRlbnRcL3VwbG9hZHNcLzIwMjVcLzA3XC8xLTEwLmpwZyIsInNsaWRlc2hvdyI6IjY2MjJkMjIifQ%3D%3D\" href=\"https:\/\/www.haysondeco.com\/wp-content\/uploads\/2025\/07\/1-10.jpg\"><figure class=\"swiper-slide-inner\"><img decoding=\"async\" class=\"swiper-slide-image\" src=\"https:\/\/www.haysondeco.com\/wp-content\/uploads\/2025\/07\/1-10.jpg\" alt=\"Roller Blinds in Tunisia\" \/><\/figure><\/a><\/div><div class=\"swiper-slide\" role=\"group\" aria-roledescription=\"slide\" aria-label=\"11 of 14\"><a data-elementor-open-lightbox=\"yes\" data-elementor-lightbox-slideshow=\"6622d22\" data-elementor-lightbox-title=\"Roller Blinds in Tunisia\" data-e-action-hash=\"#elementor-action%3Aaction%3Dlightbox%26settings%3DeyJpZCI6MTg2NDksInVybCI6Imh0dHBzOlwvXC93d3cuaGF5c29uZGVjby5jb21cL3dwLWNvbnRlbnRcL3VwbG9hZHNcLzIwMjVcLzA3XC8xLTExLmpwZyIsInNsaWRlc2hvdyI6IjY2MjJkMjIifQ%3D%3D\" href=\"https:\/\/www.haysondeco.com\/wp-content\/uploads\/2025\/07\/1-11.jpg\"><figure class=\"swiper-slide-inner\"><img decoding=\"async\" class=\"swiper-slide-image\" src=\"https:\/\/www.haysondeco.com\/wp-content\/uploads\/2025\/07\/1-11.jpg\" alt=\"Roller Blinds\" \/><\/figure><\/a><\/div><div class=\"swiper-slide\" role=\"group\" aria-roledescription=\"slide\" aria-label=\"12 of 14\"><a data-elementor-open-lightbox=\"yes\" data-elementor-lightbox-slideshow=\"6622d22\" data-elementor-lightbox-title=\"Roller Blinds in Tunis\" data-e-action-hash=\"#elementor-action%3Aaction%3Dlightbox%26settings%3DeyJpZCI6MTg2NTEsInVybCI6Imh0dHBzOlwvXC93d3cuaGF5c29uZGVjby5jb21cL3dwLWNvbnRlbnRcL3VwbG9hZHNcLzIwMjVcLzA3XC8xLTEyLmpwZyIsInNsaWRlc2hvdyI6IjY2MjJkMjIifQ%3D%3D\" href=\"https:\/\/www.haysondeco.com\/wp-content\/uploads\/2025\/07\/1-12.jpg\"><figure class=\"swiper-slide-inner\"><img decoding=\"async\" class=\"swiper-slide-image\" src=\"https:\/\/www.haysondeco.com\/wp-content\/uploads\/2025\/07\/1-12.jpg\" alt=\"Roller Blinds in Tunis\" \/><\/figure><\/a><\/div><div class=\"swiper-slide\" role=\"group\" aria-roledescription=\"slide\" aria-label=\"13 of 14\"><a data-elementor-open-lightbox=\"yes\" data-elementor-lightbox-slideshow=\"6622d22\" data-elementor-lightbox-title=\"Custom Roller Blinds in Tunis\" data-e-action-hash=\"#elementor-action%3Aaction%3Dlightbox%26settings%3DeyJpZCI6MTg2NTMsInVybCI6Imh0dHBzOlwvXC93d3cuaGF5c29uZGVjby5jb21cL3dwLWNvbnRlbnRcL3VwbG9hZHNcLzIwMjVcLzA3XC8xLTEzLmpwZyIsInNsaWRlc2hvdyI6IjY2MjJkMjIifQ%3D%3D\" href=\"https:\/\/www.haysondeco.com\/wp-content\/uploads\/2025\/07\/1-13.jpg\"><figure class=\"swiper-slide-inner\"><img decoding=\"async\" class=\"swiper-slide-image\" src=\"https:\/\/www.haysondeco.com\/wp-content\/uploads\/2025\/07\/1-13.jpg\" alt=\"Custom Roller Blinds in Tunis\" \/><\/figure><\/a><\/div><div class=\"swiper-slide\" role=\"group\" aria-roledescription=\"slide\" aria-label=\"14 of 14\"><a data-elementor-open-lightbox=\"yes\" data-elementor-lightbox-slideshow=\"6622d22\" data-elementor-lightbox-title=\"Roller Blinds\" data-e-action-hash=\"#elementor-action%3Aaction%3Dlightbox%26settings%3DeyJpZCI6MTg2NTUsInVybCI6Imh0dHBzOlwvXC93d3cuaGF5c29uZGVjby5jb21cL3dwLWNvbnRlbnRcL3VwbG9hZHNcLzIwMjVcLzA3XC8xLTE0LmpwZyIsInNsaWRlc2hvdyI6IjY2MjJkMjIifQ%3D%3D\" href=\"https:\/\/www.haysondeco.com\/wp-content\/uploads\/2025\/07\/1-14.jpg\"><figure class=\"swiper-slide-inner\"><img decoding=\"async\" class=\"swiper-slide-image\" src=\"https:\/\/www.haysondeco.com\/wp-content\/uploads\/2025\/07\/1-14.jpg\" alt=\"Roller Blinds\" \/><\/figure><\/a><\/div>\t\t\t<\/div>\n\t\t\t\t\t\t\t\n\t\t\t\t\t\t\t\t\t<div class=\"swiper-pagination\"><\/div>\n\t\t\t\t\t\t\t\t\t<\/div>\n\t\t\t\t\t\t<\/div>\n\t\t\t\t<\/div>\n\t\t\t\t\t<\/div>\n\t\t\t\t<\/div>\n\t\t\t\t<\/div>\n\t\t","protected":false},"excerpt":{"rendered":"<p>practical, aesthetic and functional Custom-made roller blinds are an ideal solution for controlling light while adding a modern touch to your home. At Hayso, we offer custom roller blinds, available in several diameters and made from high-quality technical fabrics. Partially opaque or completely blackout, these roller blinds are ideal for very bright spaces such as &hellip; <br \/><a href=\"https:\/\/www.haysondeco.com\/en\/roller-blinds\/\" class=\"more-link\">Continue reading <span class=\"screen-reader-text\">Roller blinds<\/span><\/a><\/p>\n","protected":false},"author":1,"featured_media":0,"parent":0,"menu_order":0,"comment_status":"closed","ping_status":"closed","template":"","meta":{"_acf_changed":false,"inline_featured_image":false,"_joinchat":[],"footnotes":""},"class_list":["post-19627","page","type-page","status-publish","hentry"],"acf":[],"yoast_head":"<!-- This site is optimized with the Yoast SEO plugin v26.0 - https:\/\/yoast.com\/wordpress\/plugins\/seo\/ -->\n<title>Roller blinds | Hayson Deco Tunisie<\/title>\n<meta name=\"description\" content=\"practical, aesthetic and functional Custom-made roller blinds are an ideal solution for controlling light while adding a modern touch to your home. At\" \/>\n<meta name=\"robots\" content=\"index, follow, max-snippet:-1, max-image-preview:large, max-video-preview:-1\" \/>\n<link rel=\"canonical\" href=\"https:\/\/www.haysondeco.com\/en\/stores-enrouleurs\/\" \/>\n<meta property=\"og:locale\" content=\"en_US\" \/>\n<meta property=\"og:type\" content=\"article\" \/>\n<meta property=\"og:title\" content=\"Roller blinds | Hayson Deco Tunisie\" \/>\n<meta property=\"og:description\" content=\"practical, aesthetic and functional Custom-made roller blinds are an ideal solution for controlling light while adding a modern touch to your home. At\" \/>\n<meta property=\"og:url\" content=\"https:\/\/www.haysondeco.com\/stores-enrouleurs\/\" \/>\n<meta property=\"og:site_name\" content=\"Hayson Deco Tunisie\" \/>\n<meta property=\"article:publisher\" content=\"https:\/\/www.facebook.com\/HaysonDeco\" \/>\n<meta property=\"article:modified_time\" content=\"2025-09-24T11:04:57+00:00\" \/>\n<meta property=\"og:image\" content=\"https:\/\/www.haysondeco.com\/wp-content\/uploads\/2025\/07\/1-1.jpg\" \/>\n<meta name=\"twitter:card\" content=\"summary_large_image\" \/>\n<meta name=\"twitter:label1\" content=\"Est. reading time\" \/>\n\t<meta name=\"twitter:data1\" content=\"4 minutes\" \/>\n<script type=\"application\/ld+json\" class=\"yoast-schema-graph\">{\"@context\":\"https:\/\/schema.org\",\"@graph\":[{\"@type\":\"WebPage\",\"@id\":\"https:\/\/www.haysondeco.com\/stores-enrouleurs\/\",\"url\":\"https:\/\/www.haysondeco.com\/stores-enrouleurs\/\",\"name\":\"Roller blinds | Hayson Deco Tunisie\",\"isPartOf\":{\"@id\":\"https:\/\/www.haysondeco.com\/#website\"},\"primaryImageOfPage\":{\"@id\":\"https:\/\/www.haysondeco.com\/stores-enrouleurs\/#primaryimage\"},\"image\":{\"@id\":\"https:\/\/www.haysondeco.com\/stores-enrouleurs\/#primaryimage\"},\"thumbnailUrl\":\"https:\/\/www.haysondeco.com\/wp-content\/uploads\/2025\/07\/1-1.jpg\",\"datePublished\":\"2025-06-24T13:29:45+00:00\",\"dateModified\":\"2025-09-24T11:04:57+00:00\",\"description\":\"practical, aesthetic and functional Custom-made roller blinds are an ideal solution for controlling light while adding a modern touch to your home. At\",\"breadcrumb\":{\"@id\":\"https:\/\/www.haysondeco.com\/stores-enrouleurs\/#breadcrumb\"},\"inLanguage\":\"en-US\",\"potentialAction\":[{\"@type\":\"ReadAction\",\"target\":[\"https:\/\/www.haysondeco.com\/stores-enrouleurs\/\"]}]},{\"@type\":\"ImageObject\",\"inLanguage\":\"en-US\",\"@id\":\"https:\/\/www.haysondeco.com\/stores-enrouleurs\/#primaryimage\",\"url\":\"https:\/\/www.haysondeco.com\/wp-content\/uploads\/2025\/07\/1-1.jpg\",\"contentUrl\":\"https:\/\/www.haysondeco.com\/wp-content\/uploads\/2025\/07\/1-1.jpg\"},{\"@type\":\"BreadcrumbList\",\"@id\":\"https:\/\/www.haysondeco.com\/stores-enrouleurs\/#breadcrumb\",\"itemListElement\":[{\"@type\":\"ListItem\",\"position\":1,\"name\":\"Accueil\",\"item\":\"https:\/\/www.haysondeco.com\/en\/\"},{\"@type\":\"ListItem\",\"position\":2,\"name\":\"Roller blinds\"}]},{\"@type\":\"WebSite\",\"@id\":\"https:\/\/www.haysondeco.com\/#website\",\"url\":\"https:\/\/www.haysondeco.com\/\",\"name\":\"Hayson Deco Tunisie\",\"description\":\"Confection sur mesure, conseil d\u00e9co et mat\u00e9riaux de qualit\u00e9\",\"publisher\":{\"@id\":\"https:\/\/www.haysondeco.com\/#organization\"},\"potentialAction\":[{\"@type\":\"SearchAction\",\"target\":{\"@type\":\"EntryPoint\",\"urlTemplate\":\"https:\/\/www.haysondeco.com\/?s={search_term_string}\"},\"query-input\":{\"@type\":\"PropertyValueSpecification\",\"valueRequired\":true,\"valueName\":\"search_term_string\"}}],\"inLanguage\":\"en-US\"},{\"@type\":\"Organization\",\"@id\":\"https:\/\/www.haysondeco.com\/#organization\",\"name\":\"Hayson Deco Tunisie\",\"url\":\"https:\/\/www.haysondeco.com\/\",\"logo\":{\"@type\":\"ImageObject\",\"inLanguage\":\"en-US\",\"@id\":\"https:\/\/www.haysondeco.com\/#\/schema\/logo\/image\/\",\"url\":\"https:\/\/www.haysondeco.com\/wp-content\/uploads\/2023\/11\/logo-hayson.png\",\"contentUrl\":\"https:\/\/www.haysondeco.com\/wp-content\/uploads\/2023\/11\/logo-hayson.png\",\"width\":151,\"height\":34,\"caption\":\"Hayson Deco Tunisie\"},\"image\":{\"@id\":\"https:\/\/www.haysondeco.com\/#\/schema\/logo\/image\/\"},\"sameAs\":[\"https:\/\/www.facebook.com\/HaysonDeco\",\"https:\/\/www.instagram.com\/hayson_deco\/?hl=fr\"]}]}<\/script>\n<!-- \/ Yoast SEO plugin. -->","yoast_head_json":{"title":"Roller blinds | Hayson Deco Tunisie","description":"practical, aesthetic and functional Custom-made roller blinds are an ideal solution for controlling light while adding a modern touch to your home. At","robots":{"index":"index","follow":"follow","max-snippet":"max-snippet:-1","max-image-preview":"max-image-preview:large","max-video-preview":"max-video-preview:-1"},"canonical":"https:\/\/www.haysondeco.com\/en\/stores-enrouleurs\/","og_locale":"en_US","og_type":"article","og_title":"Roller blinds | Hayson Deco Tunisie","og_description":"practical, aesthetic and functional Custom-made roller blinds are an ideal solution for controlling light while adding a modern touch to your home. At","og_url":"https:\/\/www.haysondeco.com\/stores-enrouleurs\/","og_site_name":"Hayson Deco Tunisie","article_publisher":"https:\/\/www.facebook.com\/HaysonDeco","article_modified_time":"2025-09-24T11:04:57+00:00","og_image":[{"url":"https:\/\/www.haysondeco.com\/wp-content\/uploads\/2025\/07\/1-1.jpg","type":"","width":"","height":""}],"twitter_card":"summary_large_image","twitter_misc":{"Est. reading time":"4 minutes"},"schema":{"@context":"https:\/\/schema.org","@graph":[{"@type":"WebPage","@id":"https:\/\/www.haysondeco.com\/stores-enrouleurs\/","url":"https:\/\/www.haysondeco.com\/stores-enrouleurs\/","name":"Roller blinds | Hayson Deco Tunisie","isPartOf":{"@id":"https:\/\/www.haysondeco.com\/#website"},"primaryImageOfPage":{"@id":"https:\/\/www.haysondeco.com\/stores-enrouleurs\/#primaryimage"},"image":{"@id":"https:\/\/www.haysondeco.com\/stores-enrouleurs\/#primaryimage"},"thumbnailUrl":"https:\/\/www.haysondeco.com\/wp-content\/uploads\/2025\/07\/1-1.jpg","datePublished":"2025-06-24T13:29:45+00:00","dateModified":"2025-09-24T11:04:57+00:00","description":"practical, aesthetic and functional Custom-made roller blinds are an ideal solution for controlling light while adding a modern touch to your home. At","breadcrumb":{"@id":"https:\/\/www.haysondeco.com\/stores-enrouleurs\/#breadcrumb"},"inLanguage":"en-US","potentialAction":[{"@type":"ReadAction","target":["https:\/\/www.haysondeco.com\/stores-enrouleurs\/"]}]},{"@type":"ImageObject","inLanguage":"en-US","@id":"https:\/\/www.haysondeco.com\/stores-enrouleurs\/#primaryimage","url":"https:\/\/www.haysondeco.com\/wp-content\/uploads\/2025\/07\/1-1.jpg","contentUrl":"https:\/\/www.haysondeco.com\/wp-content\/uploads\/2025\/07\/1-1.jpg"},{"@type":"BreadcrumbList","@id":"https:\/\/www.haysondeco.com\/stores-enrouleurs\/#breadcrumb","itemListElement":[{"@type":"ListItem","position":1,"name":"Accueil","item":"https:\/\/www.haysondeco.com\/en\/"},{"@type":"ListItem","position":2,"name":"Roller blinds"}]},{"@type":"WebSite","@id":"https:\/\/www.haysondeco.com\/#website","url":"https:\/\/www.haysondeco.com\/","name":"Hayson Deco Tunisie","description":"Confection sur mesure, conseil d\u00e9co et mat\u00e9riaux de qualit\u00e9","publisher":{"@id":"https:\/\/www.haysondeco.com\/#organization"},"potentialAction":[{"@type":"SearchAction","target":{"@type":"EntryPoint","urlTemplate":"https:\/\/www.haysondeco.com\/?s={search_term_string}"},"query-input":{"@type":"PropertyValueSpecification","valueRequired":true,"valueName":"search_term_string"}}],"inLanguage":"en-US"},{"@type":"Organization","@id":"https:\/\/www.haysondeco.com\/#organization","name":"Hayson Deco Tunisie","url":"https:\/\/www.haysondeco.com\/","logo":{"@type":"ImageObject","inLanguage":"en-US","@id":"https:\/\/www.haysondeco.com\/#\/schema\/logo\/image\/","url":"https:\/\/www.haysondeco.com\/wp-content\/uploads\/2023\/11\/logo-hayson.png","contentUrl":"https:\/\/www.haysondeco.com\/wp-content\/uploads\/2023\/11\/logo-hayson.png","width":151,"height":34,"caption":"Hayson Deco Tunisie"},"image":{"@id":"https:\/\/www.haysondeco.com\/#\/schema\/logo\/image\/"},"sameAs":["https:\/\/www.facebook.com\/HaysonDeco","https:\/\/www.instagram.com\/hayson_deco\/?hl=fr"]}]}},"_links":{"self":[{"href":"https:\/\/www.haysondeco.com\/en\/wp-json\/wp\/v2\/pages\/19627","targetHints":{"allow":["GET"]}}],"collection":[{"href":"https:\/\/www.haysondeco.com\/en\/wp-json\/wp\/v2\/pages"}],"about":[{"href":"https:\/\/www.haysondeco.com\/en\/wp-json\/wp\/v2\/types\/page"}],"author":[{"embeddable":true,"href":"https:\/\/www.haysondeco.com\/en\/wp-json\/wp\/v2\/users\/1"}],"replies":[{"embeddable":true,"href":"https:\/\/www.haysondeco.com\/en\/wp-json\/wp\/v2\/comments?post=19627"}],"version-history":[{"count":5,"href":"https:\/\/www.haysondeco.com\/en\/wp-json\/wp\/v2\/pages\/19627\/revisions"}],"predecessor-version":[{"id":20316,"href":"https:\/\/www.haysondeco.com\/en\/wp-json\/wp\/v2\/pages\/19627\/revisions\/20316"}],"wp:attachment":[{"href":"https:\/\/www.haysondeco.com\/en\/wp-json\/wp\/v2\/media?parent=19627"}],"curies":[{"name":"wp","href":"https:\/\/api.w.org\/{rel}","templated":true}]}}