{"id":19823,"date":"2024-09-07T14:22:21","date_gmt":"2024-09-07T14:22:21","guid":{"rendered":"https:\/\/www.haysondeco.com\/cart-2\/"},"modified":"2025-07-17T15:01:05","modified_gmt":"2025-07-17T14:01:05","slug":"cart-2","status":"publish","type":"page","link":"https:\/\/www.haysondeco.com\/en\/cart-2\/","title":{"rendered":"Panier"},"content":{"rendered":"\t\t<div data-elementor-type=\"wp-page\" data-elementor-id=\"19823\" class=\"elementor elementor-19823\">\n\t\t\t\t<div class=\"elementor-element elementor-element-2e79a15 e-flex e-con-boxed e-con e-parent\" data-id=\"2e79a15\" data-element_type=\"container\">\n\t\t\t\t\t<div class=\"e-con-inner\">\n\t\t<div class=\"elementor-element elementor-element-26d6af1 e-con-full e-flex e-con e-child\" data-id=\"26d6af1\" data-element_type=\"container\">\n\t\t\t\t<div class=\"elementor-element elementor-element-9c4a2a3 elementor-widget elementor-widget-shortcode\" data-id=\"9c4a2a3\" data-element_type=\"widget\" data-widget_type=\"shortcode.default\">\n\t\t\t\t<div class=\"elementor-widget-container\">\n\t\t\t\t\t\t\t<div class=\"elementor-shortcode\"><\/div>\n\t\t\t\t\t\t<\/div>\n\t\t\t\t<\/div>\n\t\t\t\t<\/div>\n\t\t\t\t\t<\/div>\n\t\t\t\t<\/div>\n\t\t\t\t<\/div>\n\t\t","protected":false},"excerpt":{"rendered":"","protected":false},"author":1,"featured_media":0,"parent":0,"menu_order":0,"comment_status":"closed","ping_status":"closed","template":"","meta":{"_acf_changed":false,"inline_featured_image":false,"_joinchat":[],"footnotes":""},"class_list":["post-19823","page","type-page","status-publish","hentry"],"acf":[],"yoast_head":"<!-- This site is optimized with the Yoast SEO plugin v26.0 - https:\/\/yoast.com\/wordpress\/plugins\/seo\/ -->\n<title>Panier | Hayson Deco Tunisie<\/title>\n<meta name=\"robots\" content=\"index, follow, max-snippet:-1, max-image-preview:large, max-video-preview:-1\" \/>\n<link rel=\"canonical\" href=\"https:\/\/www.haysondeco.com\/en\/cart-2\/\" \/>\n<meta property=\"og:locale\" content=\"en_US\" \/>\n<meta property=\"og:type\" content=\"article\" \/>\n<meta property=\"og:title\" content=\"Panier | Hayson Deco Tunisie\" \/>\n<meta property=\"og:url\" content=\"https:\/\/www.haysondeco.com\/cart-2\/\" \/>\n<meta property=\"og:site_name\" content=\"Hayson Deco Tunisie\" \/>\n<meta property=\"article:publisher\" content=\"https:\/\/www.facebook.com\/HaysonDeco\" \/>\n<meta property=\"article:modified_time\" content=\"2025-07-17T14:01:05+00:00\" \/>\n<meta property=\"og:image\" content=\"https:\/\/www.haysondeco.com\/wp-content\/uploads\/2025\/06\/voillage-sur-mesure.png\" \/>\n\t<meta property=\"og:image:width\" content=\"1520\" \/>\n\t<meta property=\"og:image:height\" content=\"406\" \/>\n\t<meta property=\"og:image:type\" content=\"image\/png\" \/>\n<meta name=\"twitter:card\" content=\"summary_large_image\" \/>\n<script type=\"application\/ld+json\" class=\"yoast-schema-graph\">{\"@context\":\"https:\/\/schema.org\",\"@graph\":[{\"@type\":\"WebPage\",\"@id\":\"https:\/\/www.haysondeco.com\/cart-2\/\",\"url\":\"https:\/\/www.haysondeco.com\/cart-2\/\",\"name\":\"Panier | Hayson Deco Tunisie\",\"isPartOf\":{\"@id\":\"https:\/\/www.haysondeco.com\/#website\"},\"datePublished\":\"2024-09-07T14:22:21+00:00\",\"dateModified\":\"2025-07-17T14:01:05+00:00\",\"breadcrumb\":{\"@id\":\"https:\/\/www.haysondeco.com\/cart-2\/#breadcrumb\"},\"inLanguage\":\"en-US\",\"potentialAction\":[{\"@type\":\"ReadAction\",\"target\":[\"https:\/\/www.haysondeco.com\/cart-2\/\"]}]},{\"@type\":\"BreadcrumbList\",\"@id\":\"https:\/\/www.haysondeco.com\/cart-2\/#breadcrumb\",\"itemListElement\":[{\"@type\":\"ListItem\",\"position\":1,\"name\":\"Accueil\",\"item\":\"https:\/\/www.haysondeco.com\/en\/\"},{\"@type\":\"ListItem\",\"position\":2,\"name\":\"Panier\"}]},{\"@type\":\"WebSite\",\"@id\":\"https:\/\/www.haysondeco.com\/#website\",\"url\":\"https:\/\/www.haysondeco.com\/\",\"name\":\"Hayson Deco Tunisie\",\"description\":\"Confection sur mesure, conseil d\u00e9co et mat\u00e9riaux de qualit\u00e9\",\"publisher\":{\"@id\":\"https:\/\/www.haysondeco.com\/#organization\"},\"potentialAction\":[{\"@type\":\"SearchAction\",\"target\":{\"@type\":\"EntryPoint\",\"urlTemplate\":\"https:\/\/www.haysondeco.com\/?s={search_term_string}\"},\"query-input\":{\"@type\":\"PropertyValueSpecification\",\"valueRequired\":true,\"valueName\":\"search_term_string\"}}],\"inLanguage\":\"en-US\"},{\"@type\":\"Organization\",\"@id\":\"https:\/\/www.haysondeco.com\/#organization\",\"name\":\"Hayson Deco Tunisie\",\"url\":\"https:\/\/www.haysondeco.com\/\",\"logo\":{\"@type\":\"ImageObject\",\"inLanguage\":\"en-US\",\"@id\":\"https:\/\/www.haysondeco.com\/#\/schema\/logo\/image\/\",\"url\":\"https:\/\/www.haysondeco.com\/wp-content\/uploads\/2023\/11\/logo-hayson.png\",\"contentUrl\":\"https:\/\/www.haysondeco.com\/wp-content\/uploads\/2023\/11\/logo-hayson.png\",\"width\":151,\"height\":34,\"caption\":\"Hayson Deco Tunisie\"},\"image\":{\"@id\":\"https:\/\/www.haysondeco.com\/#\/schema\/logo\/image\/\"},\"sameAs\":[\"https:\/\/www.facebook.com\/HaysonDeco\",\"https:\/\/www.instagram.com\/hayson_deco\/?hl=fr\"]}]}<\/script>\n<!-- \/ Yoast SEO plugin. -->","yoast_head_json":{"title":"Panier | Hayson Deco Tunisie","robots":{"index":"index","follow":"follow","max-snippet":"max-snippet:-1","max-image-preview":"max-image-preview:large","max-video-preview":"max-video-preview:-1"},"canonical":"https:\/\/www.haysondeco.com\/en\/cart-2\/","og_locale":"en_US","og_type":"article","og_title":"Panier | Hayson Deco Tunisie","og_url":"https:\/\/www.haysondeco.com\/cart-2\/","og_site_name":"Hayson Deco Tunisie","article_publisher":"https:\/\/www.facebook.com\/HaysonDeco","article_modified_time":"2025-07-17T14:01:05+00:00","og_image":[{"width":1520,"height":406,"url":"https:\/\/www.haysondeco.com\/wp-content\/uploads\/2025\/06\/voillage-sur-mesure.png","type":"image\/png"}],"twitter_card":"summary_large_image","schema":{"@context":"https:\/\/schema.org","@graph":[{"@type":"WebPage","@id":"https:\/\/www.haysondeco.com\/cart-2\/","url":"https:\/\/www.haysondeco.com\/cart-2\/","name":"Panier | Hayson Deco Tunisie","isPartOf":{"@id":"https:\/\/www.haysondeco.com\/#website"},"datePublished":"2024-09-07T14:22:21+00:00","dateModified":"2025-07-17T14:01:05+00:00","breadcrumb":{"@id":"https:\/\/www.haysondeco.com\/cart-2\/#breadcrumb"},"inLanguage":"en-US","potentialAction":[{"@type":"ReadAction","target":["https:\/\/www.haysondeco.com\/cart-2\/"]}]},{"@type":"BreadcrumbList","@id":"https:\/\/www.haysondeco.com\/cart-2\/#breadcrumb","itemListElement":[{"@type":"ListItem","position":1,"name":"Accueil","item":"https:\/\/www.haysondeco.com\/en\/"},{"@type":"ListItem","position":2,"name":"Panier"}]},{"@type":"WebSite","@id":"https:\/\/www.haysondeco.com\/#website","url":"https:\/\/www.haysondeco.com\/","name":"Hayson Deco Tunisie","description":"Confection sur mesure, conseil d\u00e9co et mat\u00e9riaux de qualit\u00e9","publisher":{"@id":"https:\/\/www.haysondeco.com\/#organization"},"potentialAction":[{"@type":"SearchAction","target":{"@type":"EntryPoint","urlTemplate":"https:\/\/www.haysondeco.com\/?s={search_term_string}"},"query-input":{"@type":"PropertyValueSpecification","valueRequired":true,"valueName":"search_term_string"}}],"inLanguage":"en-US"},{"@type":"Organization","@id":"https:\/\/www.haysondeco.com\/#organization","name":"Hayson Deco Tunisie","url":"https:\/\/www.haysondeco.com\/","logo":{"@type":"ImageObject","inLanguage":"en-US","@id":"https:\/\/www.haysondeco.com\/#\/schema\/logo\/image\/","url":"https:\/\/www.haysondeco.com\/wp-content\/uploads\/2023\/11\/logo-hayson.png","contentUrl":"https:\/\/www.haysondeco.com\/wp-content\/uploads\/2023\/11\/logo-hayson.png","width":151,"height":34,"caption":"Hayson Deco Tunisie"},"image":{"@id":"https:\/\/www.haysondeco.com\/#\/schema\/logo\/image\/"},"sameAs":["https:\/\/www.facebook.com\/HaysonDeco","https:\/\/www.instagram.com\/hayson_deco\/?hl=fr"]}]}},"_links":{"self":[{"href":"https:\/\/www.haysondeco.com\/en\/wp-json\/wp\/v2\/pages\/19823","targetHints":{"allow":["GET"]}}],"collection":[{"href":"https:\/\/www.haysondeco.com\/en\/wp-json\/wp\/v2\/pages"}],"about":[{"href":"https:\/\/www.haysondeco.com\/en\/wp-json\/wp\/v2\/types\/page"}],"author":[{"embeddable":true,"href":"https:\/\/www.haysondeco.com\/en\/wp-json\/wp\/v2\/users\/1"}],"replies":[{"embeddable":true,"href":"https:\/\/www.haysondeco.com\/en\/wp-json\/wp\/v2\/comments?post=19823"}],"version-history":[{"count":1,"href":"https:\/\/www.haysondeco.com\/en\/wp-json\/wp\/v2\/pages\/19823\/revisions"}],"predecessor-version":[{"id":19824,"href":"https:\/\/www.haysondeco.com\/en\/wp-json\/wp\/v2\/pages\/19823\/revisions\/19824"}],"wp:attachment":[{"href":"https:\/\/www.haysondeco.com\/en\/wp-json\/wp\/v2\/media?parent=19823"}],"curies":[{"name":"wp","href":"https:\/\/api.w.org\/{rel}","templated":true}]}}