{"id":18334,"date":"2025-06-27T10:40:42","date_gmt":"2025-06-27T08:40:42","guid":{"rendered":"https:\/\/www.haysondeco.com\/product\/bambou-pot-artificiel-vert\/"},"modified":"2025-10-22T10:56:24","modified_gmt":"2025-10-22T09:56:24","slug":"green-bamboo-artificial-plant","status":"publish","type":"product","link":"https:\/\/www.haysondeco.com\/en\/product\/green-bamboo-artificial-plant\/","title":{"rendered":"GREEN BAMBOO &#8211; ARTIFICIAL PLANT"},"content":{"rendered":"","protected":false},"excerpt":{"rendered":"<p><strong>ARTIFICIAL GREEN BAMBOO PLANT IN POT<\/strong> (40x40x150cm)<\/p>\n<p data-start=\"58\" data-end=\"323\">Bring a natural and zen touch to your space. This artificial bamboo in its pot combines elegance and durability, perfect for both indoor and outdoor settings. It flawlessly replicates the look of real bamboo \u2014 no maintenance required, no water or sunlight needed.<\/p>\n<p data-start=\"325\" data-end=\"388\" data-is-last-node=\"\" data-is-only-node=\"\"><strong data-start=\"325\" data-end=\"340\">Dimensions:<\/strong><br data-start=\"340\" data-end=\"343\" \/>Length: 40 cm<br data-start=\"356\" data-end=\"359\" data-is-only-node=\"\" \/>Width: 40 cm<br data-start=\"371\" data-end=\"374\" \/>Height: 150 cm<\/p>\n","protected":false},"featured_media":17009,"template":"","meta":{"_acf_changed":false,"inline_featured_image":false,"_joinchat":[]},"product_brand":[],"product_cat":[108,111],"product_tag":[],"class_list":{"0":"post-18334","1":"product","2":"type-product","3":"status-publish","4":"has-post-thumbnail","6":"product_cat-home-decor","7":"product_cat-new-collection","9":"first","10":"instock","11":"sale","12":"shipping-taxable","13":"purchasable","14":"product-type-simple"},"acf":[],"yoast_head":"<!-- This site is optimized with the Yoast SEO plugin v26.0 - https:\/\/yoast.com\/wordpress\/plugins\/seo\/ -->\n<title>GREEN BAMBOO - ARTIFICIAL PLANT | Hayson Deco Tunisie<\/title>\n<meta name=\"description\" content=\"Artificial green bamboo plant (40x40x150 cm), for a natural and zen touch. Elegant, durable and perfect for both indoor and outdoor use.\" \/>\n<meta name=\"robots\" content=\"index, follow, max-snippet:-1, max-image-preview:large, max-video-preview:-1\" \/>\n<link rel=\"canonical\" href=\"https:\/\/www.haysondeco.com\/en\/product\/green-bamboo-artificial-plant\/\" \/>\n<meta property=\"og:locale\" content=\"en_US\" \/>\n<meta property=\"og:type\" content=\"article\" \/>\n<meta property=\"og:title\" content=\"GREEN BAMBOO - ARTIFICIAL PLANT | Hayson Deco Tunisie\" \/>\n<meta property=\"og:description\" content=\"Artificial green bamboo plant (40x40x150 cm), for a natural and zen touch. Elegant, durable and perfect for both indoor and outdoor use.\" \/>\n<meta property=\"og:url\" content=\"https:\/\/www.haysondeco.com\/en\/product\/green-bamboo-artificial-plant\/\" \/>\n<meta property=\"og:site_name\" content=\"Hayson Deco Tunisie\" \/>\n<meta property=\"article:publisher\" content=\"https:\/\/www.facebook.com\/HaysonDeco\" \/>\n<meta property=\"article:modified_time\" content=\"2025-10-22T09:56:24+00:00\" \/>\n<meta property=\"og:image\" content=\"https:\/\/www.haysondeco.com\/wp-content\/uploads\/2025\/06\/WhatsApp-Image-2025-06-27-at-10.39.43.jpeg\" \/>\n\t<meta property=\"og:image:width\" content=\"600\" \/>\n\t<meta property=\"og:image:height\" content=\"800\" \/>\n\t<meta property=\"og:image:type\" content=\"image\/jpeg\" \/>\n<meta name=\"twitter:card\" content=\"summary_large_image\" \/>\n<meta name=\"twitter:label1\" content=\"Est. reading time\" \/>\n\t<meta name=\"twitter:data1\" content=\"1 minute\" \/>\n<script type=\"application\/ld+json\" class=\"yoast-schema-graph\">{\"@context\":\"https:\/\/schema.org\",\"@graph\":[{\"@type\":\"WebPage\",\"@id\":\"https:\/\/www.haysondeco.com\/en\/product\/green-bamboo-artificial-plant\/\",\"url\":\"https:\/\/www.haysondeco.com\/en\/product\/green-bamboo-artificial-plant\/\",\"name\":\"GREEN BAMBOO - ARTIFICIAL PLANT | Hayson Deco Tunisie\",\"isPartOf\":{\"@id\":\"https:\/\/www.haysondeco.com\/#website\"},\"primaryImageOfPage\":{\"@id\":\"https:\/\/www.haysondeco.com\/en\/product\/green-bamboo-artificial-plant\/#primaryimage\"},\"image\":{\"@id\":\"https:\/\/www.haysondeco.com\/en\/product\/green-bamboo-artificial-plant\/#primaryimage\"},\"thumbnailUrl\":\"https:\/\/www.haysondeco.com\/wp-content\/uploads\/2025\/06\/WhatsApp-Image-2025-06-27-at-10.39.43.jpeg\",\"datePublished\":\"2025-06-27T08:40:42+00:00\",\"dateModified\":\"2025-10-22T09:56:24+00:00\",\"description\":\"Artificial green bamboo plant (40x40x150 cm), for a natural and zen touch. Elegant, durable and perfect for both indoor and outdoor use.\",\"breadcrumb\":{\"@id\":\"https:\/\/www.haysondeco.com\/en\/product\/green-bamboo-artificial-plant\/#breadcrumb\"},\"inLanguage\":\"en-US\",\"potentialAction\":[{\"@type\":\"ReadAction\",\"target\":[\"https:\/\/www.haysondeco.com\/en\/product\/green-bamboo-artificial-plant\/\"]}]},{\"@type\":\"ImageObject\",\"inLanguage\":\"en-US\",\"@id\":\"https:\/\/www.haysondeco.com\/en\/product\/green-bamboo-artificial-plant\/#primaryimage\",\"url\":\"https:\/\/www.haysondeco.com\/wp-content\/uploads\/2025\/06\/WhatsApp-Image-2025-06-27-at-10.39.43.jpeg\",\"contentUrl\":\"https:\/\/www.haysondeco.com\/wp-content\/uploads\/2025\/06\/WhatsApp-Image-2025-06-27-at-10.39.43.jpeg\",\"width\":600,\"height\":800,\"caption\":\"GREEN ARTIFICIAL PLANT\"},{\"@type\":\"BreadcrumbList\",\"@id\":\"https:\/\/www.haysondeco.com\/en\/product\/green-bamboo-artificial-plant\/#breadcrumb\",\"itemListElement\":[{\"@type\":\"ListItem\",\"position\":1,\"name\":\"Accueil\",\"item\":\"https:\/\/www.haysondeco.com\/en\/\"},{\"@type\":\"ListItem\",\"position\":2,\"name\":\"Shop\",\"item\":\"https:\/\/www.haysondeco.com\/shop-2\/\"},{\"@type\":\"ListItem\",\"position\":3,\"name\":\"GREEN BAMBOO &#8211; ARTIFICIAL PLANT\"}]},{\"@type\":\"WebSite\",\"@id\":\"https:\/\/www.haysondeco.com\/#website\",\"url\":\"https:\/\/www.haysondeco.com\/\",\"name\":\"Hayson Deco Tunisie\",\"description\":\"Confection sur mesure, conseil d\u00e9co et mat\u00e9riaux de qualit\u00e9\",\"publisher\":{\"@id\":\"https:\/\/www.haysondeco.com\/#organization\"},\"potentialAction\":[{\"@type\":\"SearchAction\",\"target\":{\"@type\":\"EntryPoint\",\"urlTemplate\":\"https:\/\/www.haysondeco.com\/?s={search_term_string}\"},\"query-input\":{\"@type\":\"PropertyValueSpecification\",\"valueRequired\":true,\"valueName\":\"search_term_string\"}}],\"inLanguage\":\"en-US\"},{\"@type\":\"Organization\",\"@id\":\"https:\/\/www.haysondeco.com\/#organization\",\"name\":\"Hayson Deco Tunisie\",\"url\":\"https:\/\/www.haysondeco.com\/\",\"logo\":{\"@type\":\"ImageObject\",\"inLanguage\":\"en-US\",\"@id\":\"https:\/\/www.haysondeco.com\/#\/schema\/logo\/image\/\",\"url\":\"https:\/\/www.haysondeco.com\/wp-content\/uploads\/2023\/11\/logo-hayson.png\",\"contentUrl\":\"https:\/\/www.haysondeco.com\/wp-content\/uploads\/2023\/11\/logo-hayson.png\",\"width\":151,\"height\":34,\"caption\":\"Hayson Deco Tunisie\"},\"image\":{\"@id\":\"https:\/\/www.haysondeco.com\/#\/schema\/logo\/image\/\"},\"sameAs\":[\"https:\/\/www.facebook.com\/HaysonDeco\",\"https:\/\/www.instagram.com\/hayson_deco\/?hl=fr\"]}]}<\/script>\n<!-- \/ Yoast SEO plugin. -->","yoast_head_json":{"title":"GREEN BAMBOO - ARTIFICIAL PLANT | Hayson Deco Tunisie","description":"Artificial green bamboo plant (40x40x150 cm), for a natural and zen touch. Elegant, durable and perfect for both indoor and outdoor use.","robots":{"index":"index","follow":"follow","max-snippet":"max-snippet:-1","max-image-preview":"max-image-preview:large","max-video-preview":"max-video-preview:-1"},"canonical":"https:\/\/www.haysondeco.com\/en\/product\/green-bamboo-artificial-plant\/","og_locale":"en_US","og_type":"article","og_title":"GREEN BAMBOO - ARTIFICIAL PLANT | Hayson Deco Tunisie","og_description":"Artificial green bamboo plant (40x40x150 cm), for a natural and zen touch. Elegant, durable and perfect for both indoor and outdoor use.","og_url":"https:\/\/www.haysondeco.com\/en\/product\/green-bamboo-artificial-plant\/","og_site_name":"Hayson Deco Tunisie","article_publisher":"https:\/\/www.facebook.com\/HaysonDeco","article_modified_time":"2025-10-22T09:56:24+00:00","og_image":[{"width":600,"height":800,"url":"https:\/\/www.haysondeco.com\/wp-content\/uploads\/2025\/06\/WhatsApp-Image-2025-06-27-at-10.39.43.jpeg","type":"image\/jpeg"}],"twitter_card":"summary_large_image","twitter_misc":{"Est. reading time":"1 minute"},"schema":{"@context":"https:\/\/schema.org","@graph":[{"@type":"WebPage","@id":"https:\/\/www.haysondeco.com\/en\/product\/green-bamboo-artificial-plant\/","url":"https:\/\/www.haysondeco.com\/en\/product\/green-bamboo-artificial-plant\/","name":"GREEN BAMBOO - ARTIFICIAL PLANT | Hayson Deco Tunisie","isPartOf":{"@id":"https:\/\/www.haysondeco.com\/#website"},"primaryImageOfPage":{"@id":"https:\/\/www.haysondeco.com\/en\/product\/green-bamboo-artificial-plant\/#primaryimage"},"image":{"@id":"https:\/\/www.haysondeco.com\/en\/product\/green-bamboo-artificial-plant\/#primaryimage"},"thumbnailUrl":"https:\/\/www.haysondeco.com\/wp-content\/uploads\/2025\/06\/WhatsApp-Image-2025-06-27-at-10.39.43.jpeg","datePublished":"2025-06-27T08:40:42+00:00","dateModified":"2025-10-22T09:56:24+00:00","description":"Artificial green bamboo plant (40x40x150 cm), for a natural and zen touch. Elegant, durable and perfect for both indoor and outdoor use.","breadcrumb":{"@id":"https:\/\/www.haysondeco.com\/en\/product\/green-bamboo-artificial-plant\/#breadcrumb"},"inLanguage":"en-US","potentialAction":[{"@type":"ReadAction","target":["https:\/\/www.haysondeco.com\/en\/product\/green-bamboo-artificial-plant\/"]}]},{"@type":"ImageObject","inLanguage":"en-US","@id":"https:\/\/www.haysondeco.com\/en\/product\/green-bamboo-artificial-plant\/#primaryimage","url":"https:\/\/www.haysondeco.com\/wp-content\/uploads\/2025\/06\/WhatsApp-Image-2025-06-27-at-10.39.43.jpeg","contentUrl":"https:\/\/www.haysondeco.com\/wp-content\/uploads\/2025\/06\/WhatsApp-Image-2025-06-27-at-10.39.43.jpeg","width":600,"height":800,"caption":"GREEN ARTIFICIAL PLANT"},{"@type":"BreadcrumbList","@id":"https:\/\/www.haysondeco.com\/en\/product\/green-bamboo-artificial-plant\/#breadcrumb","itemListElement":[{"@type":"ListItem","position":1,"name":"Accueil","item":"https:\/\/www.haysondeco.com\/en\/"},{"@type":"ListItem","position":2,"name":"Shop","item":"https:\/\/www.haysondeco.com\/shop-2\/"},{"@type":"ListItem","position":3,"name":"GREEN BAMBOO &#8211; ARTIFICIAL PLANT"}]},{"@type":"WebSite","@id":"https:\/\/www.haysondeco.com\/#website","url":"https:\/\/www.haysondeco.com\/","name":"Hayson Deco Tunisie","description":"Confection sur mesure, conseil d\u00e9co et mat\u00e9riaux de qualit\u00e9","publisher":{"@id":"https:\/\/www.haysondeco.com\/#organization"},"potentialAction":[{"@type":"SearchAction","target":{"@type":"EntryPoint","urlTemplate":"https:\/\/www.haysondeco.com\/?s={search_term_string}"},"query-input":{"@type":"PropertyValueSpecification","valueRequired":true,"valueName":"search_term_string"}}],"inLanguage":"en-US"},{"@type":"Organization","@id":"https:\/\/www.haysondeco.com\/#organization","name":"Hayson Deco Tunisie","url":"https:\/\/www.haysondeco.com\/","logo":{"@type":"ImageObject","inLanguage":"en-US","@id":"https:\/\/www.haysondeco.com\/#\/schema\/logo\/image\/","url":"https:\/\/www.haysondeco.com\/wp-content\/uploads\/2023\/11\/logo-hayson.png","contentUrl":"https:\/\/www.haysondeco.com\/wp-content\/uploads\/2023\/11\/logo-hayson.png","width":151,"height":34,"caption":"Hayson Deco Tunisie"},"image":{"@id":"https:\/\/www.haysondeco.com\/#\/schema\/logo\/image\/"},"sameAs":["https:\/\/www.facebook.com\/HaysonDeco","https:\/\/www.instagram.com\/hayson_deco\/?hl=fr"]}]}},"_links":{"self":[{"href":"https:\/\/www.haysondeco.com\/en\/wp-json\/wp\/v2\/product\/18334","targetHints":{"allow":["GET"]}}],"collection":[{"href":"https:\/\/www.haysondeco.com\/en\/wp-json\/wp\/v2\/product"}],"about":[{"href":"https:\/\/www.haysondeco.com\/en\/wp-json\/wp\/v2\/types\/product"}],"wp:featuredmedia":[{"embeddable":true,"href":"https:\/\/www.haysondeco.com\/en\/wp-json\/wp\/v2\/media\/17009"}],"wp:attachment":[{"href":"https:\/\/www.haysondeco.com\/en\/wp-json\/wp\/v2\/media?parent=18334"}],"wp:term":[{"taxonomy":"product_brand","embeddable":true,"href":"https:\/\/www.haysondeco.com\/en\/wp-json\/wp\/v2\/product_brand?post=18334"},{"taxonomy":"product_cat","embeddable":true,"href":"https:\/\/www.haysondeco.com\/en\/wp-json\/wp\/v2\/product_cat?post=18334"},{"taxonomy":"product_tag","embeddable":true,"href":"https:\/\/www.haysondeco.com\/en\/wp-json\/wp\/v2\/product_tag?post=18334"}],"curies":[{"name":"wp","href":"https:\/\/api.w.org\/{rel}","templated":true}]}}