{"id":19081,"date":"2025-06-26T00:22:00","date_gmt":"2025-06-25T22:22:00","guid":{"rendered":"https:\/\/www.haysondeco.com\/product\/cachepot-mains-ciment-blanc-l\/"},"modified":"2025-11-22T12:38:05","modified_gmt":"2025-11-22T11:38:05","slug":"cachepot-mains-ciment-blanc-l","status":"publish","type":"product","link":"https:\/\/www.haysondeco.com\/en\/product\/cachepot-mains-ciment-blanc-l\/","title":{"rendered":"CACHEPOT MAINS CIMENT BLANC L"},"content":{"rendered":"","protected":false},"excerpt":{"rendered":"<p>White Cement Hands Planter, Large (16.5 x 14 x 24 cm)<\/p>\n<p>Material: cement<\/p>\n","protected":false},"featured_media":16870,"template":"","meta":{"_acf_changed":false,"inline_featured_image":false,"_joinchat":[]},"product_brand":[],"product_cat":[108,111],"product_tag":[],"class_list":{"0":"post-19081","1":"product","2":"type-product","3":"status-publish","4":"has-post-thumbnail","6":"product_cat-home-decor","7":"product_cat-new-collection","9":"first","10":"instock","11":"shipping-taxable","12":"purchasable","13":"product-type-simple"},"acf":[],"yoast_head":"<!-- This site is optimized with the Yoast SEO plugin v26.0 - https:\/\/yoast.com\/wordpress\/plugins\/seo\/ -->\n<title>CACHEPOT MAINS CIMENT BLANC L | Hayson Deco Tunisie<\/title>\n<meta name=\"description\" content=\"White Cement Hands Planter, Large (16.5 x 14 x 24 cm)  Material: cement\" \/>\n<meta name=\"robots\" content=\"index, follow, max-snippet:-1, max-image-preview:large, max-video-preview:-1\" \/>\n<link rel=\"canonical\" href=\"https:\/\/www.haysondeco.com\/en\/product\/cachepot-mains-ciment-blanc-l\/\" \/>\n<meta property=\"og:locale\" content=\"en_US\" \/>\n<meta property=\"og:type\" content=\"article\" \/>\n<meta property=\"og:title\" content=\"CACHEPOT MAINS CIMENT BLANC L | Hayson Deco Tunisie\" \/>\n<meta property=\"og:description\" content=\"White Cement Hands Planter, Large (16.5 x 14 x 24 cm)  Material: cement\" \/>\n<meta property=\"og:url\" content=\"https:\/\/www.haysondeco.com\/en\/product\/cachepot-mains-ciment-blanc-l\/\" \/>\n<meta property=\"og:site_name\" content=\"Hayson Deco Tunisie\" \/>\n<meta property=\"article:publisher\" content=\"https:\/\/www.facebook.com\/HaysonDeco\" \/>\n<meta property=\"article:modified_time\" content=\"2025-11-22T11:38:05+00:00\" \/>\n<meta property=\"og:image\" content=\"https:\/\/www.haysondeco.com\/wp-content\/uploads\/2025\/06\/WhatsApp-Image-2025-06-25-at-23.20.10.jpeg\" \/>\n\t<meta property=\"og:image:width\" content=\"600\" \/>\n\t<meta property=\"og:image:height\" content=\"800\" \/>\n\t<meta property=\"og:image:type\" content=\"image\/jpeg\" \/>\n<meta name=\"twitter:card\" content=\"summary_large_image\" \/>\n<meta name=\"twitter:label1\" content=\"Est. reading time\" \/>\n\t<meta name=\"twitter:data1\" content=\"1 minute\" \/>\n<script type=\"application\/ld+json\" class=\"yoast-schema-graph\">{\"@context\":\"https:\/\/schema.org\",\"@graph\":[{\"@type\":\"WebPage\",\"@id\":\"https:\/\/www.haysondeco.com\/en\/product\/cachepot-mains-ciment-blanc-l\/\",\"url\":\"https:\/\/www.haysondeco.com\/en\/product\/cachepot-mains-ciment-blanc-l\/\",\"name\":\"CACHEPOT MAINS CIMENT BLANC L | Hayson Deco Tunisie\",\"isPartOf\":{\"@id\":\"https:\/\/www.haysondeco.com\/#website\"},\"primaryImageOfPage\":{\"@id\":\"https:\/\/www.haysondeco.com\/en\/product\/cachepot-mains-ciment-blanc-l\/#primaryimage\"},\"image\":{\"@id\":\"https:\/\/www.haysondeco.com\/en\/product\/cachepot-mains-ciment-blanc-l\/#primaryimage\"},\"thumbnailUrl\":\"https:\/\/www.haysondeco.com\/wp-content\/uploads\/2025\/06\/WhatsApp-Image-2025-06-25-at-23.20.10.jpeg\",\"datePublished\":\"2025-06-25T22:22:00+00:00\",\"dateModified\":\"2025-11-22T11:38:05+00:00\",\"description\":\"White Cement Hands Planter, Large (16.5 x 14 x 24 cm) Material: cement\",\"breadcrumb\":{\"@id\":\"https:\/\/www.haysondeco.com\/en\/product\/cachepot-mains-ciment-blanc-l\/#breadcrumb\"},\"inLanguage\":\"en-US\",\"potentialAction\":[{\"@type\":\"ReadAction\",\"target\":[\"https:\/\/www.haysondeco.com\/en\/product\/cachepot-mains-ciment-blanc-l\/\"]}]},{\"@type\":\"ImageObject\",\"inLanguage\":\"en-US\",\"@id\":\"https:\/\/www.haysondeco.com\/en\/product\/cachepot-mains-ciment-blanc-l\/#primaryimage\",\"url\":\"https:\/\/www.haysondeco.com\/wp-content\/uploads\/2025\/06\/WhatsApp-Image-2025-06-25-at-23.20.10.jpeg\",\"contentUrl\":\"https:\/\/www.haysondeco.com\/wp-content\/uploads\/2025\/06\/WhatsApp-Image-2025-06-25-at-23.20.10.jpeg\",\"width\":600,\"height\":800},{\"@type\":\"BreadcrumbList\",\"@id\":\"https:\/\/www.haysondeco.com\/en\/product\/cachepot-mains-ciment-blanc-l\/#breadcrumb\",\"itemListElement\":[{\"@type\":\"ListItem\",\"position\":1,\"name\":\"Accueil\",\"item\":\"https:\/\/www.haysondeco.com\/en\/\"},{\"@type\":\"ListItem\",\"position\":2,\"name\":\"Shop\",\"item\":\"https:\/\/www.haysondeco.com\/shop-2\/\"},{\"@type\":\"ListItem\",\"position\":3,\"name\":\"CACHEPOT MAINS CIMENT BLANC L\"}]},{\"@type\":\"WebSite\",\"@id\":\"https:\/\/www.haysondeco.com\/#website\",\"url\":\"https:\/\/www.haysondeco.com\/\",\"name\":\"Hayson Deco Tunisie\",\"description\":\"Confection sur mesure, conseil d\u00e9co et mat\u00e9riaux de qualit\u00e9\",\"publisher\":{\"@id\":\"https:\/\/www.haysondeco.com\/#organization\"},\"potentialAction\":[{\"@type\":\"SearchAction\",\"target\":{\"@type\":\"EntryPoint\",\"urlTemplate\":\"https:\/\/www.haysondeco.com\/?s={search_term_string}\"},\"query-input\":{\"@type\":\"PropertyValueSpecification\",\"valueRequired\":true,\"valueName\":\"search_term_string\"}}],\"inLanguage\":\"en-US\"},{\"@type\":\"Organization\",\"@id\":\"https:\/\/www.haysondeco.com\/#organization\",\"name\":\"Hayson Deco Tunisie\",\"url\":\"https:\/\/www.haysondeco.com\/\",\"logo\":{\"@type\":\"ImageObject\",\"inLanguage\":\"en-US\",\"@id\":\"https:\/\/www.haysondeco.com\/#\/schema\/logo\/image\/\",\"url\":\"https:\/\/www.haysondeco.com\/wp-content\/uploads\/2023\/11\/logo-hayson.png\",\"contentUrl\":\"https:\/\/www.haysondeco.com\/wp-content\/uploads\/2023\/11\/logo-hayson.png\",\"width\":151,\"height\":34,\"caption\":\"Hayson Deco Tunisie\"},\"image\":{\"@id\":\"https:\/\/www.haysondeco.com\/#\/schema\/logo\/image\/\"},\"sameAs\":[\"https:\/\/www.facebook.com\/HaysonDeco\",\"https:\/\/www.instagram.com\/hayson_deco\/?hl=fr\"]}]}<\/script>\n<!-- \/ Yoast SEO plugin. -->","yoast_head_json":{"title":"CACHEPOT MAINS CIMENT BLANC L | Hayson Deco Tunisie","description":"White Cement Hands Planter, Large (16.5 x 14 x 24 cm)  Material: cement","robots":{"index":"index","follow":"follow","max-snippet":"max-snippet:-1","max-image-preview":"max-image-preview:large","max-video-preview":"max-video-preview:-1"},"canonical":"https:\/\/www.haysondeco.com\/en\/product\/cachepot-mains-ciment-blanc-l\/","og_locale":"en_US","og_type":"article","og_title":"CACHEPOT MAINS CIMENT BLANC L | Hayson Deco Tunisie","og_description":"White Cement Hands Planter, Large (16.5 x 14 x 24 cm)  Material: cement","og_url":"https:\/\/www.haysondeco.com\/en\/product\/cachepot-mains-ciment-blanc-l\/","og_site_name":"Hayson Deco Tunisie","article_publisher":"https:\/\/www.facebook.com\/HaysonDeco","article_modified_time":"2025-11-22T11:38:05+00:00","og_image":[{"width":600,"height":800,"url":"https:\/\/www.haysondeco.com\/wp-content\/uploads\/2025\/06\/WhatsApp-Image-2025-06-25-at-23.20.10.jpeg","type":"image\/jpeg"}],"twitter_card":"summary_large_image","twitter_misc":{"Est. reading time":"1 minute"},"schema":{"@context":"https:\/\/schema.org","@graph":[{"@type":"WebPage","@id":"https:\/\/www.haysondeco.com\/en\/product\/cachepot-mains-ciment-blanc-l\/","url":"https:\/\/www.haysondeco.com\/en\/product\/cachepot-mains-ciment-blanc-l\/","name":"CACHEPOT MAINS CIMENT BLANC L | Hayson Deco Tunisie","isPartOf":{"@id":"https:\/\/www.haysondeco.com\/#website"},"primaryImageOfPage":{"@id":"https:\/\/www.haysondeco.com\/en\/product\/cachepot-mains-ciment-blanc-l\/#primaryimage"},"image":{"@id":"https:\/\/www.haysondeco.com\/en\/product\/cachepot-mains-ciment-blanc-l\/#primaryimage"},"thumbnailUrl":"https:\/\/www.haysondeco.com\/wp-content\/uploads\/2025\/06\/WhatsApp-Image-2025-06-25-at-23.20.10.jpeg","datePublished":"2025-06-25T22:22:00+00:00","dateModified":"2025-11-22T11:38:05+00:00","description":"White Cement Hands Planter, Large (16.5 x 14 x 24 cm) Material: cement","breadcrumb":{"@id":"https:\/\/www.haysondeco.com\/en\/product\/cachepot-mains-ciment-blanc-l\/#breadcrumb"},"inLanguage":"en-US","potentialAction":[{"@type":"ReadAction","target":["https:\/\/www.haysondeco.com\/en\/product\/cachepot-mains-ciment-blanc-l\/"]}]},{"@type":"ImageObject","inLanguage":"en-US","@id":"https:\/\/www.haysondeco.com\/en\/product\/cachepot-mains-ciment-blanc-l\/#primaryimage","url":"https:\/\/www.haysondeco.com\/wp-content\/uploads\/2025\/06\/WhatsApp-Image-2025-06-25-at-23.20.10.jpeg","contentUrl":"https:\/\/www.haysondeco.com\/wp-content\/uploads\/2025\/06\/WhatsApp-Image-2025-06-25-at-23.20.10.jpeg","width":600,"height":800},{"@type":"BreadcrumbList","@id":"https:\/\/www.haysondeco.com\/en\/product\/cachepot-mains-ciment-blanc-l\/#breadcrumb","itemListElement":[{"@type":"ListItem","position":1,"name":"Accueil","item":"https:\/\/www.haysondeco.com\/en\/"},{"@type":"ListItem","position":2,"name":"Shop","item":"https:\/\/www.haysondeco.com\/shop-2\/"},{"@type":"ListItem","position":3,"name":"CACHEPOT MAINS CIMENT BLANC L"}]},{"@type":"WebSite","@id":"https:\/\/www.haysondeco.com\/#website","url":"https:\/\/www.haysondeco.com\/","name":"Hayson Deco Tunisie","description":"Confection sur mesure, conseil d\u00e9co et mat\u00e9riaux de qualit\u00e9","publisher":{"@id":"https:\/\/www.haysondeco.com\/#organization"},"potentialAction":[{"@type":"SearchAction","target":{"@type":"EntryPoint","urlTemplate":"https:\/\/www.haysondeco.com\/?s={search_term_string}"},"query-input":{"@type":"PropertyValueSpecification","valueRequired":true,"valueName":"search_term_string"}}],"inLanguage":"en-US"},{"@type":"Organization","@id":"https:\/\/www.haysondeco.com\/#organization","name":"Hayson Deco Tunisie","url":"https:\/\/www.haysondeco.com\/","logo":{"@type":"ImageObject","inLanguage":"en-US","@id":"https:\/\/www.haysondeco.com\/#\/schema\/logo\/image\/","url":"https:\/\/www.haysondeco.com\/wp-content\/uploads\/2023\/11\/logo-hayson.png","contentUrl":"https:\/\/www.haysondeco.com\/wp-content\/uploads\/2023\/11\/logo-hayson.png","width":151,"height":34,"caption":"Hayson Deco Tunisie"},"image":{"@id":"https:\/\/www.haysondeco.com\/#\/schema\/logo\/image\/"},"sameAs":["https:\/\/www.facebook.com\/HaysonDeco","https:\/\/www.instagram.com\/hayson_deco\/?hl=fr"]}]}},"_links":{"self":[{"href":"https:\/\/www.haysondeco.com\/en\/wp-json\/wp\/v2\/product\/19081","targetHints":{"allow":["GET"]}}],"collection":[{"href":"https:\/\/www.haysondeco.com\/en\/wp-json\/wp\/v2\/product"}],"about":[{"href":"https:\/\/www.haysondeco.com\/en\/wp-json\/wp\/v2\/types\/product"}],"wp:featuredmedia":[{"embeddable":true,"href":"https:\/\/www.haysondeco.com\/en\/wp-json\/wp\/v2\/media\/16870"}],"wp:attachment":[{"href":"https:\/\/www.haysondeco.com\/en\/wp-json\/wp\/v2\/media?parent=19081"}],"wp:term":[{"taxonomy":"product_brand","embeddable":true,"href":"https:\/\/www.haysondeco.com\/en\/wp-json\/wp\/v2\/product_brand?post=19081"},{"taxonomy":"product_cat","embeddable":true,"href":"https:\/\/www.haysondeco.com\/en\/wp-json\/wp\/v2\/product_cat?post=19081"},{"taxonomy":"product_tag","embeddable":true,"href":"https:\/\/www.haysondeco.com\/en\/wp-json\/wp\/v2\/product_tag?post=19081"}],"curies":[{"name":"wp","href":"https:\/\/api.w.org\/{rel}","templated":true}]}}