{"id":19201,"date":"2025-06-24T10:38:43","date_gmt":"2025-06-24T08:38:43","guid":{"rendered":"https:\/\/www.haysondeco.com\/product\/embrasse-veneto\/"},"modified":"2025-09-12T19:50:46","modified_gmt":"2025-09-12T18:50:46","slug":"embrasse-veneto","status":"publish","type":"product","link":"https:\/\/www.haysondeco.com\/en\/product\/embrasse-veneto\/","title":{"rendered":"EMBRASSE VENETO"},"content":{"rendered":"<p>Ajoutez une touche de raffinement classique \u00e0 vos rideaux avec cette embrasse \u00e0 pompon \u00e9l\u00e9gante. Con\u00e7ue avec des fils tress\u00e9s de haute qualit\u00e9 et dot\u00e9e d&#8217;un embout d\u00e9coratif soign\u00e9, cette embrasse apporte une finition chic et intemporelle \u00e0 votre int\u00e9rieur.<\/p>\n","protected":false},"excerpt":{"rendered":"<p>Add a touch of classic sophistication to your curtains with this elegant tassel tieback. Crafted with high-quality braided yarns and featuring a neat decorative finial, this tieback adds a chic and timeless finish to your home.<\/p>\n","protected":false},"featured_media":16359,"template":"","meta":{"_acf_changed":false,"inline_featured_image":false,"_joinchat":[]},"product_brand":[],"product_cat":[107],"product_tag":[],"class_list":{"0":"post-19201","1":"product","2":"type-product","3":"status-publish","4":"has-post-thumbnail","6":"product_cat-curtain-accessories","8":"first","9":"instock","10":"sale","11":"shipping-taxable","12":"purchasable","13":"product-type-variable"},"acf":[],"yoast_head":"<!-- This site is optimized with the Yoast SEO plugin v26.0 - https:\/\/yoast.com\/wordpress\/plugins\/seo\/ -->\n<title>EMBRASSE VENETO | Hayson Deco Tunisie<\/title>\n<meta name=\"description\" content=\"Add a touch of classic sophistication to your curtains with this elegant tassel tieback. Crafted with high-quality braided yarns and featuring a neat decorative finial, this tieback adds a chic and timeless finish to your home.\" \/>\n<meta name=\"robots\" content=\"index, follow, max-snippet:-1, max-image-preview:large, max-video-preview:-1\" \/>\n<link rel=\"canonical\" href=\"https:\/\/www.haysondeco.com\/en\/product\/embrasse-veneto\/\" \/>\n<meta property=\"og:locale\" content=\"en_US\" \/>\n<meta property=\"og:type\" content=\"article\" \/>\n<meta property=\"og:title\" content=\"EMBRASSE VENETO | Hayson Deco Tunisie\" \/>\n<meta property=\"og:description\" content=\"Add a touch of classic sophistication to your curtains with this elegant tassel tieback. Crafted with high-quality braided yarns and featuring a neat decorative finial, this tieback adds a chic and timeless finish to your home.\" \/>\n<meta property=\"og:url\" content=\"https:\/\/www.haysondeco.com\/en\/product\/embrasse-veneto\/\" \/>\n<meta property=\"og:site_name\" content=\"Hayson Deco Tunisie\" \/>\n<meta property=\"article:publisher\" content=\"https:\/\/www.facebook.com\/HaysonDeco\" \/>\n<meta property=\"article:modified_time\" content=\"2025-09-12T18:50:46+00:00\" \/>\n<meta property=\"og:image\" content=\"https:\/\/www.haysondeco.com\/wp-content\/uploads\/2025\/06\/WhatsApp-Image-2025-06-24-at-10.36.18-1.jpeg\" \/>\n\t<meta property=\"og:image:width\" content=\"600\" \/>\n\t<meta property=\"og:image:height\" content=\"800\" \/>\n\t<meta property=\"og:image:type\" content=\"image\/jpeg\" \/>\n<meta name=\"twitter:card\" content=\"summary_large_image\" \/>\n<script type=\"application\/ld+json\" class=\"yoast-schema-graph\">{\"@context\":\"https:\/\/schema.org\",\"@graph\":[{\"@type\":\"WebPage\",\"@id\":\"https:\/\/www.haysondeco.com\/en\/product\/embrasse-veneto\/\",\"url\":\"https:\/\/www.haysondeco.com\/en\/product\/embrasse-veneto\/\",\"name\":\"EMBRASSE VENETO | Hayson Deco Tunisie\",\"isPartOf\":{\"@id\":\"https:\/\/www.haysondeco.com\/#website\"},\"primaryImageOfPage\":{\"@id\":\"https:\/\/www.haysondeco.com\/en\/product\/embrasse-veneto\/#primaryimage\"},\"image\":{\"@id\":\"https:\/\/www.haysondeco.com\/en\/product\/embrasse-veneto\/#primaryimage\"},\"thumbnailUrl\":\"https:\/\/www.haysondeco.com\/wp-content\/uploads\/2025\/06\/WhatsApp-Image-2025-06-24-at-10.36.18-1.jpeg\",\"datePublished\":\"2025-06-24T08:38:43+00:00\",\"dateModified\":\"2025-09-12T18:50:46+00:00\",\"description\":\"Add a touch of classic sophistication to your curtains with this elegant tassel tieback. Crafted with high-quality braided yarns and featuring a neat decorative finial, this tieback adds a chic and timeless finish to your home.\",\"breadcrumb\":{\"@id\":\"https:\/\/www.haysondeco.com\/en\/product\/embrasse-veneto\/#breadcrumb\"},\"inLanguage\":\"en-US\",\"potentialAction\":[{\"@type\":\"ReadAction\",\"target\":[\"https:\/\/www.haysondeco.com\/en\/product\/embrasse-veneto\/\"]}]},{\"@type\":\"ImageObject\",\"inLanguage\":\"en-US\",\"@id\":\"https:\/\/www.haysondeco.com\/en\/product\/embrasse-veneto\/#primaryimage\",\"url\":\"https:\/\/www.haysondeco.com\/wp-content\/uploads\/2025\/06\/WhatsApp-Image-2025-06-24-at-10.36.18-1.jpeg\",\"contentUrl\":\"https:\/\/www.haysondeco.com\/wp-content\/uploads\/2025\/06\/WhatsApp-Image-2025-06-24-at-10.36.18-1.jpeg\",\"width\":600,\"height\":800},{\"@type\":\"BreadcrumbList\",\"@id\":\"https:\/\/www.haysondeco.com\/en\/product\/embrasse-veneto\/#breadcrumb\",\"itemListElement\":[{\"@type\":\"ListItem\",\"position\":1,\"name\":\"Accueil\",\"item\":\"https:\/\/www.haysondeco.com\/en\/\"},{\"@type\":\"ListItem\",\"position\":2,\"name\":\"Shop\",\"item\":\"https:\/\/www.haysondeco.com\/shop-2\/\"},{\"@type\":\"ListItem\",\"position\":3,\"name\":\"EMBRASSE VENETO\"}]},{\"@type\":\"WebSite\",\"@id\":\"https:\/\/www.haysondeco.com\/#website\",\"url\":\"https:\/\/www.haysondeco.com\/\",\"name\":\"Hayson Deco Tunisie\",\"description\":\"Confection sur mesure, conseil d\u00e9co et mat\u00e9riaux de qualit\u00e9\",\"publisher\":{\"@id\":\"https:\/\/www.haysondeco.com\/#organization\"},\"potentialAction\":[{\"@type\":\"SearchAction\",\"target\":{\"@type\":\"EntryPoint\",\"urlTemplate\":\"https:\/\/www.haysondeco.com\/?s={search_term_string}\"},\"query-input\":{\"@type\":\"PropertyValueSpecification\",\"valueRequired\":true,\"valueName\":\"search_term_string\"}}],\"inLanguage\":\"en-US\"},{\"@type\":\"Organization\",\"@id\":\"https:\/\/www.haysondeco.com\/#organization\",\"name\":\"Hayson Deco Tunisie\",\"url\":\"https:\/\/www.haysondeco.com\/\",\"logo\":{\"@type\":\"ImageObject\",\"inLanguage\":\"en-US\",\"@id\":\"https:\/\/www.haysondeco.com\/#\/schema\/logo\/image\/\",\"url\":\"https:\/\/www.haysondeco.com\/wp-content\/uploads\/2023\/11\/logo-hayson.png\",\"contentUrl\":\"https:\/\/www.haysondeco.com\/wp-content\/uploads\/2023\/11\/logo-hayson.png\",\"width\":151,\"height\":34,\"caption\":\"Hayson Deco Tunisie\"},\"image\":{\"@id\":\"https:\/\/www.haysondeco.com\/#\/schema\/logo\/image\/\"},\"sameAs\":[\"https:\/\/www.facebook.com\/HaysonDeco\",\"https:\/\/www.instagram.com\/hayson_deco\/?hl=fr\"]}]}<\/script>\n<!-- \/ Yoast SEO plugin. -->","yoast_head_json":{"title":"EMBRASSE VENETO | Hayson Deco Tunisie","description":"Add a touch of classic sophistication to your curtains with this elegant tassel tieback. Crafted with high-quality braided yarns and featuring a neat decorative finial, this tieback adds a chic and timeless finish to your home.","robots":{"index":"index","follow":"follow","max-snippet":"max-snippet:-1","max-image-preview":"max-image-preview:large","max-video-preview":"max-video-preview:-1"},"canonical":"https:\/\/www.haysondeco.com\/en\/product\/embrasse-veneto\/","og_locale":"en_US","og_type":"article","og_title":"EMBRASSE VENETO | Hayson Deco Tunisie","og_description":"Add a touch of classic sophistication to your curtains with this elegant tassel tieback. Crafted with high-quality braided yarns and featuring a neat decorative finial, this tieback adds a chic and timeless finish to your home.","og_url":"https:\/\/www.haysondeco.com\/en\/product\/embrasse-veneto\/","og_site_name":"Hayson Deco Tunisie","article_publisher":"https:\/\/www.facebook.com\/HaysonDeco","article_modified_time":"2025-09-12T18:50:46+00:00","og_image":[{"width":600,"height":800,"url":"https:\/\/www.haysondeco.com\/wp-content\/uploads\/2025\/06\/WhatsApp-Image-2025-06-24-at-10.36.18-1.jpeg","type":"image\/jpeg"}],"twitter_card":"summary_large_image","schema":{"@context":"https:\/\/schema.org","@graph":[{"@type":"WebPage","@id":"https:\/\/www.haysondeco.com\/en\/product\/embrasse-veneto\/","url":"https:\/\/www.haysondeco.com\/en\/product\/embrasse-veneto\/","name":"EMBRASSE VENETO | Hayson Deco Tunisie","isPartOf":{"@id":"https:\/\/www.haysondeco.com\/#website"},"primaryImageOfPage":{"@id":"https:\/\/www.haysondeco.com\/en\/product\/embrasse-veneto\/#primaryimage"},"image":{"@id":"https:\/\/www.haysondeco.com\/en\/product\/embrasse-veneto\/#primaryimage"},"thumbnailUrl":"https:\/\/www.haysondeco.com\/wp-content\/uploads\/2025\/06\/WhatsApp-Image-2025-06-24-at-10.36.18-1.jpeg","datePublished":"2025-06-24T08:38:43+00:00","dateModified":"2025-09-12T18:50:46+00:00","description":"Add a touch of classic sophistication to your curtains with this elegant tassel tieback. Crafted with high-quality braided yarns and featuring a neat decorative finial, this tieback adds a chic and timeless finish to your home.","breadcrumb":{"@id":"https:\/\/www.haysondeco.com\/en\/product\/embrasse-veneto\/#breadcrumb"},"inLanguage":"en-US","potentialAction":[{"@type":"ReadAction","target":["https:\/\/www.haysondeco.com\/en\/product\/embrasse-veneto\/"]}]},{"@type":"ImageObject","inLanguage":"en-US","@id":"https:\/\/www.haysondeco.com\/en\/product\/embrasse-veneto\/#primaryimage","url":"https:\/\/www.haysondeco.com\/wp-content\/uploads\/2025\/06\/WhatsApp-Image-2025-06-24-at-10.36.18-1.jpeg","contentUrl":"https:\/\/www.haysondeco.com\/wp-content\/uploads\/2025\/06\/WhatsApp-Image-2025-06-24-at-10.36.18-1.jpeg","width":600,"height":800},{"@type":"BreadcrumbList","@id":"https:\/\/www.haysondeco.com\/en\/product\/embrasse-veneto\/#breadcrumb","itemListElement":[{"@type":"ListItem","position":1,"name":"Accueil","item":"https:\/\/www.haysondeco.com\/en\/"},{"@type":"ListItem","position":2,"name":"Shop","item":"https:\/\/www.haysondeco.com\/shop-2\/"},{"@type":"ListItem","position":3,"name":"EMBRASSE VENETO"}]},{"@type":"WebSite","@id":"https:\/\/www.haysondeco.com\/#website","url":"https:\/\/www.haysondeco.com\/","name":"Hayson Deco Tunisie","description":"Confection sur mesure, conseil d\u00e9co et mat\u00e9riaux de qualit\u00e9","publisher":{"@id":"https:\/\/www.haysondeco.com\/#organization"},"potentialAction":[{"@type":"SearchAction","target":{"@type":"EntryPoint","urlTemplate":"https:\/\/www.haysondeco.com\/?s={search_term_string}"},"query-input":{"@type":"PropertyValueSpecification","valueRequired":true,"valueName":"search_term_string"}}],"inLanguage":"en-US"},{"@type":"Organization","@id":"https:\/\/www.haysondeco.com\/#organization","name":"Hayson Deco Tunisie","url":"https:\/\/www.haysondeco.com\/","logo":{"@type":"ImageObject","inLanguage":"en-US","@id":"https:\/\/www.haysondeco.com\/#\/schema\/logo\/image\/","url":"https:\/\/www.haysondeco.com\/wp-content\/uploads\/2023\/11\/logo-hayson.png","contentUrl":"https:\/\/www.haysondeco.com\/wp-content\/uploads\/2023\/11\/logo-hayson.png","width":151,"height":34,"caption":"Hayson Deco Tunisie"},"image":{"@id":"https:\/\/www.haysondeco.com\/#\/schema\/logo\/image\/"},"sameAs":["https:\/\/www.facebook.com\/HaysonDeco","https:\/\/www.instagram.com\/hayson_deco\/?hl=fr"]}]}},"_links":{"self":[{"href":"https:\/\/www.haysondeco.com\/en\/wp-json\/wp\/v2\/product\/19201","targetHints":{"allow":["GET"]}}],"collection":[{"href":"https:\/\/www.haysondeco.com\/en\/wp-json\/wp\/v2\/product"}],"about":[{"href":"https:\/\/www.haysondeco.com\/en\/wp-json\/wp\/v2\/types\/product"}],"wp:featuredmedia":[{"embeddable":true,"href":"https:\/\/www.haysondeco.com\/en\/wp-json\/wp\/v2\/media\/16359"}],"wp:attachment":[{"href":"https:\/\/www.haysondeco.com\/en\/wp-json\/wp\/v2\/media?parent=19201"}],"wp:term":[{"taxonomy":"product_brand","embeddable":true,"href":"https:\/\/www.haysondeco.com\/en\/wp-json\/wp\/v2\/product_brand?post=19201"},{"taxonomy":"product_cat","embeddable":true,"href":"https:\/\/www.haysondeco.com\/en\/wp-json\/wp\/v2\/product_cat?post=19201"},{"taxonomy":"product_tag","embeddable":true,"href":"https:\/\/www.haysondeco.com\/en\/wp-json\/wp\/v2\/product_tag?post=19201"}],"curies":[{"name":"wp","href":"https:\/\/api.w.org\/{rel}","templated":true}]}}