{"id":19203,"date":"2025-06-24T10:31:18","date_gmt":"2025-06-24T08:31:18","guid":{"rendered":"https:\/\/www.haysondeco.com\/product\/magnet-concerto\/"},"modified":"2025-09-12T19:53:51","modified_gmt":"2025-09-12T18:53:51","slug":"magnet-concerto","status":"publish","type":"product","link":"https:\/\/www.haysondeco.com\/en\/product\/magnet-concerto\/","title":{"rendered":"MAGNET CONCERTO"},"content":{"rendered":"<p>Apportez une touche de modernit\u00e9 et de praticit\u00e9 \u00e0 votre int\u00e9rieur avec cette embrasse de rideau magn\u00e9tique tress\u00e9e. Son design \u00e9l\u00e9gant, combin\u00e9 \u00e0 des embouts m\u00e9talliques contemporains, en fait un accessoire \u00e0 la fois fonctionnel et d\u00e9coratif.<\/p>\n","protected":false},"excerpt":{"rendered":"<p>Bring a touch of modernity and practicality to your home with this braided magnetic curtain tieback. Its elegant design, combined with contemporary metal finials, makes it both functional and decorative.<\/p>\n","protected":false},"featured_media":16531,"template":"","meta":{"_acf_changed":false,"inline_featured_image":false,"_joinchat":[]},"product_brand":[],"product_cat":[107],"product_tag":[],"class_list":{"0":"post-19203","1":"product","2":"type-product","3":"status-publish","4":"has-post-thumbnail","6":"product_cat-curtain-accessories","8":"first","9":"instock","10":"sale","11":"shipping-taxable","12":"purchasable","13":"product-type-variable"},"acf":[],"yoast_head":"<!-- This site is optimized with the Yoast SEO plugin v26.0 - https:\/\/yoast.com\/wordpress\/plugins\/seo\/ -->\n<title>MAGNET CONCERTO | Hayson Deco Tunisie<\/title>\n<meta name=\"description\" content=\"Bring a touch of modernity and practicality to your home with this braided magnetic curtain tieback. Its elegant design, combined with contemporary metal finials, makes it both functional and decorative.\" \/>\n<meta name=\"robots\" content=\"index, follow, max-snippet:-1, max-image-preview:large, max-video-preview:-1\" \/>\n<link rel=\"canonical\" href=\"https:\/\/www.haysondeco.com\/en\/product\/magnet-concerto\/\" \/>\n<meta property=\"og:locale\" content=\"en_US\" \/>\n<meta property=\"og:type\" content=\"article\" \/>\n<meta property=\"og:title\" content=\"MAGNET CONCERTO | Hayson Deco Tunisie\" \/>\n<meta property=\"og:description\" content=\"Bring a touch of modernity and practicality to your home with this braided magnetic curtain tieback. Its elegant design, combined with contemporary metal finials, makes it both functional and decorative.\" \/>\n<meta property=\"og:url\" content=\"https:\/\/www.haysondeco.com\/en\/product\/magnet-concerto\/\" \/>\n<meta property=\"og:site_name\" content=\"Hayson Deco Tunisie\" \/>\n<meta property=\"article:publisher\" content=\"https:\/\/www.facebook.com\/HaysonDeco\" \/>\n<meta property=\"article:modified_time\" content=\"2025-09-12T18:53:51+00:00\" \/>\n<meta property=\"og:image\" content=\"https:\/\/www.haysondeco.com\/wp-content\/uploads\/2025\/06\/WhatsApp-Image-2025-06-24-at-10.28.21-1-1.jpeg\" \/>\n\t<meta property=\"og:image:width\" content=\"600\" \/>\n\t<meta property=\"og:image:height\" content=\"800\" \/>\n\t<meta property=\"og:image:type\" content=\"image\/jpeg\" \/>\n<meta name=\"twitter:card\" content=\"summary_large_image\" \/>\n<script type=\"application\/ld+json\" class=\"yoast-schema-graph\">{\"@context\":\"https:\/\/schema.org\",\"@graph\":[{\"@type\":\"WebPage\",\"@id\":\"https:\/\/www.haysondeco.com\/en\/product\/magnet-concerto\/\",\"url\":\"https:\/\/www.haysondeco.com\/en\/product\/magnet-concerto\/\",\"name\":\"MAGNET CONCERTO | Hayson Deco Tunisie\",\"isPartOf\":{\"@id\":\"https:\/\/www.haysondeco.com\/#website\"},\"primaryImageOfPage\":{\"@id\":\"https:\/\/www.haysondeco.com\/en\/product\/magnet-concerto\/#primaryimage\"},\"image\":{\"@id\":\"https:\/\/www.haysondeco.com\/en\/product\/magnet-concerto\/#primaryimage\"},\"thumbnailUrl\":\"https:\/\/www.haysondeco.com\/wp-content\/uploads\/2025\/06\/WhatsApp-Image-2025-06-24-at-10.28.21-1-1.jpeg\",\"datePublished\":\"2025-06-24T08:31:18+00:00\",\"dateModified\":\"2025-09-12T18:53:51+00:00\",\"description\":\"Bring a touch of modernity and practicality to your home with this braided magnetic curtain tieback. Its elegant design, combined with contemporary metal finials, makes it both functional and decorative.\",\"breadcrumb\":{\"@id\":\"https:\/\/www.haysondeco.com\/en\/product\/magnet-concerto\/#breadcrumb\"},\"inLanguage\":\"en-US\",\"potentialAction\":[{\"@type\":\"ReadAction\",\"target\":[\"https:\/\/www.haysondeco.com\/en\/product\/magnet-concerto\/\"]}]},{\"@type\":\"ImageObject\",\"inLanguage\":\"en-US\",\"@id\":\"https:\/\/www.haysondeco.com\/en\/product\/magnet-concerto\/#primaryimage\",\"url\":\"https:\/\/www.haysondeco.com\/wp-content\/uploads\/2025\/06\/WhatsApp-Image-2025-06-24-at-10.28.21-1-1.jpeg\",\"contentUrl\":\"https:\/\/www.haysondeco.com\/wp-content\/uploads\/2025\/06\/WhatsApp-Image-2025-06-24-at-10.28.21-1-1.jpeg\",\"width\":600,\"height\":800},{\"@type\":\"BreadcrumbList\",\"@id\":\"https:\/\/www.haysondeco.com\/en\/product\/magnet-concerto\/#breadcrumb\",\"itemListElement\":[{\"@type\":\"ListItem\",\"position\":1,\"name\":\"Accueil\",\"item\":\"https:\/\/www.haysondeco.com\/en\/\"},{\"@type\":\"ListItem\",\"position\":2,\"name\":\"Shop\",\"item\":\"https:\/\/www.haysondeco.com\/shop-2\/\"},{\"@type\":\"ListItem\",\"position\":3,\"name\":\"MAGNET CONCERTO\"}]},{\"@type\":\"WebSite\",\"@id\":\"https:\/\/www.haysondeco.com\/#website\",\"url\":\"https:\/\/www.haysondeco.com\/\",\"name\":\"Hayson Deco Tunisie\",\"description\":\"Confection sur mesure, conseil d\u00e9co et mat\u00e9riaux de qualit\u00e9\",\"publisher\":{\"@id\":\"https:\/\/www.haysondeco.com\/#organization\"},\"potentialAction\":[{\"@type\":\"SearchAction\",\"target\":{\"@type\":\"EntryPoint\",\"urlTemplate\":\"https:\/\/www.haysondeco.com\/?s={search_term_string}\"},\"query-input\":{\"@type\":\"PropertyValueSpecification\",\"valueRequired\":true,\"valueName\":\"search_term_string\"}}],\"inLanguage\":\"en-US\"},{\"@type\":\"Organization\",\"@id\":\"https:\/\/www.haysondeco.com\/#organization\",\"name\":\"Hayson Deco Tunisie\",\"url\":\"https:\/\/www.haysondeco.com\/\",\"logo\":{\"@type\":\"ImageObject\",\"inLanguage\":\"en-US\",\"@id\":\"https:\/\/www.haysondeco.com\/#\/schema\/logo\/image\/\",\"url\":\"https:\/\/www.haysondeco.com\/wp-content\/uploads\/2023\/11\/logo-hayson.png\",\"contentUrl\":\"https:\/\/www.haysondeco.com\/wp-content\/uploads\/2023\/11\/logo-hayson.png\",\"width\":151,\"height\":34,\"caption\":\"Hayson Deco Tunisie\"},\"image\":{\"@id\":\"https:\/\/www.haysondeco.com\/#\/schema\/logo\/image\/\"},\"sameAs\":[\"https:\/\/www.facebook.com\/HaysonDeco\",\"https:\/\/www.instagram.com\/hayson_deco\/?hl=fr\"]}]}<\/script>\n<!-- \/ Yoast SEO plugin. -->","yoast_head_json":{"title":"MAGNET CONCERTO | Hayson Deco Tunisie","description":"Bring a touch of modernity and practicality to your home with this braided magnetic curtain tieback. Its elegant design, combined with contemporary metal finials, makes it both functional and decorative.","robots":{"index":"index","follow":"follow","max-snippet":"max-snippet:-1","max-image-preview":"max-image-preview:large","max-video-preview":"max-video-preview:-1"},"canonical":"https:\/\/www.haysondeco.com\/en\/product\/magnet-concerto\/","og_locale":"en_US","og_type":"article","og_title":"MAGNET CONCERTO | Hayson Deco Tunisie","og_description":"Bring a touch of modernity and practicality to your home with this braided magnetic curtain tieback. Its elegant design, combined with contemporary metal finials, makes it both functional and decorative.","og_url":"https:\/\/www.haysondeco.com\/en\/product\/magnet-concerto\/","og_site_name":"Hayson Deco Tunisie","article_publisher":"https:\/\/www.facebook.com\/HaysonDeco","article_modified_time":"2025-09-12T18:53:51+00:00","og_image":[{"width":600,"height":800,"url":"https:\/\/www.haysondeco.com\/wp-content\/uploads\/2025\/06\/WhatsApp-Image-2025-06-24-at-10.28.21-1-1.jpeg","type":"image\/jpeg"}],"twitter_card":"summary_large_image","schema":{"@context":"https:\/\/schema.org","@graph":[{"@type":"WebPage","@id":"https:\/\/www.haysondeco.com\/en\/product\/magnet-concerto\/","url":"https:\/\/www.haysondeco.com\/en\/product\/magnet-concerto\/","name":"MAGNET CONCERTO | Hayson Deco Tunisie","isPartOf":{"@id":"https:\/\/www.haysondeco.com\/#website"},"primaryImageOfPage":{"@id":"https:\/\/www.haysondeco.com\/en\/product\/magnet-concerto\/#primaryimage"},"image":{"@id":"https:\/\/www.haysondeco.com\/en\/product\/magnet-concerto\/#primaryimage"},"thumbnailUrl":"https:\/\/www.haysondeco.com\/wp-content\/uploads\/2025\/06\/WhatsApp-Image-2025-06-24-at-10.28.21-1-1.jpeg","datePublished":"2025-06-24T08:31:18+00:00","dateModified":"2025-09-12T18:53:51+00:00","description":"Bring a touch of modernity and practicality to your home with this braided magnetic curtain tieback. Its elegant design, combined with contemporary metal finials, makes it both functional and decorative.","breadcrumb":{"@id":"https:\/\/www.haysondeco.com\/en\/product\/magnet-concerto\/#breadcrumb"},"inLanguage":"en-US","potentialAction":[{"@type":"ReadAction","target":["https:\/\/www.haysondeco.com\/en\/product\/magnet-concerto\/"]}]},{"@type":"ImageObject","inLanguage":"en-US","@id":"https:\/\/www.haysondeco.com\/en\/product\/magnet-concerto\/#primaryimage","url":"https:\/\/www.haysondeco.com\/wp-content\/uploads\/2025\/06\/WhatsApp-Image-2025-06-24-at-10.28.21-1-1.jpeg","contentUrl":"https:\/\/www.haysondeco.com\/wp-content\/uploads\/2025\/06\/WhatsApp-Image-2025-06-24-at-10.28.21-1-1.jpeg","width":600,"height":800},{"@type":"BreadcrumbList","@id":"https:\/\/www.haysondeco.com\/en\/product\/magnet-concerto\/#breadcrumb","itemListElement":[{"@type":"ListItem","position":1,"name":"Accueil","item":"https:\/\/www.haysondeco.com\/en\/"},{"@type":"ListItem","position":2,"name":"Shop","item":"https:\/\/www.haysondeco.com\/shop-2\/"},{"@type":"ListItem","position":3,"name":"MAGNET CONCERTO"}]},{"@type":"WebSite","@id":"https:\/\/www.haysondeco.com\/#website","url":"https:\/\/www.haysondeco.com\/","name":"Hayson Deco Tunisie","description":"Confection sur mesure, conseil d\u00e9co et mat\u00e9riaux de qualit\u00e9","publisher":{"@id":"https:\/\/www.haysondeco.com\/#organization"},"potentialAction":[{"@type":"SearchAction","target":{"@type":"EntryPoint","urlTemplate":"https:\/\/www.haysondeco.com\/?s={search_term_string}"},"query-input":{"@type":"PropertyValueSpecification","valueRequired":true,"valueName":"search_term_string"}}],"inLanguage":"en-US"},{"@type":"Organization","@id":"https:\/\/www.haysondeco.com\/#organization","name":"Hayson Deco Tunisie","url":"https:\/\/www.haysondeco.com\/","logo":{"@type":"ImageObject","inLanguage":"en-US","@id":"https:\/\/www.haysondeco.com\/#\/schema\/logo\/image\/","url":"https:\/\/www.haysondeco.com\/wp-content\/uploads\/2023\/11\/logo-hayson.png","contentUrl":"https:\/\/www.haysondeco.com\/wp-content\/uploads\/2023\/11\/logo-hayson.png","width":151,"height":34,"caption":"Hayson Deco Tunisie"},"image":{"@id":"https:\/\/www.haysondeco.com\/#\/schema\/logo\/image\/"},"sameAs":["https:\/\/www.facebook.com\/HaysonDeco","https:\/\/www.instagram.com\/hayson_deco\/?hl=fr"]}]}},"_links":{"self":[{"href":"https:\/\/www.haysondeco.com\/en\/wp-json\/wp\/v2\/product\/19203","targetHints":{"allow":["GET"]}}],"collection":[{"href":"https:\/\/www.haysondeco.com\/en\/wp-json\/wp\/v2\/product"}],"about":[{"href":"https:\/\/www.haysondeco.com\/en\/wp-json\/wp\/v2\/types\/product"}],"wp:featuredmedia":[{"embeddable":true,"href":"https:\/\/www.haysondeco.com\/en\/wp-json\/wp\/v2\/media\/16531"}],"wp:attachment":[{"href":"https:\/\/www.haysondeco.com\/en\/wp-json\/wp\/v2\/media?parent=19203"}],"wp:term":[{"taxonomy":"product_brand","embeddable":true,"href":"https:\/\/www.haysondeco.com\/en\/wp-json\/wp\/v2\/product_brand?post=19203"},{"taxonomy":"product_cat","embeddable":true,"href":"https:\/\/www.haysondeco.com\/en\/wp-json\/wp\/v2\/product_cat?post=19203"},{"taxonomy":"product_tag","embeddable":true,"href":"https:\/\/www.haysondeco.com\/en\/wp-json\/wp\/v2\/product_tag?post=19203"}],"curies":[{"name":"wp","href":"https:\/\/api.w.org\/{rel}","templated":true}]}}