{"id":20376,"date":"2025-10-10T16:20:11","date_gmt":"2025-10-10T15:20:11","guid":{"rendered":"https:\/\/www.haysondeco.com\/?post_type=product&#038;p=20376"},"modified":"2025-10-10T16:20:12","modified_gmt":"2025-10-10T15:20:12","slug":"toile-de-jouy-decorative-cushion","status":"publish","type":"product","link":"https:\/\/www.haysondeco.com\/en\/product\/toile-de-jouy-decorative-cushion\/","title":{"rendered":"Toile de Jouy Decorative Cushion"},"content":{"rendered":"","protected":false},"excerpt":{"rendered":"<p data-start=\"104\" data-end=\"142\"><strong data-start=\"104\" data-end=\"140\">Toile de Jouy Decorative Cushion<\/strong><\/p>\n<p data-start=\"144\" data-end=\"397\">Add a touch of elegance to your interior with this Toile de Jouy decorative cushion in refined shades of gray and white. Its fabric showcases delicate pastoral scenes inspired by French tradition, embodying sophistication and the French art of living.<\/p>\n<p data-start=\"399\" data-end=\"427\"><strong data-start=\"399\" data-end=\"414\">Dimensions:<\/strong> 50 x 35 cm<\/p>\n","protected":false},"featured_media":20369,"template":"","meta":{"_acf_changed":false,"inline_featured_image":false,"_joinchat":[]},"product_brand":[],"product_cat":[109],"product_tag":[],"class_list":{"0":"post-20376","1":"product","2":"type-product","3":"status-publish","4":"has-post-thumbnail","6":"product_cat-cushions","8":"first","9":"instock","10":"sale","11":"shipping-taxable","12":"purchasable","13":"product-type-simple"},"acf":[],"yoast_head":"<!-- This site is optimized with the Yoast SEO plugin v26.0 - https:\/\/yoast.com\/wordpress\/plugins\/seo\/ -->\n<title>Toile de Jouy Decorative Cushion | Hayson Deco Tunisia<\/title>\n<meta name=\"description\" content=\"Toile de Jouy Decorative Cushion : Classic elegance and charm to add a chic touch and elevate your interior. Available in-store and online.\" \/>\n<meta name=\"robots\" content=\"index, follow, max-snippet:-1, max-image-preview:large, max-video-preview:-1\" \/>\n<link rel=\"canonical\" href=\"https:\/\/www.haysondeco.com\/en\/product\/toile-de-jouy-decorative-cushion\/\" \/>\n<meta property=\"og:locale\" content=\"en_US\" \/>\n<meta property=\"og:type\" content=\"article\" \/>\n<meta property=\"og:title\" content=\"Toile de Jouy Decorative Cushion | Hayson Deco Tunisia\" \/>\n<meta property=\"og:description\" content=\"Toile de Jouy Decorative Cushion : Classic elegance and charm to add a chic touch and elevate your interior. Available in-store and online.\" \/>\n<meta property=\"og:url\" content=\"https:\/\/www.haysondeco.com\/en\/product\/toile-de-jouy-decorative-cushion\/\" \/>\n<meta property=\"og:site_name\" content=\"Hayson Deco Tunisie\" \/>\n<meta property=\"article:publisher\" content=\"https:\/\/www.facebook.com\/HaysonDeco\" \/>\n<meta property=\"article:modified_time\" content=\"2025-10-10T15:20:12+00:00\" \/>\n<meta property=\"og:image\" content=\"https:\/\/www.haysondeco.com\/wp-content\/uploads\/2025\/10\/005.png\" \/>\n\t<meta property=\"og:image:width\" content=\"1080\" \/>\n\t<meta property=\"og:image:height\" content=\"1080\" \/>\n\t<meta property=\"og:image:type\" content=\"image\/png\" \/>\n<meta name=\"twitter:card\" content=\"summary_large_image\" \/>\n<meta name=\"twitter:label1\" content=\"Est. reading time\" \/>\n\t<meta name=\"twitter:data1\" content=\"1 minute\" \/>\n<script type=\"application\/ld+json\" class=\"yoast-schema-graph\">{\"@context\":\"https:\/\/schema.org\",\"@graph\":[{\"@type\":\"WebPage\",\"@id\":\"https:\/\/www.haysondeco.com\/en\/product\/toile-de-jouy-decorative-cushion\/\",\"url\":\"https:\/\/www.haysondeco.com\/en\/product\/toile-de-jouy-decorative-cushion\/\",\"name\":\"Toile de Jouy Decorative Cushion | Hayson Deco Tunisia\",\"isPartOf\":{\"@id\":\"https:\/\/www.haysondeco.com\/#website\"},\"primaryImageOfPage\":{\"@id\":\"https:\/\/www.haysondeco.com\/en\/product\/toile-de-jouy-decorative-cushion\/#primaryimage\"},\"image\":{\"@id\":\"https:\/\/www.haysondeco.com\/en\/product\/toile-de-jouy-decorative-cushion\/#primaryimage\"},\"thumbnailUrl\":\"https:\/\/www.haysondeco.com\/wp-content\/uploads\/2025\/10\/005.png\",\"datePublished\":\"2025-10-10T15:20:11+00:00\",\"dateModified\":\"2025-10-10T15:20:12+00:00\",\"description\":\"Toile de Jouy Decorative Cushion : Classic elegance and charm to add a chic touch and elevate your interior. Available in-store and online.\",\"breadcrumb\":{\"@id\":\"https:\/\/www.haysondeco.com\/en\/product\/toile-de-jouy-decorative-cushion\/#breadcrumb\"},\"inLanguage\":\"en-US\",\"potentialAction\":[{\"@type\":\"ReadAction\",\"target\":[\"https:\/\/www.haysondeco.com\/en\/product\/toile-de-jouy-decorative-cushion\/\"]}]},{\"@type\":\"ImageObject\",\"inLanguage\":\"en-US\",\"@id\":\"https:\/\/www.haysondeco.com\/en\/product\/toile-de-jouy-decorative-cushion\/#primaryimage\",\"url\":\"https:\/\/www.haysondeco.com\/wp-content\/uploads\/2025\/10\/005.png\",\"contentUrl\":\"https:\/\/www.haysondeco.com\/wp-content\/uploads\/2025\/10\/005.png\",\"width\":1080,\"height\":1080,\"caption\":\"Decorative Cushion\"},{\"@type\":\"BreadcrumbList\",\"@id\":\"https:\/\/www.haysondeco.com\/en\/product\/toile-de-jouy-decorative-cushion\/#breadcrumb\",\"itemListElement\":[{\"@type\":\"ListItem\",\"position\":1,\"name\":\"Accueil\",\"item\":\"https:\/\/www.haysondeco.com\/en\/\"},{\"@type\":\"ListItem\",\"position\":2,\"name\":\"Shop\",\"item\":\"https:\/\/www.haysondeco.com\/shop-2\/\"},{\"@type\":\"ListItem\",\"position\":3,\"name\":\"Toile de Jouy Decorative Cushion\"}]},{\"@type\":\"WebSite\",\"@id\":\"https:\/\/www.haysondeco.com\/#website\",\"url\":\"https:\/\/www.haysondeco.com\/\",\"name\":\"Hayson Deco Tunisie\",\"description\":\"Confection sur mesure, conseil d\u00e9co et mat\u00e9riaux de qualit\u00e9\",\"publisher\":{\"@id\":\"https:\/\/www.haysondeco.com\/#organization\"},\"potentialAction\":[{\"@type\":\"SearchAction\",\"target\":{\"@type\":\"EntryPoint\",\"urlTemplate\":\"https:\/\/www.haysondeco.com\/?s={search_term_string}\"},\"query-input\":{\"@type\":\"PropertyValueSpecification\",\"valueRequired\":true,\"valueName\":\"search_term_string\"}}],\"inLanguage\":\"en-US\"},{\"@type\":\"Organization\",\"@id\":\"https:\/\/www.haysondeco.com\/#organization\",\"name\":\"Hayson Deco Tunisie\",\"url\":\"https:\/\/www.haysondeco.com\/\",\"logo\":{\"@type\":\"ImageObject\",\"inLanguage\":\"en-US\",\"@id\":\"https:\/\/www.haysondeco.com\/#\/schema\/logo\/image\/\",\"url\":\"https:\/\/www.haysondeco.com\/wp-content\/uploads\/2023\/11\/logo-hayson.png\",\"contentUrl\":\"https:\/\/www.haysondeco.com\/wp-content\/uploads\/2023\/11\/logo-hayson.png\",\"width\":151,\"height\":34,\"caption\":\"Hayson Deco Tunisie\"},\"image\":{\"@id\":\"https:\/\/www.haysondeco.com\/#\/schema\/logo\/image\/\"},\"sameAs\":[\"https:\/\/www.facebook.com\/HaysonDeco\",\"https:\/\/www.instagram.com\/hayson_deco\/?hl=fr\"]}]}<\/script>\n<!-- \/ Yoast SEO plugin. -->","yoast_head_json":{"title":"Toile de Jouy Decorative Cushion | Hayson Deco Tunisia","description":"Toile de Jouy Decorative Cushion : Classic elegance and charm to add a chic touch and elevate your interior. Available in-store and online.","robots":{"index":"index","follow":"follow","max-snippet":"max-snippet:-1","max-image-preview":"max-image-preview:large","max-video-preview":"max-video-preview:-1"},"canonical":"https:\/\/www.haysondeco.com\/en\/product\/toile-de-jouy-decorative-cushion\/","og_locale":"en_US","og_type":"article","og_title":"Toile de Jouy Decorative Cushion | Hayson Deco Tunisia","og_description":"Toile de Jouy Decorative Cushion : Classic elegance and charm to add a chic touch and elevate your interior. Available in-store and online.","og_url":"https:\/\/www.haysondeco.com\/en\/product\/toile-de-jouy-decorative-cushion\/","og_site_name":"Hayson Deco Tunisie","article_publisher":"https:\/\/www.facebook.com\/HaysonDeco","article_modified_time":"2025-10-10T15:20:12+00:00","og_image":[{"width":1080,"height":1080,"url":"https:\/\/www.haysondeco.com\/wp-content\/uploads\/2025\/10\/005.png","type":"image\/png"}],"twitter_card":"summary_large_image","twitter_misc":{"Est. reading time":"1 minute"},"schema":{"@context":"https:\/\/schema.org","@graph":[{"@type":"WebPage","@id":"https:\/\/www.haysondeco.com\/en\/product\/toile-de-jouy-decorative-cushion\/","url":"https:\/\/www.haysondeco.com\/en\/product\/toile-de-jouy-decorative-cushion\/","name":"Toile de Jouy Decorative Cushion | Hayson Deco Tunisia","isPartOf":{"@id":"https:\/\/www.haysondeco.com\/#website"},"primaryImageOfPage":{"@id":"https:\/\/www.haysondeco.com\/en\/product\/toile-de-jouy-decorative-cushion\/#primaryimage"},"image":{"@id":"https:\/\/www.haysondeco.com\/en\/product\/toile-de-jouy-decorative-cushion\/#primaryimage"},"thumbnailUrl":"https:\/\/www.haysondeco.com\/wp-content\/uploads\/2025\/10\/005.png","datePublished":"2025-10-10T15:20:11+00:00","dateModified":"2025-10-10T15:20:12+00:00","description":"Toile de Jouy Decorative Cushion : Classic elegance and charm to add a chic touch and elevate your interior. Available in-store and online.","breadcrumb":{"@id":"https:\/\/www.haysondeco.com\/en\/product\/toile-de-jouy-decorative-cushion\/#breadcrumb"},"inLanguage":"en-US","potentialAction":[{"@type":"ReadAction","target":["https:\/\/www.haysondeco.com\/en\/product\/toile-de-jouy-decorative-cushion\/"]}]},{"@type":"ImageObject","inLanguage":"en-US","@id":"https:\/\/www.haysondeco.com\/en\/product\/toile-de-jouy-decorative-cushion\/#primaryimage","url":"https:\/\/www.haysondeco.com\/wp-content\/uploads\/2025\/10\/005.png","contentUrl":"https:\/\/www.haysondeco.com\/wp-content\/uploads\/2025\/10\/005.png","width":1080,"height":1080,"caption":"Decorative Cushion"},{"@type":"BreadcrumbList","@id":"https:\/\/www.haysondeco.com\/en\/product\/toile-de-jouy-decorative-cushion\/#breadcrumb","itemListElement":[{"@type":"ListItem","position":1,"name":"Accueil","item":"https:\/\/www.haysondeco.com\/en\/"},{"@type":"ListItem","position":2,"name":"Shop","item":"https:\/\/www.haysondeco.com\/shop-2\/"},{"@type":"ListItem","position":3,"name":"Toile de Jouy Decorative Cushion"}]},{"@type":"WebSite","@id":"https:\/\/www.haysondeco.com\/#website","url":"https:\/\/www.haysondeco.com\/","name":"Hayson Deco Tunisie","description":"Confection sur mesure, conseil d\u00e9co et mat\u00e9riaux de qualit\u00e9","publisher":{"@id":"https:\/\/www.haysondeco.com\/#organization"},"potentialAction":[{"@type":"SearchAction","target":{"@type":"EntryPoint","urlTemplate":"https:\/\/www.haysondeco.com\/?s={search_term_string}"},"query-input":{"@type":"PropertyValueSpecification","valueRequired":true,"valueName":"search_term_string"}}],"inLanguage":"en-US"},{"@type":"Organization","@id":"https:\/\/www.haysondeco.com\/#organization","name":"Hayson Deco Tunisie","url":"https:\/\/www.haysondeco.com\/","logo":{"@type":"ImageObject","inLanguage":"en-US","@id":"https:\/\/www.haysondeco.com\/#\/schema\/logo\/image\/","url":"https:\/\/www.haysondeco.com\/wp-content\/uploads\/2023\/11\/logo-hayson.png","contentUrl":"https:\/\/www.haysondeco.com\/wp-content\/uploads\/2023\/11\/logo-hayson.png","width":151,"height":34,"caption":"Hayson Deco Tunisie"},"image":{"@id":"https:\/\/www.haysondeco.com\/#\/schema\/logo\/image\/"},"sameAs":["https:\/\/www.facebook.com\/HaysonDeco","https:\/\/www.instagram.com\/hayson_deco\/?hl=fr"]}]}},"_links":{"self":[{"href":"https:\/\/www.haysondeco.com\/en\/wp-json\/wp\/v2\/product\/20376","targetHints":{"allow":["GET"]}}],"collection":[{"href":"https:\/\/www.haysondeco.com\/en\/wp-json\/wp\/v2\/product"}],"about":[{"href":"https:\/\/www.haysondeco.com\/en\/wp-json\/wp\/v2\/types\/product"}],"wp:featuredmedia":[{"embeddable":true,"href":"https:\/\/www.haysondeco.com\/en\/wp-json\/wp\/v2\/media\/20369"}],"wp:attachment":[{"href":"https:\/\/www.haysondeco.com\/en\/wp-json\/wp\/v2\/media?parent=20376"}],"wp:term":[{"taxonomy":"product_brand","embeddable":true,"href":"https:\/\/www.haysondeco.com\/en\/wp-json\/wp\/v2\/product_brand?post=20376"},{"taxonomy":"product_cat","embeddable":true,"href":"https:\/\/www.haysondeco.com\/en\/wp-json\/wp\/v2\/product_cat?post=20376"},{"taxonomy":"product_tag","embeddable":true,"href":"https:\/\/www.haysondeco.com\/en\/wp-json\/wp\/v2\/product_tag?post=20376"}],"curies":[{"name":"wp","href":"https:\/\/api.w.org\/{rel}","templated":true}]}}