{"id":20532,"date":"2026-01-26T15:43:36","date_gmt":"2026-01-26T14:43:36","guid":{"rendered":"https:\/\/www.haysondeco.com\/?post_type=product&#038;p=20532"},"modified":"2026-01-27T11:22:31","modified_gmt":"2026-01-27T10:22:31","slug":"parma-flower-cushion","status":"publish","type":"product","link":"https:\/\/www.haysondeco.com\/en\/product\/parma-flower-cushion\/","title":{"rendered":"Decorative Parma Flower Cushion"},"content":{"rendered":"","protected":false},"excerpt":{"rendered":"<p data-start=\"64\" data-end=\"88\"><strong data-start=\"64\" data-end=\"88\">Parma Flower Cushion<\/strong><\/p>\n<p data-start=\"90\" data-end=\"227\">A timeless decorative piece that blends effortlessly with various interior styles. Perfect for adding a refined touch to your home d\u00e9cor.<\/p>\n<p data-start=\"229\" data-end=\"315\">Its 40 \u00d7 40 cm size makes it ideal both as an accent cushion and for everyday comfort.<\/p>\n<p data-start=\"317\" data-end=\"343\"><strong data-start=\"317\" data-end=\"332\">Dimensions:<\/strong> 40 \u00d7 40 cm<\/p>\n","protected":false},"featured_media":20531,"template":"","meta":{"_acf_changed":false,"inline_featured_image":false,"_joinchat":[]},"product_brand":[],"product_cat":[109,115],"product_tag":[],"class_list":{"0":"post-20532","1":"product","2":"type-product","3":"status-publish","4":"has-post-thumbnail","6":"product_cat-cushions","7":"product_cat-uncategorized-en","9":"first","10":"instock","11":"shipping-taxable","12":"purchasable","13":"product-type-simple"},"acf":[],"yoast_head":"<!-- This site is optimized with the Yoast SEO plugin v26.0 - https:\/\/yoast.com\/wordpress\/plugins\/seo\/ -->\n<title>Decorative Cushion Parma Flower | Hayson Deco Tunisie<\/title>\n<meta name=\"description\" content=\"Decorative cushion Parma Flower, a cushion that brings a touch of softness to your decoration thanks to its delicate tones and elegant style.\" \/>\n<meta name=\"robots\" content=\"index, follow, max-snippet:-1, max-image-preview:large, max-video-preview:-1\" \/>\n<link rel=\"canonical\" href=\"https:\/\/www.haysondeco.com\/en\/product\/parma-flower-cushion\/\" \/>\n<meta property=\"og:locale\" content=\"en_US\" \/>\n<meta property=\"og:type\" content=\"article\" \/>\n<meta property=\"og:title\" content=\"Decorative Cushion Parma Flower | Hayson Deco Tunisie\" \/>\n<meta property=\"og:description\" content=\"Decorative cushion Parma Flower, a cushion that brings a touch of softness to your decoration thanks to its delicate tones and elegant style.\" \/>\n<meta property=\"og:url\" content=\"https:\/\/www.haysondeco.com\/en\/product\/parma-flower-cushion\/\" \/>\n<meta property=\"og:site_name\" content=\"Hayson Deco Tunisie\" \/>\n<meta property=\"article:publisher\" content=\"https:\/\/www.facebook.com\/HaysonDeco\" \/>\n<meta property=\"article:modified_time\" content=\"2026-01-27T10:22:31+00:00\" \/>\n<meta property=\"og:image\" content=\"https:\/\/www.haysondeco.com\/wp-content\/uploads\/2026\/01\/FLEUR-PARME-scaled.jpg\" \/>\n\t<meta property=\"og:image:width\" content=\"2560\" \/>\n\t<meta property=\"og:image:height\" content=\"2560\" \/>\n\t<meta property=\"og:image:type\" content=\"image\/jpeg\" \/>\n<meta name=\"twitter:card\" content=\"summary_large_image\" \/>\n<meta name=\"twitter:label1\" content=\"Est. reading time\" \/>\n\t<meta name=\"twitter:data1\" content=\"1 minute\" \/>\n<script type=\"application\/ld+json\" class=\"yoast-schema-graph\">{\"@context\":\"https:\/\/schema.org\",\"@graph\":[{\"@type\":\"WebPage\",\"@id\":\"https:\/\/www.haysondeco.com\/en\/product\/parma-flower-cushion\/\",\"url\":\"https:\/\/www.haysondeco.com\/en\/product\/parma-flower-cushion\/\",\"name\":\"Decorative Cushion Parma Flower | Hayson Deco Tunisie\",\"isPartOf\":{\"@id\":\"https:\/\/www.haysondeco.com\/#website\"},\"primaryImageOfPage\":{\"@id\":\"https:\/\/www.haysondeco.com\/en\/product\/parma-flower-cushion\/#primaryimage\"},\"image\":{\"@id\":\"https:\/\/www.haysondeco.com\/en\/product\/parma-flower-cushion\/#primaryimage\"},\"thumbnailUrl\":\"https:\/\/www.haysondeco.com\/wp-content\/uploads\/2026\/01\/FLEUR-PARME-scaled.jpg\",\"datePublished\":\"2026-01-26T14:43:36+00:00\",\"dateModified\":\"2026-01-27T10:22:31+00:00\",\"description\":\"Decorative cushion Parma Flower, a cushion that brings a touch of softness to your decoration thanks to its delicate tones and elegant style.\",\"breadcrumb\":{\"@id\":\"https:\/\/www.haysondeco.com\/en\/product\/parma-flower-cushion\/#breadcrumb\"},\"inLanguage\":\"en-US\",\"potentialAction\":[{\"@type\":\"ReadAction\",\"target\":[\"https:\/\/www.haysondeco.com\/en\/product\/parma-flower-cushion\/\"]}]},{\"@type\":\"ImageObject\",\"inLanguage\":\"en-US\",\"@id\":\"https:\/\/www.haysondeco.com\/en\/product\/parma-flower-cushion\/#primaryimage\",\"url\":\"https:\/\/www.haysondeco.com\/wp-content\/uploads\/2026\/01\/FLEUR-PARME-scaled.jpg\",\"contentUrl\":\"https:\/\/www.haysondeco.com\/wp-content\/uploads\/2026\/01\/FLEUR-PARME-scaled.jpg\",\"width\":2560,\"height\":2560,\"caption\":\"Decorative Cushion Parma Flower\"},{\"@type\":\"BreadcrumbList\",\"@id\":\"https:\/\/www.haysondeco.com\/en\/product\/parma-flower-cushion\/#breadcrumb\",\"itemListElement\":[{\"@type\":\"ListItem\",\"position\":1,\"name\":\"Accueil\",\"item\":\"https:\/\/www.haysondeco.com\/en\/\"},{\"@type\":\"ListItem\",\"position\":2,\"name\":\"Shop\",\"item\":\"https:\/\/www.haysondeco.com\/shop-2\/\"},{\"@type\":\"ListItem\",\"position\":3,\"name\":\"Decorative Parma Flower Cushion\"}]},{\"@type\":\"WebSite\",\"@id\":\"https:\/\/www.haysondeco.com\/#website\",\"url\":\"https:\/\/www.haysondeco.com\/\",\"name\":\"Hayson Deco Tunisie\",\"description\":\"Confection sur mesure, conseil d\u00e9co et mat\u00e9riaux de qualit\u00e9\",\"publisher\":{\"@id\":\"https:\/\/www.haysondeco.com\/#organization\"},\"potentialAction\":[{\"@type\":\"SearchAction\",\"target\":{\"@type\":\"EntryPoint\",\"urlTemplate\":\"https:\/\/www.haysondeco.com\/?s={search_term_string}\"},\"query-input\":{\"@type\":\"PropertyValueSpecification\",\"valueRequired\":true,\"valueName\":\"search_term_string\"}}],\"inLanguage\":\"en-US\"},{\"@type\":\"Organization\",\"@id\":\"https:\/\/www.haysondeco.com\/#organization\",\"name\":\"Hayson Deco Tunisie\",\"url\":\"https:\/\/www.haysondeco.com\/\",\"logo\":{\"@type\":\"ImageObject\",\"inLanguage\":\"en-US\",\"@id\":\"https:\/\/www.haysondeco.com\/#\/schema\/logo\/image\/\",\"url\":\"https:\/\/www.haysondeco.com\/wp-content\/uploads\/2023\/11\/logo-hayson.png\",\"contentUrl\":\"https:\/\/www.haysondeco.com\/wp-content\/uploads\/2023\/11\/logo-hayson.png\",\"width\":151,\"height\":34,\"caption\":\"Hayson Deco Tunisie\"},\"image\":{\"@id\":\"https:\/\/www.haysondeco.com\/#\/schema\/logo\/image\/\"},\"sameAs\":[\"https:\/\/www.facebook.com\/HaysonDeco\",\"https:\/\/www.instagram.com\/hayson_deco\/?hl=fr\"]}]}<\/script>\n<!-- \/ Yoast SEO plugin. -->","yoast_head_json":{"title":"Decorative Cushion Parma Flower | Hayson Deco Tunisie","description":"Decorative cushion Parma Flower, a cushion that brings a touch of softness to your decoration thanks to its delicate tones and elegant style.","robots":{"index":"index","follow":"follow","max-snippet":"max-snippet:-1","max-image-preview":"max-image-preview:large","max-video-preview":"max-video-preview:-1"},"canonical":"https:\/\/www.haysondeco.com\/en\/product\/parma-flower-cushion\/","og_locale":"en_US","og_type":"article","og_title":"Decorative Cushion Parma Flower | Hayson Deco Tunisie","og_description":"Decorative cushion Parma Flower, a cushion that brings a touch of softness to your decoration thanks to its delicate tones and elegant style.","og_url":"https:\/\/www.haysondeco.com\/en\/product\/parma-flower-cushion\/","og_site_name":"Hayson Deco Tunisie","article_publisher":"https:\/\/www.facebook.com\/HaysonDeco","article_modified_time":"2026-01-27T10:22:31+00:00","og_image":[{"width":2560,"height":2560,"url":"https:\/\/www.haysondeco.com\/wp-content\/uploads\/2026\/01\/FLEUR-PARME-scaled.jpg","type":"image\/jpeg"}],"twitter_card":"summary_large_image","twitter_misc":{"Est. reading time":"1 minute"},"schema":{"@context":"https:\/\/schema.org","@graph":[{"@type":"WebPage","@id":"https:\/\/www.haysondeco.com\/en\/product\/parma-flower-cushion\/","url":"https:\/\/www.haysondeco.com\/en\/product\/parma-flower-cushion\/","name":"Decorative Cushion Parma Flower | Hayson Deco Tunisie","isPartOf":{"@id":"https:\/\/www.haysondeco.com\/#website"},"primaryImageOfPage":{"@id":"https:\/\/www.haysondeco.com\/en\/product\/parma-flower-cushion\/#primaryimage"},"image":{"@id":"https:\/\/www.haysondeco.com\/en\/product\/parma-flower-cushion\/#primaryimage"},"thumbnailUrl":"https:\/\/www.haysondeco.com\/wp-content\/uploads\/2026\/01\/FLEUR-PARME-scaled.jpg","datePublished":"2026-01-26T14:43:36+00:00","dateModified":"2026-01-27T10:22:31+00:00","description":"Decorative cushion Parma Flower, a cushion that brings a touch of softness to your decoration thanks to its delicate tones and elegant style.","breadcrumb":{"@id":"https:\/\/www.haysondeco.com\/en\/product\/parma-flower-cushion\/#breadcrumb"},"inLanguage":"en-US","potentialAction":[{"@type":"ReadAction","target":["https:\/\/www.haysondeco.com\/en\/product\/parma-flower-cushion\/"]}]},{"@type":"ImageObject","inLanguage":"en-US","@id":"https:\/\/www.haysondeco.com\/en\/product\/parma-flower-cushion\/#primaryimage","url":"https:\/\/www.haysondeco.com\/wp-content\/uploads\/2026\/01\/FLEUR-PARME-scaled.jpg","contentUrl":"https:\/\/www.haysondeco.com\/wp-content\/uploads\/2026\/01\/FLEUR-PARME-scaled.jpg","width":2560,"height":2560,"caption":"Decorative Cushion Parma Flower"},{"@type":"BreadcrumbList","@id":"https:\/\/www.haysondeco.com\/en\/product\/parma-flower-cushion\/#breadcrumb","itemListElement":[{"@type":"ListItem","position":1,"name":"Accueil","item":"https:\/\/www.haysondeco.com\/en\/"},{"@type":"ListItem","position":2,"name":"Shop","item":"https:\/\/www.haysondeco.com\/shop-2\/"},{"@type":"ListItem","position":3,"name":"Decorative Parma Flower Cushion"}]},{"@type":"WebSite","@id":"https:\/\/www.haysondeco.com\/#website","url":"https:\/\/www.haysondeco.com\/","name":"Hayson Deco Tunisie","description":"Confection sur mesure, conseil d\u00e9co et mat\u00e9riaux de qualit\u00e9","publisher":{"@id":"https:\/\/www.haysondeco.com\/#organization"},"potentialAction":[{"@type":"SearchAction","target":{"@type":"EntryPoint","urlTemplate":"https:\/\/www.haysondeco.com\/?s={search_term_string}"},"query-input":{"@type":"PropertyValueSpecification","valueRequired":true,"valueName":"search_term_string"}}],"inLanguage":"en-US"},{"@type":"Organization","@id":"https:\/\/www.haysondeco.com\/#organization","name":"Hayson Deco Tunisie","url":"https:\/\/www.haysondeco.com\/","logo":{"@type":"ImageObject","inLanguage":"en-US","@id":"https:\/\/www.haysondeco.com\/#\/schema\/logo\/image\/","url":"https:\/\/www.haysondeco.com\/wp-content\/uploads\/2023\/11\/logo-hayson.png","contentUrl":"https:\/\/www.haysondeco.com\/wp-content\/uploads\/2023\/11\/logo-hayson.png","width":151,"height":34,"caption":"Hayson Deco Tunisie"},"image":{"@id":"https:\/\/www.haysondeco.com\/#\/schema\/logo\/image\/"},"sameAs":["https:\/\/www.facebook.com\/HaysonDeco","https:\/\/www.instagram.com\/hayson_deco\/?hl=fr"]}]}},"_links":{"self":[{"href":"https:\/\/www.haysondeco.com\/en\/wp-json\/wp\/v2\/product\/20532","targetHints":{"allow":["GET"]}}],"collection":[{"href":"https:\/\/www.haysondeco.com\/en\/wp-json\/wp\/v2\/product"}],"about":[{"href":"https:\/\/www.haysondeco.com\/en\/wp-json\/wp\/v2\/types\/product"}],"wp:featuredmedia":[{"embeddable":true,"href":"https:\/\/www.haysondeco.com\/en\/wp-json\/wp\/v2\/media\/20531"}],"wp:attachment":[{"href":"https:\/\/www.haysondeco.com\/en\/wp-json\/wp\/v2\/media?parent=20532"}],"wp:term":[{"taxonomy":"product_brand","embeddable":true,"href":"https:\/\/www.haysondeco.com\/en\/wp-json\/wp\/v2\/product_brand?post=20532"},{"taxonomy":"product_cat","embeddable":true,"href":"https:\/\/www.haysondeco.com\/en\/wp-json\/wp\/v2\/product_cat?post=20532"},{"taxonomy":"product_tag","embeddable":true,"href":"https:\/\/www.haysondeco.com\/en\/wp-json\/wp\/v2\/product_tag?post=20532"}],"curies":[{"name":"wp","href":"https:\/\/api.w.org\/{rel}","templated":true}]}}