{"id":20537,"date":"2026-01-27T11:45:33","date_gmt":"2026-01-27T10:45:33","guid":{"rendered":"https:\/\/www.haysondeco.com\/?post_type=product&#038;p=20537"},"modified":"2026-01-27T11:46:44","modified_gmt":"2026-01-27T10:46:44","slug":"grey-beige-canvas-cushion","status":"publish","type":"product","link":"https:\/\/www.haysondeco.com\/en\/product\/grey-beige-canvas-cushion\/","title":{"rendered":"Grey &#038; Beige Canvas Cushion"},"content":{"rendered":"","protected":false},"excerpt":{"rendered":"<p data-start=\"86\" data-end=\"106\"><strong data-start=\"86\" data-end=\"104\">CANVAS CUSHION<\/strong><\/p>\n<p data-start=\"108\" data-end=\"242\">Grey and beige canvas cushion, 40 \u00d7 40 cm, featuring a contemporary style designed to elegantly enhance your sofa, armchair, or bed.<\/p>\n<p data-start=\"244\" data-end=\"272\"><strong data-start=\"244\" data-end=\"259\">Dimensions:<\/strong> 40 \u00d7 40 cm<\/p>\n","protected":false},"featured_media":20538,"template":"","meta":{"_acf_changed":false,"inline_featured_image":false,"_joinchat":[]},"product_brand":[],"product_cat":[109],"product_tag":[],"class_list":{"0":"post-20537","1":"product","2":"type-product","3":"status-publish","4":"has-post-thumbnail","6":"product_cat-cushions","8":"first","9":"instock","10":"shipping-taxable","11":"purchasable","12":"product-type-simple"},"acf":[],"yoast_head":"<!-- This site is optimized with the Yoast SEO plugin v26.0 - https:\/\/yoast.com\/wordpress\/plugins\/seo\/ -->\n<title>Grey &amp; Beige Canvas Cushion| Hayson Deco Tunisie<\/title>\n<meta name=\"description\" content=\"Grey &amp; Beige Canvas Cushion with a Chic Graphic Design, Perfect for Adding a Modern and Warm Touch to Your Interior D\u00e9cor.\" \/>\n<meta name=\"robots\" content=\"index, follow, max-snippet:-1, max-image-preview:large, max-video-preview:-1\" \/>\n<link rel=\"canonical\" href=\"https:\/\/www.haysondeco.com\/en\/product\/grey-beige-canvas-cushion\/\" \/>\n<meta property=\"og:locale\" content=\"en_US\" \/>\n<meta property=\"og:type\" content=\"article\" \/>\n<meta property=\"og:title\" content=\"Grey &amp; Beige Canvas Cushion| Hayson Deco Tunisie\" \/>\n<meta property=\"og:description\" content=\"Grey &amp; Beige Canvas Cushion with a Chic Graphic Design, Perfect for Adding a Modern and Warm Touch to Your Interior D\u00e9cor.\" \/>\n<meta property=\"og:url\" content=\"https:\/\/www.haysondeco.com\/en\/product\/grey-beige-canvas-cushion\/\" \/>\n<meta property=\"og:site_name\" content=\"Hayson Deco Tunisie\" \/>\n<meta property=\"article:publisher\" content=\"https:\/\/www.facebook.com\/HaysonDeco\" \/>\n<meta property=\"article:modified_time\" content=\"2026-01-27T10:46:44+00:00\" \/>\n<meta property=\"og:image\" content=\"https:\/\/www.haysondeco.com\/wp-content\/uploads\/2026\/01\/TOILE-NOIR-BEIGE-1-scaled.jpg\" \/>\n\t<meta property=\"og:image:width\" content=\"2560\" \/>\n\t<meta property=\"og:image:height\" content=\"2560\" \/>\n\t<meta property=\"og:image:type\" content=\"image\/jpeg\" \/>\n<meta name=\"twitter:card\" content=\"summary_large_image\" \/>\n<meta name=\"twitter:label1\" content=\"Est. reading time\" \/>\n\t<meta name=\"twitter:data1\" content=\"1 minute\" \/>\n<script type=\"application\/ld+json\" class=\"yoast-schema-graph\">{\"@context\":\"https:\/\/schema.org\",\"@graph\":[{\"@type\":\"WebPage\",\"@id\":\"https:\/\/www.haysondeco.com\/en\/product\/grey-beige-canvas-cushion\/\",\"url\":\"https:\/\/www.haysondeco.com\/en\/product\/grey-beige-canvas-cushion\/\",\"name\":\"Grey & Beige Canvas Cushion| Hayson Deco Tunisie\",\"isPartOf\":{\"@id\":\"https:\/\/www.haysondeco.com\/#website\"},\"primaryImageOfPage\":{\"@id\":\"https:\/\/www.haysondeco.com\/en\/product\/grey-beige-canvas-cushion\/#primaryimage\"},\"image\":{\"@id\":\"https:\/\/www.haysondeco.com\/en\/product\/grey-beige-canvas-cushion\/#primaryimage\"},\"thumbnailUrl\":\"https:\/\/www.haysondeco.com\/wp-content\/uploads\/2026\/01\/TOILE-NOIR-BEIGE-1-scaled.jpg\",\"datePublished\":\"2026-01-27T10:45:33+00:00\",\"dateModified\":\"2026-01-27T10:46:44+00:00\",\"description\":\"Grey & Beige Canvas Cushion with a Chic Graphic Design, Perfect for Adding a Modern and Warm Touch to Your Interior D\u00e9cor.\",\"breadcrumb\":{\"@id\":\"https:\/\/www.haysondeco.com\/en\/product\/grey-beige-canvas-cushion\/#breadcrumb\"},\"inLanguage\":\"en-US\",\"potentialAction\":[{\"@type\":\"ReadAction\",\"target\":[\"https:\/\/www.haysondeco.com\/en\/product\/grey-beige-canvas-cushion\/\"]}]},{\"@type\":\"ImageObject\",\"inLanguage\":\"en-US\",\"@id\":\"https:\/\/www.haysondeco.com\/en\/product\/grey-beige-canvas-cushion\/#primaryimage\",\"url\":\"https:\/\/www.haysondeco.com\/wp-content\/uploads\/2026\/01\/TOILE-NOIR-BEIGE-1-scaled.jpg\",\"contentUrl\":\"https:\/\/www.haysondeco.com\/wp-content\/uploads\/2026\/01\/TOILE-NOIR-BEIGE-1-scaled.jpg\",\"width\":2560,\"height\":2560,\"caption\":\"Grey & Beige Canvas Cushion\"},{\"@type\":\"BreadcrumbList\",\"@id\":\"https:\/\/www.haysondeco.com\/en\/product\/grey-beige-canvas-cushion\/#breadcrumb\",\"itemListElement\":[{\"@type\":\"ListItem\",\"position\":1,\"name\":\"Accueil\",\"item\":\"https:\/\/www.haysondeco.com\/en\/\"},{\"@type\":\"ListItem\",\"position\":2,\"name\":\"Shop\",\"item\":\"https:\/\/www.haysondeco.com\/shop-2\/\"},{\"@type\":\"ListItem\",\"position\":3,\"name\":\"Grey &#038; Beige Canvas Cushion\"}]},{\"@type\":\"WebSite\",\"@id\":\"https:\/\/www.haysondeco.com\/#website\",\"url\":\"https:\/\/www.haysondeco.com\/\",\"name\":\"Hayson Deco Tunisie\",\"description\":\"Confection sur mesure, conseil d\u00e9co et mat\u00e9riaux de qualit\u00e9\",\"publisher\":{\"@id\":\"https:\/\/www.haysondeco.com\/#organization\"},\"potentialAction\":[{\"@type\":\"SearchAction\",\"target\":{\"@type\":\"EntryPoint\",\"urlTemplate\":\"https:\/\/www.haysondeco.com\/?s={search_term_string}\"},\"query-input\":{\"@type\":\"PropertyValueSpecification\",\"valueRequired\":true,\"valueName\":\"search_term_string\"}}],\"inLanguage\":\"en-US\"},{\"@type\":\"Organization\",\"@id\":\"https:\/\/www.haysondeco.com\/#organization\",\"name\":\"Hayson Deco Tunisie\",\"url\":\"https:\/\/www.haysondeco.com\/\",\"logo\":{\"@type\":\"ImageObject\",\"inLanguage\":\"en-US\",\"@id\":\"https:\/\/www.haysondeco.com\/#\/schema\/logo\/image\/\",\"url\":\"https:\/\/www.haysondeco.com\/wp-content\/uploads\/2023\/11\/logo-hayson.png\",\"contentUrl\":\"https:\/\/www.haysondeco.com\/wp-content\/uploads\/2023\/11\/logo-hayson.png\",\"width\":151,\"height\":34,\"caption\":\"Hayson Deco Tunisie\"},\"image\":{\"@id\":\"https:\/\/www.haysondeco.com\/#\/schema\/logo\/image\/\"},\"sameAs\":[\"https:\/\/www.facebook.com\/HaysonDeco\",\"https:\/\/www.instagram.com\/hayson_deco\/?hl=fr\"]}]}<\/script>\n<!-- \/ Yoast SEO plugin. -->","yoast_head_json":{"title":"Grey & Beige Canvas Cushion| Hayson Deco Tunisie","description":"Grey & Beige Canvas Cushion with a Chic Graphic Design, Perfect for Adding a Modern and Warm Touch to Your Interior D\u00e9cor.","robots":{"index":"index","follow":"follow","max-snippet":"max-snippet:-1","max-image-preview":"max-image-preview:large","max-video-preview":"max-video-preview:-1"},"canonical":"https:\/\/www.haysondeco.com\/en\/product\/grey-beige-canvas-cushion\/","og_locale":"en_US","og_type":"article","og_title":"Grey & Beige Canvas Cushion| Hayson Deco Tunisie","og_description":"Grey & Beige Canvas Cushion with a Chic Graphic Design, Perfect for Adding a Modern and Warm Touch to Your Interior D\u00e9cor.","og_url":"https:\/\/www.haysondeco.com\/en\/product\/grey-beige-canvas-cushion\/","og_site_name":"Hayson Deco Tunisie","article_publisher":"https:\/\/www.facebook.com\/HaysonDeco","article_modified_time":"2026-01-27T10:46:44+00:00","og_image":[{"width":2560,"height":2560,"url":"https:\/\/www.haysondeco.com\/wp-content\/uploads\/2026\/01\/TOILE-NOIR-BEIGE-1-scaled.jpg","type":"image\/jpeg"}],"twitter_card":"summary_large_image","twitter_misc":{"Est. reading time":"1 minute"},"schema":{"@context":"https:\/\/schema.org","@graph":[{"@type":"WebPage","@id":"https:\/\/www.haysondeco.com\/en\/product\/grey-beige-canvas-cushion\/","url":"https:\/\/www.haysondeco.com\/en\/product\/grey-beige-canvas-cushion\/","name":"Grey & Beige Canvas Cushion| Hayson Deco Tunisie","isPartOf":{"@id":"https:\/\/www.haysondeco.com\/#website"},"primaryImageOfPage":{"@id":"https:\/\/www.haysondeco.com\/en\/product\/grey-beige-canvas-cushion\/#primaryimage"},"image":{"@id":"https:\/\/www.haysondeco.com\/en\/product\/grey-beige-canvas-cushion\/#primaryimage"},"thumbnailUrl":"https:\/\/www.haysondeco.com\/wp-content\/uploads\/2026\/01\/TOILE-NOIR-BEIGE-1-scaled.jpg","datePublished":"2026-01-27T10:45:33+00:00","dateModified":"2026-01-27T10:46:44+00:00","description":"Grey & Beige Canvas Cushion with a Chic Graphic Design, Perfect for Adding a Modern and Warm Touch to Your Interior D\u00e9cor.","breadcrumb":{"@id":"https:\/\/www.haysondeco.com\/en\/product\/grey-beige-canvas-cushion\/#breadcrumb"},"inLanguage":"en-US","potentialAction":[{"@type":"ReadAction","target":["https:\/\/www.haysondeco.com\/en\/product\/grey-beige-canvas-cushion\/"]}]},{"@type":"ImageObject","inLanguage":"en-US","@id":"https:\/\/www.haysondeco.com\/en\/product\/grey-beige-canvas-cushion\/#primaryimage","url":"https:\/\/www.haysondeco.com\/wp-content\/uploads\/2026\/01\/TOILE-NOIR-BEIGE-1-scaled.jpg","contentUrl":"https:\/\/www.haysondeco.com\/wp-content\/uploads\/2026\/01\/TOILE-NOIR-BEIGE-1-scaled.jpg","width":2560,"height":2560,"caption":"Grey & Beige Canvas Cushion"},{"@type":"BreadcrumbList","@id":"https:\/\/www.haysondeco.com\/en\/product\/grey-beige-canvas-cushion\/#breadcrumb","itemListElement":[{"@type":"ListItem","position":1,"name":"Accueil","item":"https:\/\/www.haysondeco.com\/en\/"},{"@type":"ListItem","position":2,"name":"Shop","item":"https:\/\/www.haysondeco.com\/shop-2\/"},{"@type":"ListItem","position":3,"name":"Grey &#038; Beige Canvas Cushion"}]},{"@type":"WebSite","@id":"https:\/\/www.haysondeco.com\/#website","url":"https:\/\/www.haysondeco.com\/","name":"Hayson Deco Tunisie","description":"Confection sur mesure, conseil d\u00e9co et mat\u00e9riaux de qualit\u00e9","publisher":{"@id":"https:\/\/www.haysondeco.com\/#organization"},"potentialAction":[{"@type":"SearchAction","target":{"@type":"EntryPoint","urlTemplate":"https:\/\/www.haysondeco.com\/?s={search_term_string}"},"query-input":{"@type":"PropertyValueSpecification","valueRequired":true,"valueName":"search_term_string"}}],"inLanguage":"en-US"},{"@type":"Organization","@id":"https:\/\/www.haysondeco.com\/#organization","name":"Hayson Deco Tunisie","url":"https:\/\/www.haysondeco.com\/","logo":{"@type":"ImageObject","inLanguage":"en-US","@id":"https:\/\/www.haysondeco.com\/#\/schema\/logo\/image\/","url":"https:\/\/www.haysondeco.com\/wp-content\/uploads\/2023\/11\/logo-hayson.png","contentUrl":"https:\/\/www.haysondeco.com\/wp-content\/uploads\/2023\/11\/logo-hayson.png","width":151,"height":34,"caption":"Hayson Deco Tunisie"},"image":{"@id":"https:\/\/www.haysondeco.com\/#\/schema\/logo\/image\/"},"sameAs":["https:\/\/www.facebook.com\/HaysonDeco","https:\/\/www.instagram.com\/hayson_deco\/?hl=fr"]}]}},"_links":{"self":[{"href":"https:\/\/www.haysondeco.com\/en\/wp-json\/wp\/v2\/product\/20537","targetHints":{"allow":["GET"]}}],"collection":[{"href":"https:\/\/www.haysondeco.com\/en\/wp-json\/wp\/v2\/product"}],"about":[{"href":"https:\/\/www.haysondeco.com\/en\/wp-json\/wp\/v2\/types\/product"}],"wp:featuredmedia":[{"embeddable":true,"href":"https:\/\/www.haysondeco.com\/en\/wp-json\/wp\/v2\/media\/20538"}],"wp:attachment":[{"href":"https:\/\/www.haysondeco.com\/en\/wp-json\/wp\/v2\/media?parent=20537"}],"wp:term":[{"taxonomy":"product_brand","embeddable":true,"href":"https:\/\/www.haysondeco.com\/en\/wp-json\/wp\/v2\/product_brand?post=20537"},{"taxonomy":"product_cat","embeddable":true,"href":"https:\/\/www.haysondeco.com\/en\/wp-json\/wp\/v2\/product_cat?post=20537"},{"taxonomy":"product_tag","embeddable":true,"href":"https:\/\/www.haysondeco.com\/en\/wp-json\/wp\/v2\/product_tag?post=20537"}],"curies":[{"name":"wp","href":"https:\/\/api.w.org\/{rel}","templated":true}]}}